{"id":9023,"date":"2022-02-06T23:48:16","date_gmt":"2022-02-07T04:48:16","guid":{"rendered":"https:\/\/csccanada.org\/parler-a-un-ancien-ou-a-une-ancienne\/"},"modified":"2022-08-28T21:41:27","modified_gmt":"2022-08-29T01:41:27","slug":"parler-a-un-ancien-ou-a-une-ancienne","status":"publish","type":"page","link":"https:\/\/csccanada.org\/fr\/parler-a-un-ancien-ou-a-une-ancienne\/","title":{"rendered":"Parler \u00e0 un ancien ou \u00e0 une ancienne"},"content":{"rendered":"<p><div class=\"fusion-fullwidth fullwidth-box fusion-builder-row-1 nonhundred-percent-fullwidth non-hundred-percent-height-scrolling\" style=\"--awb-border-radius-top-left:0px;--awb-border-radius-top-right:0px;--awb-border-radius-bottom-right:0px;--awb-border-radius-bottom-left:0px;--awb-margin-top:50px;--awb-flex-wrap:wrap;\" ><div class=\"fusion-builder-row fusion-row\"><div class=\"fusion-layout-column fusion_builder_column fusion-builder-column-0 fusion_builder_column_2_3 2_3 fusion-two-third fusion-column-first\" style=\"--awb-bg-size:cover;width:66.666666666667%;width:calc(66.666666666667% - ( ( 4% ) * 0.66666666666667 ) );margin-right: 4%;\"><div class=\"fusion-column-wrapper fusion-column-has-shadow fusion-flex-column-wrapper-legacy\"><div class=\"fusion-text fusion-text-1\"><p>Des anciens et anciennes de la Conf\u00e9rence des quatre coins du Commonwealth participent \u00e0 la planification de la 11<sup>e<\/sup> Conf\u00e9rence d\u2019\u00e9tude du Commonwealth qui se tiendra au Canada et l\u2019appuient. Ils sont disponibles pour aider les participantes et participants potentiels \u00e0 comprendre la valeur du programme. Si vous avez des questions, vous pouvez communiquer directement avec les responsables de la Conf\u00e9rence ou avec des anciens et anciennes de votre pays. L\u2019adresse courriel des anciens et anciennes est fournie ci-dessous. Si une personne de votre pays ne figure pas sur cette liste, veuillez \u00e9crire \u00e0 <a style=\"color: #493a60; font-weight: bold;\" href=\"mailto:contact@csccanada.org\" target=\"_blank\" rel=\"noopener\">contact@CSCCanada.org<\/a> <wbr><\/wbr>et nous r\u00e9pondrons avec plaisir \u00e0 vos questions ou demanderons \u00e0 un ancien ou \u00e0 une ancienne de communiquer avec vous.<\/p>\n<\/div><div class=\"fusion-clearfix\"><\/div><\/div><\/div><div class=\"fusion-layout-column fusion_builder_column fusion-builder-column-1 fusion_builder_column_1_3 1_3 fusion-one-third fusion-column-last\" style=\"--awb-bg-size:cover;width:33.333333333333%;width:calc(33.333333333333% - ( ( 4% ) * 0.33333333333333 ) );\"><div class=\"fusion-column-wrapper fusion-column-has-shadow fusion-flex-column-wrapper-legacy\"><div class=\"fusion-clearfix\"><\/div><\/div><\/div><\/div><\/div><div class=\"fusion-fullwidth fullwidth-box fusion-builder-row-2 nonhundred-percent-fullwidth non-hundred-percent-height-scrolling\" style=\"--awb-border-radius-top-left:0px;--awb-border-radius-top-right:0px;--awb-border-radius-bottom-right:0px;--awb-border-radius-bottom-left:0px;--awb-margin-top:30px;--awb-flex-wrap:wrap;\" ><div class=\"fusion-builder-row fusion-row\"><div class=\"fusion-layout-column fusion_builder_column fusion-builder-column-2 fusion_builder_column_1_3 1_3 fusion-one-third fusion-column-first\" style=\"--awb-bg-size:cover;width:33.333333333333%;width:calc(33.333333333333% - ( ( 4% + 4% ) * 0.33333333333333 ) );margin-right: 4%;\"><div class=\"fusion-column-wrapper fusion-column-has-shadow fusion-flex-column-wrapper-legacy\"><div class=\"cblock\">\n\n<h3>AFRIQUE<\/h3>\n\n<h2>Botswana<\/h2>  \n  \n<p>Joseph Matome<\/p> \n<a href=\"mailto:jmatome@debswana.com\"><span class=\"fa fa-envelope purple\"><\/span> jmatome@debswana.com<\/a>\n\n<h2>Nigeria<\/h2>\n\n<p>Ladi Dariya<\/p> \n<a href=\"mailto:ladi.dariya@yahoo.co.uk\"><span class=\"fa fa-envelope purple\"><\/span> ladi.dariya@yahoo.co.uk<\/a>\n\n<p>Akinyemi Akintola<\/p> \n<a href=\"mailto:akintolaea@gmail.com\"><span class=\"fa fa-envelope purple\"><\/span> akintolaea@gmail.com<\/a>\n\n<p>Dr. Patrick Tolani<\/p>  \n<a href=\"mailto:patricktolani@yahoo.co.uk\"><span class=\"fa fa-envelope purple\"><\/span> patricktolani@yahoo.co.uk<\/a>\n  \n<h2>Kenya<\/h2>\n\n<p>Patricia Muia<\/p>\n<a href=\"mailto:patricia.muia1@gmail.com\"><span class=\"fa fa-envelope purple\"><\/span> patricia.muia1@gmail.com<\/a>\n<h2>Afrique du Sud<\/h2>\n  \n <p>Ilka Dunne<\/p>  \n<a href=\"mailto:kmatshazi@hotmail.com\"><span class=\"fa fa-envelope purple\"><\/span> kmatshazi@hotmail.com<\/a>\n\n \n  <h2>Ghana <\/h2>\n  \n<p>Ishmael Yamson<\/p>\n<a href=\"mailto:ishmael.yamson@ieyamson.com\"><span class=\"fa fa-envelope purple\"><\/span> ishmael.yamson@ieyamson.com<\/a>\n\n\n  <h2>Uganda <\/h2>\n\n<p>Hadija Nabukenya<\/p>\n\n\n<a href=\"mailto:HNabukenya@newvision.co.ug\"><span class=\"fa fa-envelope purple\"><\/span> HNabukenya@newvision.co.ug<\/a>\n \n\n<p>Dr. Agnes Atim Apea<\/p>\n\n\n<a href=\"mailto:agnesapea@gmail.com\"><span class=\"fa fa-envelope purple\"><\/span> agnesapea@gmail.com<\/a>\n\n\n  <h2>Zimbabwe<\/h2>\n\n<p>Kuthula Matshazi<\/p>\n<a href=\"mailto:KMatshazi@hotmail.com\"><span class=\"fa fa-envelope purple\"><\/span> KMatshazi@hotmail.com<\/a>\n\n\n<h2>TANZANIA<\/h2>\n\n<p>Elizabeth Sylvester Mkoba (Ph.D)<\/p>\n<a href=\"mailto:emkoba72@yahoo.com\"><span class=\"fa fa-envelope purple\"><\/span> emkoba72@yahoo.com<\/a>\n<br><a href=\"mailto:elizabeth.mkoba@nm-aist.ac.tz\"><span class=\"fa fa-envelope purple\"><\/span> elizabeth.mkoba@nm-aist.ac.tz<\/a>\n\n\n\n  <h3>ASIE<\/h3>\n\n<h2>Inde<\/h2>\n\n<p>P. Balaji<\/p>\n<a href=\"mailto:pbalaji11@gmail.com\"><span class=\"fa fa-envelope purple\"><\/span> pbalaji11@gmail.com<\/a>\n\n\n<p>Sangita Mehrotra<\/p> \n<a href=\"mailto:Sangita.mehrotra@rosyblue.com\"><span class=\"fa fa-envelope purple\"><\/span> Sangita.mehrotra@rosyblue.com<\/a>\n\n\n<p>Gaurav Malhotra<\/p> \n<a href=\"mailto:gmalhot@gmail.com\"><span class=\"fa fa-envelope purple\"><\/span> gmalhot@gmail.com<\/a>\n\n\n<p>Sudhish Rambhotla<\/p> \n<a href=\"mailto:sudhish@colorchipsindia.com\"><span class=\"fa fa-envelope purple\"><\/span> sudhish@colorchipsindia.com<\/a>\n\n\n<p>K. Rai<\/p> \n<a href=\"bee-secretary@beeindia.gov.in\"><span class=\"fa fa-envelope purple\"><\/span> bee-secretary@beeindia.gov.in<\/a>\n<h2>Malaysie<\/h2>\n\n<p>Hanaa Wong Abdullah<\/p>  \n<a href=\"mailto:hanaa.abdullah3@gmail.com\"><span class=\"fa fa-envelope purple\"><\/span> hanaa.abdullah3@gmail.com<\/a>\n\n<p>Carmen JW Tong<\/p>  \n<a href=\"mailto:jahwun218@gmail.com\"><span class=\"fa fa-envelope purple\"><\/span> jahwun218@gmail.com<\/a>\n\n<p>Doreen Beh<\/p>  \n<a href=\"mailto:doreen@gamioncreative.com\"><span class=\"fa fa-envelope purple\"><\/span> doreen@gamioncreative.com<\/a>\n\n<p>Jon Lim<\/p>  \n<a href=\"mailto:jonlotuslim@gmail.com\"><span class=\"fa fa-envelope purple\"><\/span> jonlotuslim@gmail.com<\/a>\n\n  \n\n\n<\/div><div class=\"fusion-clearfix\"><\/div><\/div><\/div><div class=\"fusion-layout-column fusion_builder_column fusion-builder-column-3 fusion_builder_column_1_3 1_3 fusion-one-third\" style=\"--awb-bg-size:cover;width:33.333333333333%;width:calc(33.333333333333% - ( ( 4% + 4% ) * 0.33333333333333 ) );margin-right: 4%;\"><div class=\"fusion-column-wrapper fusion-column-has-shadow fusion-flex-column-wrapper-legacy\"><div class=\"cblock\">\n\n\n\n\n<h3>PACIFIQUE<\/h3>\n\n  <h2>Samoa <\/h2>\n<p>Nadia Meredith-Hunt<\/p>\n<a href=\"mailto:nmeredith-hunt@kvaconsult.com\"><span class=\"fa fa-envelope purple\"><\/span> nmeredith-hunt@kvaconsult.com<\/a>\n\n \n<h2>Nouvelle-Z\u00e9lande<\/h2>\n\n<p>Hayden Montgomerie<\/p> \n<a href=\"mailto:hayden@montgomerie.co.nz\"><span class=\"fa fa-envelope purple\"><\/span> hayden@montgomerie.co.nz<\/a>\n\n<h2>Australie<\/h2>\n\n<p>Gemma Pinnell<\/p>  \n<a href=\"mailto:GPinnell@industrysuper.com\"><span class=\"fa fa-envelope purple\"><\/span> GPinnell@industrysuper.com<\/a>\n\n<p>Cynthia Payne<\/p>  \n<a href=\"mailto:cpayne@summithealth.com.au\"><span class=\"fa fa-envelope purple\"><\/span> cpayne@summithealth.com.au<\/a>\n\n<p>Brian Pickett<\/p> \n<a href=\"mailto:brianpickett45@gmail.com\"><span class=\"fa fa-envelope purple\"><\/span> brianpickett45@gmail.com><\/a>\n\n<p>Clifton Gough<\/p> \n<a href=\"mailto:cliftongough@gmail.com\"><span class=\"fa fa-envelope purple\"><\/span> cliftongough@gmail.com<\/a>\n\n  <p>John Anderson<\/p>\n<a href=\"mailto:john@pi-cats.com.au\"><span class=\"fa fa-envelope purple\"><\/span> john@pi-cats.com.au<\/a>\n  <h2>Fidji<\/h2>\n\n<p>Naziah Ali<\/p> \n<a href=\"mailto:naziahalifiji@gmail.com\"><span class=\"fa fa-envelope purple\"><\/span> naziahalifiji@gmail.com<\/a>\n\n <h2>Papouasie\u2013Nouvelle-Guin\u00e9e<\/h2>\n\n<p>Peter John Aitsi<\/p> \n<a href=\"mailto:pjaitsi@gmail.com\"><span class=\"fa fa-envelope purple\"><\/span> pjaitsi@gmail.com<\/a>\n  \n\n  <h3>Europe<\/h3>\n<h2>Royaume-Uni<\/h2>\n\n <p>Andy Davidson<\/p>\n<a href=\"mailto:ajd94@hotmail.com\"><span class=\"fa fa-envelope purple\"><\/span> ajd94@hotmail.com<\/a>\n\n  <p>Jo Salter<\/p>\n<a href=\"mailto:jo.salter@btinternet.com\"><span class=\"fa fa-envelope purple\"><\/span> jo.salter@btinternet.com<\/a>\n\n  <p>John Thompson<\/p>\n<a href=\"mailto:jt@jt-comms.com\"><span class=\"fa fa-envelope purple\"><\/span> jt@jt-comms.com<\/a>\n\n\n\n<h3>AM\u00c9RIQUES<\/h3>\n<h2>Canada<\/h2>\n\n <p>Ed McHugh<\/p>\n<a href=\"mailto:Ed.McHugh@nscc.ca\"><span class=\"fa fa-envelope purple\"><\/span> Ed.McHugh@nscc.ca<\/a>\n\n  <p>Wanda Wuttunee (Indigenous)<\/p>\n<a href=\"mailto:W.Wuttunee@umanitoba.ca\"><span class=\"fa fa-envelope purple\"><\/span> W.Wuttunee@umanitoba.ca<\/a>\n\n  <p>Matt Wayland<\/p>\n<a href=\"mailto:Matt_Wayland@ibew.org\"><span class=\"fa fa-envelope purple\"><\/span> Matt_Wayland@ibew.org<\/a>\n \n <p>Catherine Dallaire<\/p>\n<a href=\"mailto:catherine@dallaire1.ca\"><span class=\"fa fa-envelope purple\"><\/span> catherine@dallaire1.ca<\/a> \n\n <h3>CARA\u00cfBES<\/h3>\n  \n\n<p>Lisa Bell<\/p>\n<a href=\"mailto:lbell@eximbankja.com\"><span class=\"fa fa-envelope purple\"><\/span> lbell@eximbankja.com<\/a> \n\n<p>David Bynoe<\/p>\n<a href=\"mailto:david.bynoe@undp.org\"><span class=\"fa fa-envelope purple\"><\/span> david.bynoe@undp.org<\/a> \n\n  \n  \n  <\/div><div class=\"fusion-clearfix\"><\/div><\/div><\/div><div class=\"fusion-layout-column fusion_builder_column fusion-builder-column-4 fusion_builder_column_1_3 1_3 fusion-one-third fusion-column-last\" style=\"--awb-padding-top:20px;--awb-padding-right:20px;--awb-padding-bottom:20px;--awb-padding-left:20px;--awb-bg-color:#f7f7f7;--awb-bg-color-hover:#f7f7f7;--awb-bg-size:cover;width:33.333333333333%;width:calc(33.333333333333% - ( ( 4% + 4% ) * 0.33333333333333 ) );\"><div class=\"fusion-column-wrapper fusion-column-has-shadow fusion-flex-column-wrapper-legacy\"><div class=\"cblock\">\n\n<h3>AFRIQUE<\/h3>\n\n \n\n<h2>Botswana<\/h2>\n\n<h2>Cameroun<\/h2>\n\n<h2>Gambie<\/h2>\n\n<h2>Ghana<\/h2>\n\n<h2>Kenya<\/h2>\n\n<h2>Lesotho<\/h2>\n\n<h2>Malawi<\/h2>\n\n<h2>Mozambique<\/h2>\n\n<h2>Namibia<\/h2>\n\n<h2>Nigeria<\/h2>\n\n<h2>Rwanda<\/h2>\n\n<h2>Seychelles<\/h2>\n\n<h2>Sierra Leone<\/h2>\n\n<h2>Afrique du Sud<\/h2>\n\n<h2>Tanzania<\/h2>\n\n<h2>Ouganda<\/h2>\n\n<h2>Zambie<\/h2>\n\n \n\n<h3>AM\u00c9RIQUES<\/h3>\n\n\n<h2>Canada<\/h2>\n\n\n<h3>CARA\u00cfBES<\/h3>\n\n<h2>Antigua-et-Barbuda<\/h2>\n\n<h2>Bahamas<\/h2>\n\n<h2>Barbade<\/h2>\n\n<h2>Belize<\/h2>\n\n<h2>Dominique<\/h2>\n\n<h2>Grenade<\/h2>\n\n<h2>Guyana<\/h2>\n\n<h2>Jama\u00efque<\/h2>\n\n<h2>Saint-Kitts-et-Nevis<\/h2>\n\n<h2>Sainte-Lucie<\/h2>\n\n<h2>Saint-Vincent-et-les-Grenadines<\/h2>\n\n<h2>Trinit\u00e9-et-Tobago<\/h2>\n\n \n\n<h3>ASIE<\/h3>\n\n \n\n<h2>Bangladesh<\/h2>\n\n<h2>Inde<\/h2><\/h2>\n\n<h2>Malaysie<\/h2>\n\n<h2>Maldives<\/h2>\n\n<h2>Maurice<\/h2>\n\n<h2>Pakistan<\/h2>\n\n<h2>Singapour<\/h2>\n\n<h2>Sri Lanka<\/h2>\n\n \n\n \n\n<h3>PACIFIQUE<\/h3>\n\n \n\n<h2>Australie<\/h2>\n\n<h2>Fidji<\/h2>\n\n<h2>Kiribati<\/h2>\n\n<h2>Nauru<\/h2>\n\n<h2>Nouvelle-Z\u00e9lande<\/h2>\n\n<h2>Papouasie\u2013Nouvelle-Guin\u00e9e<\/h2>\n\n<h2>Samoa<\/h2>\n\n<h2>\u00celes Salomon<\/h2>\n\n<h2>Tonga<\/h2>\n\n<h2>Tuvalu<\/h2>\n\n<h2>Vanuatu<\/h2>\n \n\n<h3>Europe<\/h3>\n\n \n\n<h2>Royaume-Uni<\/h2>\n\n<h2>Malte<\/h2>\n\n<h2>Chypre<\/h2>\n\n \n  \n<\/div><div class=\"fusion-clearfix\"><\/div><\/div><\/div><\/div><\/div><\/p>\n","protected":false},"excerpt":{"rendered":"","protected":false},"author":5,"featured_media":0,"parent":0,"menu_order":4,"comment_status":"closed","ping_status":"closed","template":"100-width.php","meta":{"inline_featured_image":false,"footnotes":""},"class_list":["post-9023","page","type-page","status-publish","hentry"],"yoast_head":"<!-- This site is optimized with the Yoast SEO plugin v21.6 - https:\/\/yoast.com\/wordpress\/plugins\/seo\/ -->\n<title>Parler \u00e0 un ancien ou \u00e0 une ancienne - CSC Canada - The Duke of Edinburgh&#039;s<\/title>\n<meta name=\"robots\" content=\"index, follow, max-snippet:-1, max-image-preview:large, max-video-preview:-1\" \/>\n<link rel=\"canonical\" href=\"https:\/\/csccanada.org\/fr\/parler-a-un-ancien-ou-a-une-ancienne\/\" \/>\n<meta property=\"og:locale\" content=\"fr_FR\" \/>\n<meta property=\"og:type\" content=\"article\" \/>\n<meta property=\"og:title\" content=\"Parler \u00e0 un ancien ou \u00e0 une ancienne - CSC Canada - The Duke of Edinburgh&#039;s\" \/>\n<meta property=\"og:url\" content=\"https:\/\/csccanada.org\/fr\/parler-a-un-ancien-ou-a-une-ancienne\/\" \/>\n<meta property=\"og:site_name\" content=\"CSC Canada - The Duke of Edinburgh&#039;s\" \/>\n<meta property=\"article:modified_time\" content=\"2022-08-29T01:41:27+00:00\" \/>\n<meta name=\"twitter:card\" content=\"summary_large_image\" \/>\n<meta name=\"twitter:label1\" content=\"Dur\u00e9e de lecture estim\u00e9e\" \/>\n\t<meta name=\"twitter:data1\" content=\"12 minutes\" \/>\n<script type=\"application\/ld+json\" class=\"yoast-schema-graph\">{\"@context\":\"https:\/\/schema.org\",\"@graph\":[{\"@type\":\"WebPage\",\"@id\":\"https:\/\/csccanada.org\/fr\/parler-a-un-ancien-ou-a-une-ancienne\/\",\"url\":\"https:\/\/csccanada.org\/fr\/parler-a-un-ancien-ou-a-une-ancienne\/\",\"name\":\"Parler \u00e0 un ancien ou \u00e0 une ancienne - CSC Canada - The Duke of Edinburgh&#039;s\",\"isPartOf\":{\"@id\":\"https:\/\/csccanada.org\/#website\"},\"datePublished\":\"2022-02-07T04:48:16+00:00\",\"dateModified\":\"2022-08-29T01:41:27+00:00\",\"breadcrumb\":{\"@id\":\"https:\/\/csccanada.org\/fr\/parler-a-un-ancien-ou-a-une-ancienne\/#breadcrumb\"},\"inLanguage\":\"fr-FR\",\"potentialAction\":[{\"@type\":\"ReadAction\",\"target\":[\"https:\/\/csccanada.org\/fr\/parler-a-un-ancien-ou-a-une-ancienne\/\"]}]},{\"@type\":\"BreadcrumbList\",\"@id\":\"https:\/\/csccanada.org\/fr\/parler-a-un-ancien-ou-a-une-ancienne\/#breadcrumb\",\"itemListElement\":[{\"@type\":\"ListItem\",\"position\":1,\"name\":\"Home\",\"item\":\"https:\/\/csccanada.org\/fr\/accueil-du-scc-2023\/\"},{\"@type\":\"ListItem\",\"position\":2,\"name\":\"Parler \u00e0 un ancien ou \u00e0 une ancienne\"}]},{\"@type\":\"WebSite\",\"@id\":\"https:\/\/csccanada.org\/#website\",\"url\":\"https:\/\/csccanada.org\/\",\"name\":\"CSC Canada - The Duke of Edinburgh&#039;s\",\"description\":\"The Leadership Experience Of A Lifetime: Are You Ready For May 2022?\",\"potentialAction\":[{\"@type\":\"SearchAction\",\"target\":{\"@type\":\"EntryPoint\",\"urlTemplate\":\"https:\/\/csccanada.org\/?s={search_term_string}\"},\"query-input\":\"required name=search_term_string\"}],\"inLanguage\":\"fr-FR\"}]}<\/script>\n<!-- \/ Yoast SEO plugin. -->","yoast_head_json":{"title":"Parler \u00e0 un ancien ou \u00e0 une ancienne - CSC Canada - The Duke of Edinburgh&#039;s","robots":{"index":"index","follow":"follow","max-snippet":"max-snippet:-1","max-image-preview":"max-image-preview:large","max-video-preview":"max-video-preview:-1"},"canonical":"https:\/\/csccanada.org\/fr\/parler-a-un-ancien-ou-a-une-ancienne\/","og_locale":"fr_FR","og_type":"article","og_title":"Parler \u00e0 un ancien ou \u00e0 une ancienne - CSC Canada - The Duke of Edinburgh&#039;s","og_url":"https:\/\/csccanada.org\/fr\/parler-a-un-ancien-ou-a-une-ancienne\/","og_site_name":"CSC Canada - The Duke of Edinburgh&#039;s","article_modified_time":"2022-08-29T01:41:27+00:00","twitter_card":"summary_large_image","twitter_misc":{"Dur\u00e9e de lecture estim\u00e9e":"12 minutes"},"schema":{"@context":"https:\/\/schema.org","@graph":[{"@type":"WebPage","@id":"https:\/\/csccanada.org\/fr\/parler-a-un-ancien-ou-a-une-ancienne\/","url":"https:\/\/csccanada.org\/fr\/parler-a-un-ancien-ou-a-une-ancienne\/","name":"Parler \u00e0 un ancien ou \u00e0 une ancienne - CSC Canada - The Duke of Edinburgh&#039;s","isPartOf":{"@id":"https:\/\/csccanada.org\/#website"},"datePublished":"2022-02-07T04:48:16+00:00","dateModified":"2022-08-29T01:41:27+00:00","breadcrumb":{"@id":"https:\/\/csccanada.org\/fr\/parler-a-un-ancien-ou-a-une-ancienne\/#breadcrumb"},"inLanguage":"fr-FR","potentialAction":[{"@type":"ReadAction","target":["https:\/\/csccanada.org\/fr\/parler-a-un-ancien-ou-a-une-ancienne\/"]}]},{"@type":"BreadcrumbList","@id":"https:\/\/csccanada.org\/fr\/parler-a-un-ancien-ou-a-une-ancienne\/#breadcrumb","itemListElement":[{"@type":"ListItem","position":1,"name":"Home","item":"https:\/\/csccanada.org\/fr\/accueil-du-scc-2023\/"},{"@type":"ListItem","position":2,"name":"Parler \u00e0 un ancien ou \u00e0 une ancienne"}]},{"@type":"WebSite","@id":"https:\/\/csccanada.org\/#website","url":"https:\/\/csccanada.org\/","name":"CSC Canada - The Duke of Edinburgh&#039;s","description":"The Leadership Experience Of A Lifetime: Are You Ready For May 2022?","potentialAction":[{"@type":"SearchAction","target":{"@type":"EntryPoint","urlTemplate":"https:\/\/csccanada.org\/?s={search_term_string}"},"query-input":"required name=search_term_string"}],"inLanguage":"fr-FR"}]}},"_links":{"self":[{"href":"https:\/\/csccanada.org\/fr\/wp-json\/wp\/v2\/pages\/9023","targetHints":{"allow":["GET"]}}],"collection":[{"href":"https:\/\/csccanada.org\/fr\/wp-json\/wp\/v2\/pages"}],"about":[{"href":"https:\/\/csccanada.org\/fr\/wp-json\/wp\/v2\/types\/page"}],"author":[{"embeddable":true,"href":"https:\/\/csccanada.org\/fr\/wp-json\/wp\/v2\/users\/5"}],"replies":[{"embeddable":true,"href":"https:\/\/csccanada.org\/fr\/wp-json\/wp\/v2\/comments?post=9023"}],"version-history":[{"count":2,"href":"https:\/\/csccanada.org\/fr\/wp-json\/wp\/v2\/pages\/9023\/revisions"}],"predecessor-version":[{"id":9025,"href":"https:\/\/csccanada.org\/fr\/wp-json\/wp\/v2\/pages\/9023\/revisions\/9025"}],"wp:attachment":[{"href":"https:\/\/csccanada.org\/fr\/wp-json\/wp\/v2\/media?parent=9023"}],"curies":[{"name":"wp","href":"https:\/\/api.w.org\/{rel}","templated":true}]}}