{"id":8973,"date":"2020-01-15T21:43:25","date_gmt":"2020-01-16T02:43:25","guid":{"rendered":"https:\/\/csccanada.org\/darryls-bio\/"},"modified":"2022-08-23T22:25:50","modified_gmt":"2022-08-24T02:25:50","slug":"darryls-bio","status":"publish","type":"page","link":"https:\/\/csccanada.org\/fr\/darryls-bio\/","title":{"rendered":"Darryl&rsquo;s Bio"},"content":{"rendered":"<p><div class=\"fusion-fullwidth fullwidth-box fusion-builder-row-1 nonhundred-percent-fullwidth non-hundred-percent-height-scrolling\" style=\"--awb-border-radius-top-left:0px;--awb-border-radius-top-right:0px;--awb-border-radius-bottom-right:0px;--awb-border-radius-bottom-left:0px;--awb-margin-top:30px;--awb-flex-wrap:wrap;\" ><div class=\"fusion-builder-row fusion-row\"><div class=\"fusion-layout-column fusion_builder_column fusion-builder-column-0 fusion_builder_column_1_3 1_3 fusion-one-third fusion-column-first\" style=\"--awb-padding-right:30px;--awb-padding-left:30px;--awb-bg-size:cover;width:33.333333333333%;width:calc(33.333333333333% - ( ( 1% ) * 0.33333333333333 ) );margin-right: 1%;\"><div class=\"fusion-column-wrapper fusion-column-has-shadow fusion-flex-column-wrapper-legacy\"><div class=\"fusion-image-element fusion-image-align-center in-legacy-container\" style=\"text-align:center;--awb-bottom-shadow-color:rgba(0,0,0,0.4);--awb-caption-title-font-family:var(--h2_typography-font-family);--awb-caption-title-font-weight:var(--h2_typography-font-weight);--awb-caption-title-font-style:var(--h2_typography-font-style);--awb-caption-title-size:var(--h2_typography-font-size);--awb-caption-title-transform:var(--h2_typography-text-transform);--awb-caption-title-line-height:var(--h2_typography-line-height);--awb-caption-title-letter-spacing:var(--h2_typography-letter-spacing);\"><div class=\"imageframe-align-center\"><div class=\"awb-image-frame awb-image-frame-1 fusion-image-frame-bottomshadow image-frame-shadow-1\"><span class=\" fusion-imageframe imageframe-bottomshadow imageframe-1 element-bottomshadow hover-type-none\" style=\"border:1px solid #e8e8e8;\"><img decoding=\"async\" width=\"534\" height=\"738\" title=\"2020ChairPhoto\" src=\"https:\/\/csccanada.org\/wp-content\/uploads\/2020\/01\/2020ChairPhoto.jpg\" data-orig-src=\"https:\/\/csccanada.org\/wp-content\/uploads\/2020\/01\/2020ChairPhoto.jpg\" alt class=\"lazyload img-responsive wp-image-7550\" srcset=\"data:image\/svg+xml,%3Csvg%20xmlns%3D%27http%3A%2F%2Fwww.w3.org%2F2000%2Fsvg%27%20width%3D%27534%27%20height%3D%27738%27%20viewBox%3D%270%200%20534%20738%27%3E%3Crect%20width%3D%27534%27%20height%3D%27738%27%20fill-opacity%3D%220%22%2F%3E%3C%2Fsvg%3E\" data-srcset=\"https:\/\/csccanada.org\/wp-content\/uploads\/2020\/01\/2020ChairPhoto-200x276.jpg 200w, https:\/\/csccanada.org\/wp-content\/uploads\/2020\/01\/2020ChairPhoto-400x553.jpg 400w, https:\/\/csccanada.org\/wp-content\/uploads\/2020\/01\/2020ChairPhoto.jpg 534w\" data-sizes=\"auto\" data-orig-sizes=\"(max-width: 800px) 100vw, 400px\" \/><\/span><\/div><\/div><\/div><div class=\"fusion-clearfix\"><\/div><\/div><\/div><div class=\"fusion-layout-column fusion_builder_column fusion-builder-column-1 fusion_builder_column_2_3 2_3 fusion-two-third fusion-column-last\" style=\"--awb-bg-size:cover;width:66.666666666667%;width:calc(66.666666666667% - ( ( 1% ) * 0.66666666666667 ) );\"><div class=\"fusion-column-wrapper fusion-column-has-shadow fusion-flex-column-wrapper-legacy\"><div class=\"fusion-text fusion-text-1\"><p>Darryl a \u00e9t\u00e9 nomm\u00e9 chef de la direction de BMO en 2017. Il pr\u00e9side le Comit\u00e9 de direction de la Banque et est un administrateur de BMO Groupe financier ainsi que de sa filiale am\u00e9ricaine, BMO Financial Corp.<\/p>\n<p>Darryl s\u2019est joint au groupe Banque d\u2019affaires et services bancaires aux soci\u00e9t\u00e9s de BMO, \u00e0 Toronto, en 1994. Il est ensuite retourn\u00e9 travailler dans sa ville d\u2019origine en 2006 \u00e0 titre de chef, Banque d\u2019affaires et services bancaires aux soci\u00e9t\u00e9s, Montr\u00e9al pour BMO March\u00e9s des capitaux. En 2014, il a \u00e9t\u00e9 nomm\u00e9 chef de la direction et chef, BMO March\u00e9s des capitaux et, en 2016, chef de l\u2019exploitation de BMO. <\/p>\n<p>Darryl est membre du Conseil canadien des affaires, situ\u00e9 \u00e0 Ottawa, de l\u2019organisation The Business Council, situ\u00e9e \u00e0 Washington D.C., du Conseil consultatif international des dirigeants d\u2019entreprise du maire de Beijing et du Bank Policy Institute, un groupe non partisan de repr\u00e9sentation et de recherche en mati\u00e8re de politique publique, repr\u00e9sentant les grandes banques aux \u00c9tats-Unis.<\/p>\n<p>Actif aupr\u00e8s des collectivit\u00e9s depuis des ann\u00e9es et ayant de solides liens avec le mouvement Centraide United Way, Darryl a fait du b\u00e9n\u00e9volat pour cet organisme \u00e0 Montr\u00e9al, \u00e0 New York, \u00e0 Chicago et \u00e0 Toronto. En 2018, il est devenu copr\u00e9sident de la table ronde sur le d\u00e9veloppement \u00e9conomique local inclusif, un partenariat entre BMO et United Way Greater Toronto r\u00e9unissant des leaders communautaires et du monde des affaires afin de trouver de nouvelles approches pour r\u00e9duire les disparit\u00e9s \u00e9conomiques dans la r\u00e9gion.<\/p>\n<p>Ambassadeur des initiatives de BMO visant \u00e0 assurer un milieu de travail diversifi\u00e9 et inclusif, Darryl est pr\u00e9sident du conseil consultatif de Catalyst Canada et membre du conseil d\u2019administration de Catalyst.<\/p>\n<p>Darryl est copr\u00e9sident du cabinet de campagne de la Fondation de l\u2019H\u00f4pital de Montr\u00e9al pour enfants. Il si\u00e8ge aussi au conseil d\u2019administration des Canadiens de Montr\u00e9al de la Ligue nationale de hockey, et de Canada Alpin, l\u2019organisme qui r\u00e9git la comp\u00e9tition de ski alpin, de ski para-alpin et de ski cross au Canada.<\/p>\n<p>Darryl est titulaire d\u2019un baccalaur\u00e9at en commerce de la Richard Ivey School of Business de l\u2019Universit\u00e9 Western Ontario et a suivi le programme de formation avanc\u00e9e en gestion de la Harvard Business School. Il a \u00e9t\u00e9 laur\u00e9at du prix 40 Canadiens performants de moins de 40 ans<sup>MC<\/sup>.<\/p>\n<\/div><div class=\"fusion-clearfix\"><\/div><\/div><\/div><\/div><\/div><div class=\"fusion-fullwidth fullwidth-box fusion-builder-row-2 nonhundred-percent-fullwidth non-hundred-percent-height-scrolling\" style=\"--awb-border-radius-top-left:0px;--awb-border-radius-top-right:0px;--awb-border-radius-bottom-right:0px;--awb-border-radius-bottom-left:0px;--awb-flex-wrap:wrap;\" ><div class=\"fusion-builder-row fusion-row\"><div class=\"fusion-layout-column fusion_builder_column fusion-builder-column-2 fusion_builder_column_1_3 1_3 fusion-one-third fusion-column-first imageCallOut fusion-column-inner-bg-wrapper\" style=\"--awb-inner-bg-position:center center;--awb-inner-bg-size:cover;--awb-margin-bottom:10px;width:33.333333333333%;width:calc(33.333333333333% - ( ( 1% + 1% ) * 0.33333333333333 ) );margin-right: 1%;\"><span class=\"fusion-column-inner-bg hover-type-zoomin\"><a class=\"fusion-column-anchor\" href=\"https:\/\/csccanada.org\/sponsorship\/\"><span class=\"fusion-column-inner-bg-image lazyload\" data-bg=\"https:\/\/csccanada.org\/wp-content\/uploads\/2020\/01\/homeSponsor.jpg\"><\/span><\/a><\/span><div class=\"fusion-column-wrapper fusion-column-has-shadow fusion-flex-column-wrapper-legacy fusion-column-has-bg-image\" data-bg-url=\"https:\/\/csccanada.org\/wp-content\/uploads\/2020\/01\/homeSponsor.jpg\"><div class=\"fusion-text fusion-text-2 blue\"><p style=\"text-align: center;\">Devenir <strong>COMMANDITAIRE<\/strong><\/p>\n<\/div><div class=\"fusion-clearfix\"><\/div><\/div><\/div>\n<div class=\"fusion-layout-column fusion_builder_column fusion-builder-column-3 fusion_builder_column_1_3 1_3 fusion-one-third imageCallOut fusion-column-inner-bg-wrapper\" style=\"--awb-inner-bg-position:center center;--awb-inner-bg-size:cover;--awb-margin-bottom:10px;width:33.333333333333%;width:calc(33.333333333333% - ( ( 1% + 1% ) * 0.33333333333333 ) );margin-right: 1%;\"><span class=\"fusion-column-inner-bg hover-type-zoomin\"><a class=\"fusion-column-anchor\" href=\"https:\/\/csccanada.org\/fr\/participation\/\"><span class=\"fusion-column-inner-bg-image lazyload\" data-bg=\"https:\/\/csccanada.org\/wp-content\/uploads\/2020\/01\/councilBox.jpg\"><\/span><\/a><\/span><div class=\"fusion-column-wrapper fusion-column-has-shadow fusion-flex-column-wrapper-legacy fusion-column-has-bg-image\" data-bg-url=\"https:\/\/csccanada.org\/wp-content\/uploads\/2020\/01\/councilBox.jpg\"><div class=\"fusion-text fusion-text-3 deepGreen\"><p style=\"text-align: center;\">Devenir <strong>PARTICIPANT<\/strong><\/p>\n<\/div><div class=\"fusion-clearfix\"><\/div><\/div><\/div>\n<div class=\"fusion-layout-column fusion_builder_column fusion-builder-column-4 fusion_builder_column_1_3 1_3 fusion-one-third fusion-column-last imageCallOut fusion-column-inner-bg-wrapper\" style=\"--awb-inner-bg-position:center center;--awb-inner-bg-size:cover;--awb-margin-bottom:10px;width:33.333333333333%;width:calc(33.333333333333% - ( ( 1% + 1% ) * 0.33333333333333 ) );\"><span class=\"fusion-column-inner-bg hover-type-zoomin\"><a class=\"fusion-column-anchor\" href=\"https:\/\/csccanada.org\/fr\/mission\/\"><span class=\"fusion-column-inner-bg-image lazyload\" data-bg=\"https:\/\/csccanada.org\/wp-content\/uploads\/2019\/07\/csc-canada-attendees-6-800x800-e1564463619288.jpg\"><\/span><\/a><\/span><div class=\"fusion-column-wrapper fusion-column-has-shadow fusion-flex-column-wrapper-legacy fusion-column-has-bg-image\" data-bg-url=\"https:\/\/csccanada.org\/wp-content\/uploads\/2019\/07\/csc-canada-attendees-6-800x800-e1564463619288.jpg\"><div class=\"fusion-text fusion-text-4 green\"><p style=\"text-align: center;\">Notre <strong>MISSION<\/strong><\/p>\n<\/div><div class=\"fusion-clearfix\"><\/div><\/div><\/div><\/div><\/div><\/p>\n","protected":false},"excerpt":{"rendered":"","protected":false},"author":7,"featured_media":0,"parent":0,"menu_order":90,"comment_status":"closed","ping_status":"closed","template":"100-width.php","meta":{"inline_featured_image":false,"footnotes":""},"class_list":["post-8973","page","type-page","status-publish","hentry"],"yoast_head":"<!-- This site is optimized with the Yoast SEO plugin v21.6 - https:\/\/yoast.com\/wordpress\/plugins\/seo\/ -->\n<title>Darryl&#039;s Bio - CSC Canada - The Duke of Edinburgh&#039;s<\/title>\n<meta name=\"robots\" content=\"index, follow, max-snippet:-1, max-image-preview:large, max-video-preview:-1\" \/>\n<link rel=\"canonical\" href=\"https:\/\/csccanada.org\/fr\/darryls-bio\/\" \/>\n<meta property=\"og:locale\" content=\"fr_FR\" \/>\n<meta property=\"og:type\" content=\"article\" \/>\n<meta property=\"og:title\" content=\"Darryl&#039;s Bio - CSC Canada - The Duke of Edinburgh&#039;s\" \/>\n<meta property=\"og:url\" content=\"https:\/\/csccanada.org\/fr\/darryls-bio\/\" \/>\n<meta property=\"og:site_name\" content=\"CSC Canada - The Duke of Edinburgh&#039;s\" \/>\n<meta property=\"article:modified_time\" content=\"2022-08-24T02:25:50+00:00\" \/>\n<meta name=\"twitter:card\" content=\"summary_large_image\" \/>\n<meta name=\"twitter:label1\" content=\"Dur\u00e9e de lecture estim\u00e9e\" \/>\n\t<meta name=\"twitter:data1\" content=\"7 minutes\" \/>\n<script type=\"application\/ld+json\" class=\"yoast-schema-graph\">{\"@context\":\"https:\/\/schema.org\",\"@graph\":[{\"@type\":\"WebPage\",\"@id\":\"https:\/\/csccanada.org\/fr\/darryls-bio\/\",\"url\":\"https:\/\/csccanada.org\/fr\/darryls-bio\/\",\"name\":\"Darryl's Bio - CSC Canada - The Duke of Edinburgh&#039;s\",\"isPartOf\":{\"@id\":\"https:\/\/csccanada.org\/#website\"},\"datePublished\":\"2020-01-16T02:43:25+00:00\",\"dateModified\":\"2022-08-24T02:25:50+00:00\",\"breadcrumb\":{\"@id\":\"https:\/\/csccanada.org\/fr\/darryls-bio\/#breadcrumb\"},\"inLanguage\":\"fr-FR\",\"potentialAction\":[{\"@type\":\"ReadAction\",\"target\":[\"https:\/\/csccanada.org\/fr\/darryls-bio\/\"]}]},{\"@type\":\"BreadcrumbList\",\"@id\":\"https:\/\/csccanada.org\/fr\/darryls-bio\/#breadcrumb\",\"itemListElement\":[{\"@type\":\"ListItem\",\"position\":1,\"name\":\"Home\",\"item\":\"https:\/\/csccanada.org\/fr\/accueil-du-scc-2023\/\"},{\"@type\":\"ListItem\",\"position\":2,\"name\":\"Darryl&rsquo;s Bio\"}]},{\"@type\":\"WebSite\",\"@id\":\"https:\/\/csccanada.org\/#website\",\"url\":\"https:\/\/csccanada.org\/\",\"name\":\"CSC Canada - The Duke of Edinburgh&#039;s\",\"description\":\"The Leadership Experience Of A Lifetime: Are You Ready For May 2022?\",\"potentialAction\":[{\"@type\":\"SearchAction\",\"target\":{\"@type\":\"EntryPoint\",\"urlTemplate\":\"https:\/\/csccanada.org\/?s={search_term_string}\"},\"query-input\":\"required name=search_term_string\"}],\"inLanguage\":\"fr-FR\"}]}<\/script>\n<!-- \/ Yoast SEO plugin. -->","yoast_head_json":{"title":"Darryl's Bio - CSC Canada - The Duke of Edinburgh&#039;s","robots":{"index":"index","follow":"follow","max-snippet":"max-snippet:-1","max-image-preview":"max-image-preview:large","max-video-preview":"max-video-preview:-1"},"canonical":"https:\/\/csccanada.org\/fr\/darryls-bio\/","og_locale":"fr_FR","og_type":"article","og_title":"Darryl's Bio - CSC Canada - The Duke of Edinburgh&#039;s","og_url":"https:\/\/csccanada.org\/fr\/darryls-bio\/","og_site_name":"CSC Canada - The Duke of Edinburgh&#039;s","article_modified_time":"2022-08-24T02:25:50+00:00","twitter_card":"summary_large_image","twitter_misc":{"Dur\u00e9e de lecture estim\u00e9e":"7 minutes"},"schema":{"@context":"https:\/\/schema.org","@graph":[{"@type":"WebPage","@id":"https:\/\/csccanada.org\/fr\/darryls-bio\/","url":"https:\/\/csccanada.org\/fr\/darryls-bio\/","name":"Darryl's Bio - CSC Canada - The Duke of Edinburgh&#039;s","isPartOf":{"@id":"https:\/\/csccanada.org\/#website"},"datePublished":"2020-01-16T02:43:25+00:00","dateModified":"2022-08-24T02:25:50+00:00","breadcrumb":{"@id":"https:\/\/csccanada.org\/fr\/darryls-bio\/#breadcrumb"},"inLanguage":"fr-FR","potentialAction":[{"@type":"ReadAction","target":["https:\/\/csccanada.org\/fr\/darryls-bio\/"]}]},{"@type":"BreadcrumbList","@id":"https:\/\/csccanada.org\/fr\/darryls-bio\/#breadcrumb","itemListElement":[{"@type":"ListItem","position":1,"name":"Home","item":"https:\/\/csccanada.org\/fr\/accueil-du-scc-2023\/"},{"@type":"ListItem","position":2,"name":"Darryl&rsquo;s Bio"}]},{"@type":"WebSite","@id":"https:\/\/csccanada.org\/#website","url":"https:\/\/csccanada.org\/","name":"CSC Canada - The Duke of Edinburgh&#039;s","description":"The Leadership Experience Of A Lifetime: Are You Ready For May 2022?","potentialAction":[{"@type":"SearchAction","target":{"@type":"EntryPoint","urlTemplate":"https:\/\/csccanada.org\/?s={search_term_string}"},"query-input":"required name=search_term_string"}],"inLanguage":"fr-FR"}]}},"_links":{"self":[{"href":"https:\/\/csccanada.org\/fr\/wp-json\/wp\/v2\/pages\/8973","targetHints":{"allow":["GET"]}}],"collection":[{"href":"https:\/\/csccanada.org\/fr\/wp-json\/wp\/v2\/pages"}],"about":[{"href":"https:\/\/csccanada.org\/fr\/wp-json\/wp\/v2\/types\/page"}],"author":[{"embeddable":true,"href":"https:\/\/csccanada.org\/fr\/wp-json\/wp\/v2\/users\/7"}],"replies":[{"embeddable":true,"href":"https:\/\/csccanada.org\/fr\/wp-json\/wp\/v2\/comments?post=8973"}],"version-history":[{"count":2,"href":"https:\/\/csccanada.org\/fr\/wp-json\/wp\/v2\/pages\/8973\/revisions"}],"predecessor-version":[{"id":8975,"href":"https:\/\/csccanada.org\/fr\/wp-json\/wp\/v2\/pages\/8973\/revisions\/8975"}],"wp:attachment":[{"href":"https:\/\/csccanada.org\/fr\/wp-json\/wp\/v2\/media?parent=8973"}],"curies":[{"name":"wp","href":"https:\/\/api.w.org\/{rel}","templated":true}]}}