{"id":8322,"date":"2020-01-16T10:11:41","date_gmt":"2020-01-16T15:11:41","guid":{"rendered":"https:\/\/csccanada.org\/impact\/"},"modified":"2022-07-11T21:35:59","modified_gmt":"2022-07-12T01:35:59","slug":"impact","status":"publish","type":"page","link":"https:\/\/csccanada.org\/fr\/impact\/","title":{"rendered":"Impact"},"content":{"rendered":"<div class=\"fusion-fullwidth fullwidth-box fusion-builder-row-1 nonhundred-percent-fullwidth non-hundred-percent-height-scrolling\" style=\"--awb-border-radius-top-left:0px;--awb-border-radius-top-right:0px;--awb-border-radius-bottom-right:0px;--awb-border-radius-bottom-left:0px;--awb-padding-top:50px;--awb-flex-wrap:wrap;\" ><div class=\"fusion-builder-row fusion-row\"><div class=\"fusion-layout-column fusion_builder_column fusion-builder-column-0 fusion_builder_column_2_3 2_3 fusion-two-third fusion-column-first\" style=\"--awb-bg-size:cover;width:66.666666666667%;width:calc(66.666666666667% - ( ( 4% ) * 0.66666666666667 ) );margin-right: 4%;\"><div class=\"fusion-column-wrapper fusion-column-has-shadow fusion-flex-column-wrapper-legacy\"><div class=\"fusion-text fusion-text-1\"><h2>Un programme de d\u00e9veloppement du leadership unique et puissant<\/h2>\n<p>Le processus d\u2019apprentissage exp\u00e9rientiel et de dialogue entre pairs que propose la Conf\u00e9rence d\u2019\u00e9tude du Commonwealth en fait un programme de d\u00e9veloppement du leadership tr\u00e8s interactif et hautement intersectoriel.<\/p>\n<p>Durant 15 jours, des dirigeants \u00e9mergents de partout dans le monde acqui\u00e8rent une exp\u00e9rience directe des enjeux cruciaux et des d\u00e9fis de leadership, tout en travaillant et en voyageant avec leurs pairs. La programmation unique propos\u00e9e renforce les connaissances, les comp\u00e9tences et la confiance n\u00e9cessaires pour travailler au sein de groupes diversifi\u00e9s et faire face \u00e0 des situations complexes.<\/p>\n<p>Les participants approfondissent leur compr\u00e9hension de leur responsabilit\u00e9 de leadership et de la mani\u00e8re dont les d\u00e9cisions qu\u2019ils prennent sont cruciales pour la communaut\u00e9 \u00e9largie ainsi que pour leur propre organisation.<\/p>\n<p>En vivant cette exp\u00e9rience ensemble, les participants s\u2019appuieront sur plusieurs comp\u00e9tences en leadership, dont :<\/p>\n<ul>\n<li>Direction d\u2019\u00e9quipes diversifi\u00e9es et travail avec des partenaires diversifi\u00e9s<\/li>\n<li>Intelligence culturelle<\/li>\n<li>R\u00e9solution de probl\u00e8mes complexes<\/li>\n<li>N\u00e9gociation collaborative<\/li>\n<li>Promotion de l&rsquo;innovation<\/li>\n<li>Gestion des conflits<\/li>\n<li>Compr\u00e9hension de la diversit\u00e9 et de la comp\u00e9titivit\u00e9<\/li>\n<\/ul>\n<\/div><div class=\"fusion-sep-clear\"><\/div><div class=\"fusion-separator fusion-full-width-sep\" style=\"margin-left: auto;margin-right: auto;margin-top:30px;width:100%;\"><\/div><div class=\"fusion-sep-clear\"><\/div><div class=\"fusion-align-block\"><a class=\"fusion-button button-flat button-xlarge button-custom fusion-button-default button-1 fusion-button-span-yes arrowbtn\" style=\"--button_accent_color:#ffffff;--button_border_color:#3588c8;--button_accent_hover_color:#ffffff;--button_border_hover_color:#493a60;--button_border_width-top:2px;--button_border_width-right:2px;--button_border_width-bottom:2px;--button_border_width-left:2px;--button-border-radius-top-left:10px;--button-border-radius-top-right:10px;--button-border-radius-bottom-right:10px;--button-border-radius-bottom-left:10px;--button_gradient_top_color:#3588c8;--button_gradient_bottom_color:#3588c8;--button_gradient_top_color_hover:#493a60;--button_gradient_bottom_color_hover:#493a60;--button_text_transform:uppercase;\" target=\"_self\" href=\"https:\/\/csccanada.org\/csc-testimonials\/\"><span class=\"fusion-button-text fusion-button-text-right\">ENTENDRE D\u2019ANCIENS PARTICIPANTS D\u00c9CRIRE DANS LEURS PROPRES MOTS L\u2019IMPACT QUE LA CONF\u00c9RENCE A EU SUR EUX<\/span><span class=\"fusion-button-icon-divider button-icon-divider-right\"><i class=\"fa-arrow-alt-circle-right fas\" aria-hidden=\"true\"><\/i><\/span><\/a><\/div><div class=\"fusion-sep-clear\"><\/div><div class=\"fusion-separator fusion-full-width-sep\" style=\"margin-left: auto;margin-right: auto;margin-top:30px;width:100%;\"><\/div><div class=\"fusion-sep-clear\"><\/div><div class=\"fusion-image-element in-legacy-container\" style=\"--awb-caption-title-font-family:var(--h2_typography-font-family);--awb-caption-title-font-weight:var(--h2_typography-font-weight);--awb-caption-title-font-style:var(--h2_typography-font-style);--awb-caption-title-size:var(--h2_typography-font-size);--awb-caption-title-transform:var(--h2_typography-text-transform);--awb-caption-title-line-height:var(--h2_typography-line-height);--awb-caption-title-letter-spacing:var(--h2_typography-letter-spacing);\"><span class=\" fusion-imageframe imageframe-none imageframe-1 hover-type-none\"><img decoding=\"async\" width=\"940\" height=\"647\" title=\"LeadershipDevThroughCSC\" src=\"data:image\/svg+xml,%3Csvg%20xmlns%3D%27http%3A%2F%2Fwww.w3.org%2F2000%2Fsvg%27%20width%3D%27940%27%20height%3D%27647%27%20viewBox%3D%270%200%20940%20647%27%3E%3Crect%20width%3D%27940%27%20height%3D%27647%27%20fill-opacity%3D%220%22%2F%3E%3C%2Fsvg%3E\" data-orig-src=\"https:\/\/csccanada.org\/wp-content\/uploads\/2022\/07\/impact_fr.png\" alt class=\"lazyload img-responsive wp-image-7518\"\/><\/span><\/div><div class=\"fusion-clearfix\"><\/div><\/div><\/div><div class=\"fusion-layout-column fusion_builder_column fusion-builder-column-1 fusion_builder_column_1_3 1_3 fusion-one-third fusion-column-last\" style=\"--awb-bg-size:cover;width:33.333333333333%;width:calc(33.333333333333% - ( ( 4% ) * 0.33333333333333 ) );\"><div class=\"fusion-column-wrapper fusion-column-has-shadow fusion-flex-column-wrapper-legacy\"><div class=\"fusion-image-element in-legacy-container\" style=\"--awb-caption-title-font-family:var(--h2_typography-font-family);--awb-caption-title-font-weight:var(--h2_typography-font-weight);--awb-caption-title-font-style:var(--h2_typography-font-style);--awb-caption-title-size:var(--h2_typography-font-size);--awb-caption-title-transform:var(--h2_typography-text-transform);--awb-caption-title-line-height:var(--h2_typography-line-height);--awb-caption-title-letter-spacing:var(--h2_typography-letter-spacing);\"><span class=\" fusion-imageframe imageframe-none imageframe-2 hover-type-none\"><img decoding=\"async\" width=\"1920\" height=\"1358\" title=\"csc-canada-attendees-in-front-of-mountians-for-slider\" src=\"https:\/\/csccanada.org\/wp-content\/uploads\/2019\/06\/csc-canada-attendees-in-front-of-mountians-for-slider.jpg\" data-orig-src=\"https:\/\/csccanada.org\/wp-content\/uploads\/2019\/06\/csc-canada-attendees-in-front-of-mountians-for-slider.jpg\" alt class=\"lazyload img-responsive wp-image-7512\" srcset=\"data:image\/svg+xml,%3Csvg%20xmlns%3D%27http%3A%2F%2Fwww.w3.org%2F2000%2Fsvg%27%20width%3D%271920%27%20height%3D%271358%27%20viewBox%3D%270%200%201920%201358%27%3E%3Crect%20width%3D%271920%27%20height%3D%271358%27%20fill-opacity%3D%220%22%2F%3E%3C%2Fsvg%3E\" data-srcset=\"https:\/\/csccanada.org\/wp-content\/uploads\/2019\/06\/csc-canada-attendees-in-front-of-mountians-for-slider-200x141.jpg 200w, https:\/\/csccanada.org\/wp-content\/uploads\/2019\/06\/csc-canada-attendees-in-front-of-mountians-for-slider-400x283.jpg 400w, https:\/\/csccanada.org\/wp-content\/uploads\/2019\/06\/csc-canada-attendees-in-front-of-mountians-for-slider-600x424.jpg 600w, https:\/\/csccanada.org\/wp-content\/uploads\/2019\/06\/csc-canada-attendees-in-front-of-mountians-for-slider-800x566.jpg 800w, https:\/\/csccanada.org\/wp-content\/uploads\/2019\/06\/csc-canada-attendees-in-front-of-mountians-for-slider-1200x849.jpg 1200w, https:\/\/csccanada.org\/wp-content\/uploads\/2019\/06\/csc-canada-attendees-in-front-of-mountians-for-slider.jpg 1920w\" data-sizes=\"auto\" data-orig-sizes=\"(max-width: 800px) 100vw, 400px\" \/><\/span><\/div><div class=\"fusion-sep-clear\"><\/div><div class=\"fusion-separator fusion-full-width-sep\" style=\"margin-left: auto;margin-right: auto;margin-top:50px;width:100%;\"><\/div><div class=\"fusion-sep-clear\"><\/div><div class=\"fusion-image-element in-legacy-container\" style=\"--awb-caption-title-font-family:var(--h2_typography-font-family);--awb-caption-title-font-weight:var(--h2_typography-font-weight);--awb-caption-title-font-style:var(--h2_typography-font-style);--awb-caption-title-size:var(--h2_typography-font-size);--awb-caption-title-transform:var(--h2_typography-text-transform);--awb-caption-title-line-height:var(--h2_typography-line-height);--awb-caption-title-letter-spacing:var(--h2_typography-letter-spacing);\"><span class=\" fusion-imageframe imageframe-none imageframe-3 hover-type-none\"><img decoding=\"async\" width=\"800\" height=\"1200\" title=\"csc-canada-slider-image-8\" src=\"https:\/\/csccanada.org\/wp-content\/uploads\/2019\/06\/csc-canada-slider-image-8.jpg\" data-orig-src=\"https:\/\/csccanada.org\/wp-content\/uploads\/2019\/06\/csc-canada-slider-image-8.jpg\" alt class=\"lazyload img-responsive wp-image-7361\" srcset=\"data:image\/svg+xml,%3Csvg%20xmlns%3D%27http%3A%2F%2Fwww.w3.org%2F2000%2Fsvg%27%20width%3D%27800%27%20height%3D%271200%27%20viewBox%3D%270%200%20800%201200%27%3E%3Crect%20width%3D%27800%27%20height%3D%271200%27%20fill-opacity%3D%220%22%2F%3E%3C%2Fsvg%3E\" data-srcset=\"https:\/\/csccanada.org\/wp-content\/uploads\/2019\/06\/csc-canada-slider-image-8-200x300.jpg 200w, https:\/\/csccanada.org\/wp-content\/uploads\/2019\/06\/csc-canada-slider-image-8-400x600.jpg 400w, https:\/\/csccanada.org\/wp-content\/uploads\/2019\/06\/csc-canada-slider-image-8-600x900.jpg 600w, https:\/\/csccanada.org\/wp-content\/uploads\/2019\/06\/csc-canada-slider-image-8.jpg 800w\" data-sizes=\"auto\" data-orig-sizes=\"(max-width: 800px) 100vw, 400px\" \/><\/span><\/div><div class=\"fusion-sep-clear\"><\/div><div class=\"fusion-separator fusion-full-width-sep\" style=\"margin-left: auto;margin-right: auto;margin-top:50px;width:100%;\"><\/div><div class=\"fusion-sep-clear\"><\/div><div class=\"fusion-image-element in-legacy-container\" style=\"--awb-caption-title-font-family:var(--h2_typography-font-family);--awb-caption-title-font-weight:var(--h2_typography-font-weight);--awb-caption-title-font-style:var(--h2_typography-font-style);--awb-caption-title-size:var(--h2_typography-font-size);--awb-caption-title-transform:var(--h2_typography-text-transform);--awb-caption-title-line-height:var(--h2_typography-line-height);--awb-caption-title-letter-spacing:var(--h2_typography-letter-spacing);\"><span class=\" fusion-imageframe imageframe-none imageframe-4 hover-type-none\"><img decoding=\"async\" width=\"1200\" height=\"800\" title=\"csc-canada-slider-image-11\" src=\"https:\/\/csccanada.org\/wp-content\/uploads\/2019\/06\/csc-canada-slider-image-11.jpg\" data-orig-src=\"https:\/\/csccanada.org\/wp-content\/uploads\/2019\/06\/csc-canada-slider-image-11.jpg\" alt class=\"lazyload img-responsive wp-image-7363\" srcset=\"data:image\/svg+xml,%3Csvg%20xmlns%3D%27http%3A%2F%2Fwww.w3.org%2F2000%2Fsvg%27%20width%3D%271200%27%20height%3D%27800%27%20viewBox%3D%270%200%201200%20800%27%3E%3Crect%20width%3D%271200%27%20height%3D%27800%27%20fill-opacity%3D%220%22%2F%3E%3C%2Fsvg%3E\" data-srcset=\"https:\/\/csccanada.org\/wp-content\/uploads\/2019\/06\/csc-canada-slider-image-11-200x133.jpg 200w, https:\/\/csccanada.org\/wp-content\/uploads\/2019\/06\/csc-canada-slider-image-11-400x267.jpg 400w, https:\/\/csccanada.org\/wp-content\/uploads\/2019\/06\/csc-canada-slider-image-11-600x400.jpg 600w, https:\/\/csccanada.org\/wp-content\/uploads\/2019\/06\/csc-canada-slider-image-11-800x533.jpg 800w, https:\/\/csccanada.org\/wp-content\/uploads\/2019\/06\/csc-canada-slider-image-11.jpg 1200w\" data-sizes=\"auto\" data-orig-sizes=\"(max-width: 800px) 100vw, 400px\" \/><\/span><\/div><div class=\"fusion-clearfix\"><\/div><\/div><\/div><\/div><\/div>\n","protected":false},"excerpt":{"rendered":"","protected":false},"author":7,"featured_media":0,"parent":0,"menu_order":79,"comment_status":"closed","ping_status":"closed","template":"100-width.php","meta":{"inline_featured_image":false,"footnotes":""},"class_list":["post-8322","page","type-page","status-publish","hentry"],"yoast_head":"<!-- This site is optimized with the Yoast SEO plugin v21.6 - https:\/\/yoast.com\/wordpress\/plugins\/seo\/ -->\n<title>Impact - CSC Canada - The Duke of Edinburgh&#039;s<\/title>\n<meta name=\"robots\" content=\"index, follow, max-snippet:-1, max-image-preview:large, max-video-preview:-1\" \/>\n<link rel=\"canonical\" href=\"https:\/\/csccanada.org\/fr\/impact\/\" \/>\n<meta property=\"og:locale\" content=\"fr_FR\" \/>\n<meta property=\"og:type\" content=\"article\" \/>\n<meta property=\"og:title\" content=\"Impact - CSC Canada - The Duke of Edinburgh&#039;s\" \/>\n<meta property=\"og:url\" content=\"https:\/\/csccanada.org\/fr\/impact\/\" \/>\n<meta property=\"og:site_name\" content=\"CSC Canada - The Duke of Edinburgh&#039;s\" \/>\n<meta property=\"article:modified_time\" content=\"2022-07-12T01:35:59+00:00\" \/>\n<meta name=\"twitter:card\" content=\"summary_large_image\" \/>\n<meta name=\"twitter:label1\" content=\"Dur\u00e9e de lecture estim\u00e9e\" \/>\n\t<meta name=\"twitter:data1\" content=\"5 minutes\" \/>\n<script type=\"application\/ld+json\" class=\"yoast-schema-graph\">{\"@context\":\"https:\/\/schema.org\",\"@graph\":[{\"@type\":\"WebPage\",\"@id\":\"https:\/\/csccanada.org\/fr\/impact\/\",\"url\":\"https:\/\/csccanada.org\/fr\/impact\/\",\"name\":\"Impact - CSC Canada - The Duke of Edinburgh&#039;s\",\"isPartOf\":{\"@id\":\"https:\/\/csccanada.org\/#website\"},\"datePublished\":\"2020-01-16T15:11:41+00:00\",\"dateModified\":\"2022-07-12T01:35:59+00:00\",\"breadcrumb\":{\"@id\":\"https:\/\/csccanada.org\/fr\/impact\/#breadcrumb\"},\"inLanguage\":\"fr-FR\",\"potentialAction\":[{\"@type\":\"ReadAction\",\"target\":[\"https:\/\/csccanada.org\/fr\/impact\/\"]}]},{\"@type\":\"BreadcrumbList\",\"@id\":\"https:\/\/csccanada.org\/fr\/impact\/#breadcrumb\",\"itemListElement\":[{\"@type\":\"ListItem\",\"position\":1,\"name\":\"Home\",\"item\":\"https:\/\/csccanada.org\/fr\/accueil-du-scc-2023\/\"},{\"@type\":\"ListItem\",\"position\":2,\"name\":\"Impact\"}]},{\"@type\":\"WebSite\",\"@id\":\"https:\/\/csccanada.org\/#website\",\"url\":\"https:\/\/csccanada.org\/\",\"name\":\"CSC Canada - The Duke of Edinburgh&#039;s\",\"description\":\"The Leadership Experience Of A Lifetime: Are You Ready For May 2022?\",\"potentialAction\":[{\"@type\":\"SearchAction\",\"target\":{\"@type\":\"EntryPoint\",\"urlTemplate\":\"https:\/\/csccanada.org\/?s={search_term_string}\"},\"query-input\":\"required name=search_term_string\"}],\"inLanguage\":\"fr-FR\"}]}<\/script>\n<!-- \/ Yoast SEO plugin. -->","yoast_head_json":{"title":"Impact - CSC Canada - The Duke of Edinburgh&#039;s","robots":{"index":"index","follow":"follow","max-snippet":"max-snippet:-1","max-image-preview":"max-image-preview:large","max-video-preview":"max-video-preview:-1"},"canonical":"https:\/\/csccanada.org\/fr\/impact\/","og_locale":"fr_FR","og_type":"article","og_title":"Impact - CSC Canada - The Duke of Edinburgh&#039;s","og_url":"https:\/\/csccanada.org\/fr\/impact\/","og_site_name":"CSC Canada - The Duke of Edinburgh&#039;s","article_modified_time":"2022-07-12T01:35:59+00:00","twitter_card":"summary_large_image","twitter_misc":{"Dur\u00e9e de lecture estim\u00e9e":"5 minutes"},"schema":{"@context":"https:\/\/schema.org","@graph":[{"@type":"WebPage","@id":"https:\/\/csccanada.org\/fr\/impact\/","url":"https:\/\/csccanada.org\/fr\/impact\/","name":"Impact - CSC Canada - The Duke of Edinburgh&#039;s","isPartOf":{"@id":"https:\/\/csccanada.org\/#website"},"datePublished":"2020-01-16T15:11:41+00:00","dateModified":"2022-07-12T01:35:59+00:00","breadcrumb":{"@id":"https:\/\/csccanada.org\/fr\/impact\/#breadcrumb"},"inLanguage":"fr-FR","potentialAction":[{"@type":"ReadAction","target":["https:\/\/csccanada.org\/fr\/impact\/"]}]},{"@type":"BreadcrumbList","@id":"https:\/\/csccanada.org\/fr\/impact\/#breadcrumb","itemListElement":[{"@type":"ListItem","position":1,"name":"Home","item":"https:\/\/csccanada.org\/fr\/accueil-du-scc-2023\/"},{"@type":"ListItem","position":2,"name":"Impact"}]},{"@type":"WebSite","@id":"https:\/\/csccanada.org\/#website","url":"https:\/\/csccanada.org\/","name":"CSC Canada - The Duke of Edinburgh&#039;s","description":"The Leadership Experience Of A Lifetime: Are You Ready For May 2022?","potentialAction":[{"@type":"SearchAction","target":{"@type":"EntryPoint","urlTemplate":"https:\/\/csccanada.org\/?s={search_term_string}"},"query-input":"required name=search_term_string"}],"inLanguage":"fr-FR"}]}},"_links":{"self":[{"href":"https:\/\/csccanada.org\/fr\/wp-json\/wp\/v2\/pages\/8322","targetHints":{"allow":["GET"]}}],"collection":[{"href":"https:\/\/csccanada.org\/fr\/wp-json\/wp\/v2\/pages"}],"about":[{"href":"https:\/\/csccanada.org\/fr\/wp-json\/wp\/v2\/types\/page"}],"author":[{"embeddable":true,"href":"https:\/\/csccanada.org\/fr\/wp-json\/wp\/v2\/users\/7"}],"replies":[{"embeddable":true,"href":"https:\/\/csccanada.org\/fr\/wp-json\/wp\/v2\/comments?post=8322"}],"version-history":[{"count":8,"href":"https:\/\/csccanada.org\/fr\/wp-json\/wp\/v2\/pages\/8322\/revisions"}],"predecessor-version":[{"id":8544,"href":"https:\/\/csccanada.org\/fr\/wp-json\/wp\/v2\/pages\/8322\/revisions\/8544"}],"wp:attachment":[{"href":"https:\/\/csccanada.org\/fr\/wp-json\/wp\/v2\/media?parent=8322"}],"curies":[{"name":"wp","href":"https:\/\/api.w.org\/{rel}","templated":true}]}}