{"id":8142,"date":"2019-06-05T01:10:52","date_gmt":"2019-06-05T05:10:52","guid":{"rendered":"https:\/\/csccanada.org\/participation\/"},"modified":"2022-06-28T08:55:37","modified_gmt":"2022-06-28T12:55:37","slug":"participation","status":"publish","type":"page","link":"https:\/\/csccanada.org\/fr\/participation\/","title":{"rendered":"Participation"},"content":{"rendered":"<div class=\"fusion-fullwidth fullwidth-box fusion-builder-row-1 nonhundred-percent-fullwidth non-hundred-percent-height-scrolling\" style=\"--awb-border-radius-top-left:0px;--awb-border-radius-top-right:0px;--awb-border-radius-bottom-right:0px;--awb-border-radius-bottom-left:0px;--awb-padding-top:50px;--awb-flex-wrap:wrap;\" ><div class=\"fusion-builder-row fusion-row\"><div class=\"fusion-layout-column fusion_builder_column fusion-builder-column-0 fusion_builder_column_2_3 2_3 fusion-two-third fusion-column-first\" style=\"--awb-padding-top:0px;--awb-padding-right:0px;--awb-padding-bottom:0px;--awb-padding-left:20px;--awb-bg-size:cover;--awb-margin-bottom:0px;width:66.666666666667%;width:calc(66.666666666667% - ( ( 4% ) * 0.66666666666667 ) );margin-right: 4%;\"><div class=\"fusion-column-wrapper fusion-column-has-shadow fusion-flex-column-wrapper-legacy\"><div class=\"fusion-title title fusion-title-1 fusion-sep-none fusion-title-text fusion-title-size-one\"><h1 class=\"fusion-title-heading title-heading-left fusion-responsive-typography-calculated\" style=\"margin:0;--fontSize:42;line-height:1.6;\"><h3 data-fontsize=\"30\" data-lineheight=\"36\">Une exp\u00e9rience unique et profonde<\/h3><\/h1><\/div><div class=\"fusion-text fusion-text-1\"><p>La Conf\u00e9rence d\u2019\u00e9tude du Commonwealth (CSC) s\u2019adresse aux dirigeants en mi-carri\u00e8re et \u00e0 grand potentiel, citoyens des pays du Commonwealth, qui ont \u00e9t\u00e9 cibl\u00e9s par leurs organisations ou d\u2019autres dirigeants et qui sont susceptibles d\u2019occuper des postes de responsabilit\u00e9 croissante au cours des 10 prochaines ann\u00e9es.<u><\/u><u><\/u><\/p>\n<p>Les participants proviendront surtout d\u2019entreprises, de syndicats et de gouvernements, mais certains proviendront aussi d\u2019organisations communautaires, du milieu des arts et de la culture, des m\u00e9dias, d\u2019ONG, du milieu des soins de sant\u00e9 et des organisations autochtones et, d\u2019autres encore, seront des entrepreneurs et des travailleurs autonomes. <u><\/u><u><\/u><\/p>\n<p>La participation \u00e0 la Conf\u00e9rence est gratuite. Une fois accept\u00e9s, les participants et leur organisation dans leur pays n\u2019ont \u00e0 assumer que le co\u00fbt du voyage aller-retour au Canada. Des accommodements seront faits pour les personnes en situation de handicap physique.<u><\/u><u><\/u><\/p>\n<p>Les participants sont s\u00e9lectionn\u00e9s pour prendre part \u00e0 la Conf\u00e9rence en tant qu\u2019individus et non \u00e0 titre de d\u00e9l\u00e9gu\u00e9s ou de repr\u00e9sentants d\u2019une organisation ou d\u2019un secteur d\u2019activit\u00e9.<u><\/u><u><\/u><\/p>\n<p>Les demandes de participation seront re\u00e7ues du 14 mars au 30 septembre 2022<\/p>\n<\/div><div class=\"fusion-sep-clear\"><\/div><div class=\"fusion-separator fusion-full-width-sep\" style=\"margin-left: auto;margin-right: auto;margin-bottom:30px;width:100%;\"><\/div><div class=\"fusion-sep-clear\"><\/div><div class=\"fusion-image-element in-legacy-container\" style=\"--awb-bottom-shadow-color:rgba(0,0,0,0.4);--awb-caption-title-font-family:var(--h2_typography-font-family);--awb-caption-title-font-weight:var(--h2_typography-font-weight);--awb-caption-title-font-style:var(--h2_typography-font-style);--awb-caption-title-size:var(--h2_typography-font-size);--awb-caption-title-transform:var(--h2_typography-text-transform);--awb-caption-title-line-height:var(--h2_typography-line-height);--awb-caption-title-letter-spacing:var(--h2_typography-letter-spacing);\"><div class=\"awb-image-frame awb-image-frame-1 fusion-image-frame-bottomshadow image-frame-shadow-1 fusion-no-small-visibility\"><span class=\" fusion-imageframe imageframe-bottomshadow imageframe-1 element-bottomshadow hover-type-none fusion-animated\" data-animationType=\"fadeIn\" data-animationDuration=\"0.5\" data-animationOffset=\"top-into-view\"><img decoding=\"async\" width=\"400\" height=\"400\" title=\"applyPhoto\" src=\"https:\/\/csccanada.org\/wp-content\/uploads\/2020\/01\/applyPhoto.jpg\" data-orig-src=\"https:\/\/csccanada.org\/wp-content\/uploads\/2020\/01\/applyPhoto-400x400.jpg\" alt class=\"lazyload img-responsive wp-image-7658\" srcset=\"data:image\/svg+xml,%3Csvg%20xmlns%3D%27http%3A%2F%2Fwww.w3.org%2F2000%2Fsvg%27%20width%3D%272118%27%20height%3D%272118%27%20viewBox%3D%270%200%202118%202118%27%3E%3Crect%20width%3D%272118%27%20height%3D%272118%27%20fill-opacity%3D%220%22%2F%3E%3C%2Fsvg%3E\" data-srcset=\"https:\/\/csccanada.org\/wp-content\/uploads\/2020\/01\/applyPhoto-200x200.jpg 200w, https:\/\/csccanada.org\/wp-content\/uploads\/2020\/01\/applyPhoto-400x400.jpg 400w, https:\/\/csccanada.org\/wp-content\/uploads\/2020\/01\/applyPhoto-600x600.jpg 600w, https:\/\/csccanada.org\/wp-content\/uploads\/2020\/01\/applyPhoto-800x800.jpg 800w, https:\/\/csccanada.org\/wp-content\/uploads\/2020\/01\/applyPhoto-1200x1200.jpg 1200w\" data-sizes=\"auto\" data-orig-sizes=\"(max-width: 800px) 100vw, 800px\" \/><\/span><\/div><\/div><div class=\"fusion-sep-clear\"><\/div><div class=\"fusion-separator fusion-full-width-sep\" style=\"margin-left: auto;margin-right: auto;margin-bottom:30px;width:100%;\"><\/div><div class=\"fusion-sep-clear\"><\/div><div class=\"fusion-clearfix\"><\/div><\/div><\/div><div class=\"fusion-layout-column fusion_builder_column fusion-builder-column-1 fusion_builder_column_1_3 1_3 fusion-one-third fusion-column-last\" style=\"--awb-bg-size:cover;--awb-margin-bottom:25px;width:33.333333333333%;width:calc(33.333333333333% - ( ( 4% ) * 0.33333333333333 ) );\"><div class=\"fusion-column-wrapper fusion-column-has-shadow fusion-flex-column-wrapper-legacy\"><div class=\"fusion-align-block\"><a class=\"fusion-button button-flat button-xlarge button-custom fusion-button-default button-1 fusion-button-span-yes arrowbtn\" style=\"--button_accent_color:#ffffff;--button_border_color:#3588c8;--button_accent_hover_color:#ffffff;--button_border_hover_color:#493a60;--button_border_width-top:2px;--button_border_width-right:2px;--button_border_width-bottom:2px;--button_border_width-left:2px;--button-border-radius-top-left:10px;--button-border-radius-top-right:10px;--button-border-radius-bottom-right:10px;--button-border-radius-bottom-left:10px;--button_gradient_top_color:#3588c8;--button_gradient_bottom_color:#3588c8;--button_gradient_top_color_hover:#493a60;--button_gradient_bottom_color_hover:#493a60;--button_text_transform:uppercase;\" target=\"_self\" href=\"https:\/\/csccanada.org\/fr\/comment-soumettre-une-demande-de-participation\/\"><span class=\"fusion-button-text fusion-button-text-right\">Comment soumettre une demande de participation<\/span><span class=\"fusion-button-icon-divider button-icon-divider-right\"><i class=\"fa-arrow-right fas\" aria-hidden=\"true\"><\/i><\/span><\/a><\/div><div class=\"fusion-sep-clear\"><\/div><div class=\"fusion-separator fusion-full-width-sep\" style=\"margin-left: auto;margin-right: auto;margin-bottom:15px;width:100%;\"><\/div><div class=\"fusion-sep-clear\"><\/div><div class=\"fusion-align-block\"><a class=\"fusion-button button-flat button-xlarge button-custom fusion-button-default button-2 fusion-button-span-yes arrowbtn\" style=\"--button_accent_color:#ffffff;--button_border_color:#3588c8;--button_accent_hover_color:#ffffff;--button_border_hover_color:#493a60;--button_border_width-top:2px;--button_border_width-right:2px;--button_border_width-bottom:2px;--button_border_width-left:2px;--button-border-radius-top-left:10px;--button-border-radius-top-right:10px;--button-border-radius-bottom-right:10px;--button-border-radius-bottom-left:10px;--button_gradient_top_color:#3588c8;--button_gradient_bottom_color:#3588c8;--button_gradient_top_color_hover:#493a60;--button_gradient_bottom_color_hover:#493a60;--button_text_transform:uppercase;\" target=\"_self\" href=\"https:\/\/csccanada.org\/fr\/formulaire-de-candidature\/\"><span class=\"fusion-button-text fusion-button-text-right\">Formulaire de demande de participation<\/span><span class=\"fusion-button-icon-divider button-icon-divider-right\"><i class=\"fa-arrow-right fas\" aria-hidden=\"true\"><\/i><\/span><\/a><\/div><div class=\"fusion-sep-clear\"><\/div><div class=\"fusion-separator fusion-full-width-sep\" style=\"margin-left: auto;margin-right: auto;margin-bottom:15px;width:100%;\"><\/div><div class=\"fusion-sep-clear\"><\/div><div class=\"fusion-align-block\"><a class=\"fusion-button button-flat button-xlarge button-custom fusion-button-default button-3 fusion-button-span-yes arrowbtn\" style=\"--button_accent_color:#ffffff;--button_border_color:#3588c8;--button_accent_hover_color:#ffffff;--button_border_hover_color:#493a60;--button_border_width-top:2px;--button_border_width-right:2px;--button_border_width-bottom:2px;--button_border_width-left:2px;--button-border-radius-top-left:10px;--button-border-radius-top-right:10px;--button-border-radius-bottom-right:10px;--button-border-radius-bottom-left:10px;--button_gradient_top_color:#3588c8;--button_gradient_bottom_color:#3588c8;--button_gradient_top_color_hover:#493a60;--button_gradient_bottom_color_hover:#493a60;--button_text_transform:uppercase;\" target=\"_self\" href=\"https:\/\/csccanada.org\/fr\/formulaire-de-parrainage\/\"><span class=\"fusion-button-text fusion-button-text-right\">Formulaire de parrainage<\/span><span class=\"fusion-button-icon-divider button-icon-divider-right\"><i class=\"fa-arrow-right fas\" aria-hidden=\"true\"><\/i><\/span><\/a><\/div><div class=\"fusion-sep-clear\"><\/div><div class=\"fusion-separator fusion-full-width-sep\" style=\"margin-left: auto;margin-right: auto;margin-bottom:15px;width:100%;\"><\/div><div class=\"fusion-sep-clear\"><\/div><div class=\"fusion-align-block\"><a class=\"fusion-button button-flat button-xlarge button-custom fusion-button-default button-4 fusion-button-span-yes arrowbtn\" style=\"--button_accent_color:#ffffff;--button_border_color:#3588c8;--button_accent_hover_color:#ffffff;--button_border_hover_color:#493a60;--button_border_width-top:2px;--button_border_width-right:2px;--button_border_width-bottom:2px;--button_border_width-left:2px;--button-border-radius-top-left:10px;--button-border-radius-top-right:10px;--button-border-radius-bottom-right:10px;--button-border-radius-bottom-left:10px;--button_gradient_top_color:#3588c8;--button_gradient_bottom_color:#3588c8;--button_gradient_top_color_hover:#493a60;--button_gradient_bottom_color_hover:#493a60;--button_text_transform:uppercase;\" target=\"_blank\" rel=\"noopener noreferrer\" href=\"https:\/\/csccanada.org\/wp-content\/uploads\/2022\/06\/CSC-Promo-French.pdf\"><span class=\"fusion-button-text fusion-button-text-right\">CSC Brochure FR<\/span><span class=\"fusion-button-icon-divider button-icon-divider-right\"><i class=\"fa-arrow-right fas\" aria-hidden=\"true\"><\/i><\/span><\/a><\/div><div class=\"fusion-sep-clear\"><\/div><div class=\"fusion-separator fusion-full-width-sep\" style=\"margin-left: auto;margin-right: auto;margin-bottom:15px;width:100%;\"><\/div><div class=\"fusion-sep-clear\"><\/div><div class=\"fusion-align-block\"><a class=\"fusion-button button-flat button-xlarge button-custom fusion-button-default button-5 fusion-button-span-yes arrowbtn\" style=\"--button_accent_color:#ffffff;--button_border_color:#3588c8;--button_accent_hover_color:#ffffff;--button_border_hover_color:#493a60;--button_border_width-top:2px;--button_border_width-right:2px;--button_border_width-bottom:2px;--button_border_width-left:2px;--button-border-radius-top-left:10px;--button-border-radius-top-right:10px;--button-border-radius-bottom-right:10px;--button-border-radius-bottom-left:10px;--button_gradient_top_color:#3588c8;--button_gradient_bottom_color:#3588c8;--button_gradient_top_color_hover:#493a60;--button_gradient_bottom_color_hover:#493a60;--button_text_transform:uppercase;\" target=\"_blank\" rel=\"noopener noreferrer\" href=\"https:\/\/csccanada.org\/wp-content\/uploads\/2022\/03\/0205_dw_csc_message_v6.mp4-1080p.mp4\"><span class=\"fusion-button-text fusion-button-text-right\">MESSAGE AUX PARTICIPANTS \u00c0 LA CSC2023 DU PR\u00c9SIDENT DARRYL WHITE<\/span><span class=\"fusion-button-icon-divider button-icon-divider-right\"><i class=\"fa-arrow-right fas\" aria-hidden=\"true\"><\/i><\/span><\/a><\/div><div class=\"fusion-sep-clear\"><\/div><div class=\"fusion-separator fusion-full-width-sep\" style=\"margin-left: auto;margin-right: auto;margin-bottom:15px;width:100%;\"><\/div><div class=\"fusion-sep-clear\"><\/div><div class=\"fusion-align-block\"><a class=\"fusion-button button-flat button-xlarge button-custom fusion-button-default button-6 fusion-button-span-yes arrowbtn\" style=\"--button_accent_color:#ffffff;--button_border_color:#3588c8;--button_accent_hover_color:#ffffff;--button_border_hover_color:#493a60;--button_border_width-top:2px;--button_border_width-right:2px;--button_border_width-bottom:2px;--button_border_width-left:2px;--button-border-radius-top-left:10px;--button-border-radius-top-right:10px;--button-border-radius-bottom-right:10px;--button-border-radius-bottom-left:10px;--button_gradient_top_color:#3588c8;--button_gradient_bottom_color:#3588c8;--button_gradient_top_color_hover:#493a60;--button_gradient_bottom_color_hover:#493a60;--button_text_transform:uppercase;\" target=\"_self\" href=\"https:\/\/csccanada.org\/csc-testimonials\/\"><span class=\"fusion-button-text fusion-button-text-right\">T\u00c9MOIGNAGES D\u2019ANCIENS PARTICIPANTS<\/span><span class=\"fusion-button-icon-divider button-icon-divider-right\"><i class=\"fa-arrow-right fas\" aria-hidden=\"true\"><\/i><\/span><\/a><\/div><div class=\"fusion-sep-clear\"><\/div><div class=\"fusion-separator fusion-full-width-sep\" style=\"margin-left: auto;margin-right: auto;margin-bottom:15px;width:100%;\"><\/div><div class=\"fusion-sep-clear\"><\/div><div class=\"fusion-align-block\"><a class=\"fusion-button button-flat button-xlarge button-custom fusion-button-default button-7 fusion-button-span-yes arrowbtn\" style=\"--button_accent_color:#ffffff;--button_border_color:#3588c8;--button_accent_hover_color:#ffffff;--button_border_hover_color:#493a60;--button_border_width-top:2px;--button_border_width-right:2px;--button_border_width-bottom:2px;--button_border_width-left:2px;--button-border-radius-top-left:10px;--button-border-radius-top-right:10px;--button-border-radius-bottom-right:10px;--button-border-radius-bottom-left:10px;--button_gradient_top_color:#3588c8;--button_gradient_bottom_color:#3588c8;--button_gradient_top_color_hover:#493a60;--button_gradient_bottom_color_hover:#493a60;--button_text_transform:uppercase;\" target=\"_self\" href=\"https:\/\/csccanada.org\/csc-2023-video\/\"><span class=\"fusion-button-text fusion-button-text-right\">REGARDER LA VID\u00c9O DE LA CSC2023<\/span><span class=\"fusion-button-icon-divider button-icon-divider-right\"><i class=\"fa-arrow-right fas\" aria-hidden=\"true\"><\/i><\/span><\/a><\/div><div class=\"fusion-sep-clear\"><\/div><div class=\"fusion-separator fusion-full-width-sep\" style=\"margin-left: auto;margin-right: auto;margin-bottom:15px;width:100%;\"><\/div><div class=\"fusion-sep-clear\"><\/div><div class=\"fusion-align-block\"><a class=\"fusion-button button-flat button-xlarge button-custom fusion-button-default button-8 fusion-button-span-yes arrowbtn\" style=\"--button_accent_color:#ffffff;--button_border_color:#3588c8;--button_accent_hover_color:#ffffff;--button_border_hover_color:#493a60;--button_border_width-top:2px;--button_border_width-right:2px;--button_border_width-bottom:2px;--button_border_width-left:2px;--button-border-radius-top-left:10px;--button-border-radius-top-right:10px;--button-border-radius-bottom-right:10px;--button-border-radius-bottom-left:10px;--button_gradient_top_color:#3588c8;--button_gradient_bottom_color:#3588c8;--button_gradient_top_color_hover:#493a60;--button_gradient_bottom_color_hover:#493a60;--button_text_transform:uppercase;\" target=\"_self\" href=\"https:\/\/csccanada.org\/keep-informed\/\"><span class=\"fusion-button-text fusion-button-text-right\">SE TENIR AU COURANT<\/span><span class=\"fusion-button-icon-divider button-icon-divider-right\"><i class=\"fa-arrow-right fas\" aria-hidden=\"true\"><\/i><\/span><\/a><\/div><div class=\"fusion-clearfix\"><\/div><\/div><\/div><\/div><\/div>\n","protected":false},"excerpt":{"rendered":"","protected":false},"author":1,"featured_media":0,"parent":0,"menu_order":84,"comment_status":"closed","ping_status":"closed","template":"100-width.php","meta":{"inline_featured_image":false,"footnotes":""},"class_list":["post-8142","page","type-page","status-publish","hentry"],"yoast_head":"<!-- This site is optimized with the Yoast SEO plugin v21.6 - https:\/\/yoast.com\/wordpress\/plugins\/seo\/ -->\n<title>Participation - CSC Canada - The Duke of Edinburgh&#039;s<\/title>\n<meta name=\"robots\" content=\"index, follow, max-snippet:-1, max-image-preview:large, max-video-preview:-1\" \/>\n<link rel=\"canonical\" href=\"https:\/\/csccanada.org\/fr\/participation\/\" \/>\n<meta property=\"og:locale\" content=\"fr_FR\" \/>\n<meta property=\"og:type\" content=\"article\" \/>\n<meta property=\"og:title\" content=\"Participation - CSC Canada - The Duke of Edinburgh&#039;s\" \/>\n<meta property=\"og:url\" content=\"https:\/\/csccanada.org\/fr\/participation\/\" \/>\n<meta property=\"og:site_name\" content=\"CSC Canada - The Duke of Edinburgh&#039;s\" \/>\n<meta property=\"article:modified_time\" content=\"2022-06-28T12:55:37+00:00\" \/>\n<meta name=\"twitter:card\" content=\"summary_large_image\" \/>\n<meta name=\"twitter:label1\" content=\"Dur\u00e9e de lecture estim\u00e9e\" \/>\n\t<meta name=\"twitter:data1\" content=\"9 minutes\" \/>\n<script type=\"application\/ld+json\" class=\"yoast-schema-graph\">{\"@context\":\"https:\/\/schema.org\",\"@graph\":[{\"@type\":\"WebPage\",\"@id\":\"https:\/\/csccanada.org\/fr\/participation\/\",\"url\":\"https:\/\/csccanada.org\/fr\/participation\/\",\"name\":\"Participation - CSC Canada - The Duke of Edinburgh&#039;s\",\"isPartOf\":{\"@id\":\"https:\/\/csccanada.org\/#website\"},\"datePublished\":\"2019-06-05T05:10:52+00:00\",\"dateModified\":\"2022-06-28T12:55:37+00:00\",\"breadcrumb\":{\"@id\":\"https:\/\/csccanada.org\/fr\/participation\/#breadcrumb\"},\"inLanguage\":\"fr-FR\",\"potentialAction\":[{\"@type\":\"ReadAction\",\"target\":[\"https:\/\/csccanada.org\/fr\/participation\/\"]}]},{\"@type\":\"BreadcrumbList\",\"@id\":\"https:\/\/csccanada.org\/fr\/participation\/#breadcrumb\",\"itemListElement\":[{\"@type\":\"ListItem\",\"position\":1,\"name\":\"Home\",\"item\":\"https:\/\/csccanada.org\/fr\/accueil-du-scc-2023\/\"},{\"@type\":\"ListItem\",\"position\":2,\"name\":\"Participation\"}]},{\"@type\":\"WebSite\",\"@id\":\"https:\/\/csccanada.org\/#website\",\"url\":\"https:\/\/csccanada.org\/\",\"name\":\"CSC Canada - The Duke of Edinburgh&#039;s\",\"description\":\"The Leadership Experience Of A Lifetime: Are You Ready For May 2022?\",\"potentialAction\":[{\"@type\":\"SearchAction\",\"target\":{\"@type\":\"EntryPoint\",\"urlTemplate\":\"https:\/\/csccanada.org\/?s={search_term_string}\"},\"query-input\":\"required name=search_term_string\"}],\"inLanguage\":\"fr-FR\"}]}<\/script>\n<!-- \/ Yoast SEO plugin. -->","yoast_head_json":{"title":"Participation - CSC Canada - The Duke of Edinburgh&#039;s","robots":{"index":"index","follow":"follow","max-snippet":"max-snippet:-1","max-image-preview":"max-image-preview:large","max-video-preview":"max-video-preview:-1"},"canonical":"https:\/\/csccanada.org\/fr\/participation\/","og_locale":"fr_FR","og_type":"article","og_title":"Participation - CSC Canada - The Duke of Edinburgh&#039;s","og_url":"https:\/\/csccanada.org\/fr\/participation\/","og_site_name":"CSC Canada - The Duke of Edinburgh&#039;s","article_modified_time":"2022-06-28T12:55:37+00:00","twitter_card":"summary_large_image","twitter_misc":{"Dur\u00e9e de lecture estim\u00e9e":"9 minutes"},"schema":{"@context":"https:\/\/schema.org","@graph":[{"@type":"WebPage","@id":"https:\/\/csccanada.org\/fr\/participation\/","url":"https:\/\/csccanada.org\/fr\/participation\/","name":"Participation - CSC Canada - The Duke of Edinburgh&#039;s","isPartOf":{"@id":"https:\/\/csccanada.org\/#website"},"datePublished":"2019-06-05T05:10:52+00:00","dateModified":"2022-06-28T12:55:37+00:00","breadcrumb":{"@id":"https:\/\/csccanada.org\/fr\/participation\/#breadcrumb"},"inLanguage":"fr-FR","potentialAction":[{"@type":"ReadAction","target":["https:\/\/csccanada.org\/fr\/participation\/"]}]},{"@type":"BreadcrumbList","@id":"https:\/\/csccanada.org\/fr\/participation\/#breadcrumb","itemListElement":[{"@type":"ListItem","position":1,"name":"Home","item":"https:\/\/csccanada.org\/fr\/accueil-du-scc-2023\/"},{"@type":"ListItem","position":2,"name":"Participation"}]},{"@type":"WebSite","@id":"https:\/\/csccanada.org\/#website","url":"https:\/\/csccanada.org\/","name":"CSC Canada - The Duke of Edinburgh&#039;s","description":"The Leadership Experience Of A Lifetime: Are You Ready For May 2022?","potentialAction":[{"@type":"SearchAction","target":{"@type":"EntryPoint","urlTemplate":"https:\/\/csccanada.org\/?s={search_term_string}"},"query-input":"required name=search_term_string"}],"inLanguage":"fr-FR"}]}},"_links":{"self":[{"href":"https:\/\/csccanada.org\/fr\/wp-json\/wp\/v2\/pages\/8142","targetHints":{"allow":["GET"]}}],"collection":[{"href":"https:\/\/csccanada.org\/fr\/wp-json\/wp\/v2\/pages"}],"about":[{"href":"https:\/\/csccanada.org\/fr\/wp-json\/wp\/v2\/types\/page"}],"author":[{"embeddable":true,"href":"https:\/\/csccanada.org\/fr\/wp-json\/wp\/v2\/users\/1"}],"replies":[{"embeddable":true,"href":"https:\/\/csccanada.org\/fr\/wp-json\/wp\/v2\/comments?post=8142"}],"version-history":[{"count":10,"href":"https:\/\/csccanada.org\/fr\/wp-json\/wp\/v2\/pages\/8142\/revisions"}],"predecessor-version":[{"id":8475,"href":"https:\/\/csccanada.org\/fr\/wp-json\/wp\/v2\/pages\/8142\/revisions\/8475"}],"wp:attachment":[{"href":"https:\/\/csccanada.org\/fr\/wp-json\/wp\/v2\/media?parent=8142"}],"curies":[{"name":"wp","href":"https:\/\/api.w.org\/{rel}","templated":true}]}}