{"id":8138,"date":"2019-06-13T00:28:31","date_gmt":"2019-06-13T04:28:31","guid":{"rendered":"https:\/\/csccanada.org\/message-de-la-presidente-honoraire\/"},"modified":"2022-05-14T22:40:10","modified_gmt":"2022-05-15T02:40:10","slug":"message-de-la-presidente-honoraire","status":"publish","type":"page","link":"https:\/\/csccanada.org\/fr\/message-de-la-presidente-honoraire\/","title":{"rendered":"Message de la pr\u00e9sidente honoraire"},"content":{"rendered":"<p><div class=\"fusion-fullwidth fullwidth-box fusion-builder-row-1 nonhundred-percent-fullwidth non-hundred-percent-height-scrolling\" style=\"--awb-border-radius-top-left:0px;--awb-border-radius-top-right:0px;--awb-border-radius-bottom-right:0px;--awb-border-radius-bottom-left:0px;--awb-padding-top:50px;--awb-flex-wrap:wrap;\" ><div class=\"fusion-builder-row fusion-row\"><div class=\"fusion-layout-column fusion_builder_column fusion-builder-column-0 fusion_builder_column_2_3 2_3 fusion-two-third fusion-column-first\" style=\"--awb-padding-top:20px;--awb-bg-size:cover;--awb-margin-bottom:25px;width:66.666666666667%;width:calc(66.666666666667% - ( ( 4% ) * 0.66666666666667 ) );margin-right: 4%;\"><div class=\"fusion-column-wrapper fusion-column-has-shadow fusion-flex-column-wrapper-legacy\"><div class=\"fusion-text fusion-text-1\"><p>La premi\u00e8re Conf\u00e9rence d\u2019\u00e9tude du Commonwealth (CSC) s\u2019est tenue \u00e0 Oxford en 1956 et a entam\u00e9 un nouveau processus de dialogue et de d\u00e9veloppement personnel pour les personnes susceptibles d\u2019assumer des responsabilit\u00e9s de leadership croissantes dans les entreprises, les gouvernements, les syndicats et le secteur communautaire.<\/p>\n<p>Son fondateur, Son Altesse Royale le duc d\u2019\u00c9dimbourg, mon p\u00e8re, a \u00e9crit que la structure des conf\u00e9rences est rest\u00e9e la m\u00eame depuis, puisqu\u2019elle a fait ses preuves. Les participants, provenant des quatre coins du Commonwealth, s\u2019y pr\u00e9sentent avec une grande vari\u00e9t\u00e9 d\u2019exp\u00e9riences relativement limit\u00e9es. Le principe d\u2019apprentissage par l\u2019observation et la discussion a \u00e9t\u00e9 \u00e9tabli d\u00e8s le d\u00e9but et chaque occasion est cr\u00e9\u00e9e pour que les opinions et les \u00e9valuations soient d\u00e9battues vigoureusement, mais objectivement.<\/p>\n<p>Chaque conf\u00e9rence expose ses participants \u00e0 de nouvelles exp\u00e9riences, \u00e0 de nouveaux arguments et \u00e0 diverses perspectives afin d\u2019am\u00e9liorer la qualit\u00e9 et la pertinence de leur prise de d\u00e9cisions gr\u00e2ce \u00e0 une plus grande exposition \u00e0 diff\u00e9rentes approches.<\/p>\n<div class=\"fusion-image-element fusion-image-align-left in-legacy-container\" style=\"text-align:left;--awb-bottom-shadow-color:rgba(0,0,0,0.4);--awb-caption-title-font-family:var(--h2_typography-font-family);--awb-caption-title-font-weight:var(--h2_typography-font-weight);--awb-caption-title-font-style:var(--h2_typography-font-style);--awb-caption-title-size:var(--h2_typography-font-size);--awb-caption-title-transform:var(--h2_typography-text-transform);--awb-caption-title-line-height:var(--h2_typography-line-height);--awb-caption-title-letter-spacing:var(--h2_typography-letter-spacing);\"><div class=\"awb-image-frame awb-image-frame-1 fusion-image-frame-bottomshadow image-frame-shadow-1 fusion-no-small-visibility\"><span class=\" fusion-imageframe imageframe-bottomshadow imageframe-1 element-bottomshadow hover-type-none\"><img decoding=\"async\" width=\"300\" height=\"300\" title=\"csc-canada-princess-anne-6\" src=\"https:\/\/csccanada.org\/wp-content\/uploads\/2019\/06\/csc-canada-princess-anne-6.jpg\" data-orig-src=\"https:\/\/csccanada.org\/wp-content\/uploads\/2019\/06\/csc-canada-princess-anne-6-300x300.jpg\" alt class=\"lazyload img-responsive wp-image-7311\" srcset=\"data:image\/svg+xml,%3Csvg%20xmlns%3D%27http%3A%2F%2Fwww.w3.org%2F2000%2Fsvg%27%20width%3D%27950%27%20height%3D%27950%27%20viewBox%3D%270%200%20950%20950%27%3E%3Crect%20width%3D%27950%27%20height%3D%27950%27%20fill-opacity%3D%220%22%2F%3E%3C%2Fsvg%3E\" data-srcset=\"https:\/\/csccanada.org\/wp-content\/uploads\/2019\/06\/csc-canada-princess-anne-6-200x200.jpg 200w, https:\/\/csccanada.org\/wp-content\/uploads\/2019\/06\/csc-canada-princess-anne-6-400x400.jpg 400w, https:\/\/csccanada.org\/wp-content\/uploads\/2019\/06\/csc-canada-princess-anne-6-600x600.jpg 600w, https:\/\/csccanada.org\/wp-content\/uploads\/2019\/06\/csc-canada-princess-anne-6-800x800.jpg 800w, https:\/\/csccanada.org\/wp-content\/uploads\/2019\/06\/csc-canada-princess-anne-6.jpg 950w\" data-sizes=\"auto\" data-orig-sizes=\"(max-width: 800px) 100vw, 800px\" \/><\/span><\/div><\/div>\n<p>Les participants \u00e0 la CSC parfont \u00e9galement leurs connaissances sur le monde. Le Commonwealth repr\u00e9sente l\u2019h\u00e9ritage partag\u00e9 de pr\u00e8s d\u2019un tiers de la population plan\u00e9taire. Pour ses 53 nations membres, il est une source de possibilit\u00e9s et de liens sp\u00e9ciaux. Dans le cadre de la Conf\u00e9rence, le Commonwealth lui-m\u00eame devient la salle de classe o\u00f9 chaque participant interagira avec 300 autres et apprendra d\u2019eux.<\/p>\n<p>Je suis ravie que le Canada ait choisi d\u2019accueillir la 11e \u00e9dition de la Conf\u00e9rence d\u2019\u00e9tude du Commonwealth en 2023. L\u2019exp\u00e9rience nous a d\u00e9montr\u00e9 que ces conf\u00e9rences sont une force pour le bien. Le temps, les ressources et les efforts n\u00e9cessaires pour recr\u00e9er et soutenir les CSC sont une contribution essentielle qui renforce les liens au sein du Commonwealth ainsi qu\u2019un hommage \u00e0 mon p\u00e8re. Vous pouvez compter sur mon appui et mon engagement soutenus.<\/p>\n<\/div><div class=\"fusion-image-element fusion-image-align-right in-legacy-container\" style=\"text-align:right;--awb-caption-title-font-family:var(--h2_typography-font-family);--awb-caption-title-font-weight:var(--h2_typography-font-weight);--awb-caption-title-font-style:var(--h2_typography-font-style);--awb-caption-title-size:var(--h2_typography-font-size);--awb-caption-title-transform:var(--h2_typography-text-transform);--awb-caption-title-line-height:var(--h2_typography-line-height);--awb-caption-title-letter-spacing:var(--h2_typography-letter-spacing);\"><span class=\" fusion-imageframe imageframe-none imageframe-2 hover-type-none\" style=\"margin-left:25px;float:right;\"><img decoding=\"async\" width=\"300\" height=\"208\" title=\"hrh-princess-anne-signature-black\" src=\"https:\/\/csccanada.org\/wp-content\/uploads\/2019\/08\/hrh-princess-anne-signature-black.png\" data-orig-src=\"https:\/\/csccanada.org\/wp-content\/uploads\/2019\/08\/hrh-princess-anne-signature-black-300x208.png\" alt class=\"lazyload img-responsive wp-image-7498\" srcset=\"data:image\/svg+xml,%3Csvg%20xmlns%3D%27http%3A%2F%2Fwww.w3.org%2F2000%2Fsvg%27%20width%3D%27400%27%20height%3D%27277%27%20viewBox%3D%270%200%20400%20277%27%3E%3Crect%20width%3D%27400%27%20height%3D%27277%27%20fill-opacity%3D%220%22%2F%3E%3C%2Fsvg%3E\" data-srcset=\"https:\/\/csccanada.org\/wp-content\/uploads\/2019\/08\/hrh-princess-anne-signature-black-200x139.png 200w, https:\/\/csccanada.org\/wp-content\/uploads\/2019\/08\/hrh-princess-anne-signature-black.png 400w\" data-sizes=\"auto\" data-orig-sizes=\"(max-width: 800px) 100vw, 300px\" \/><\/span><\/div><div class=\"fusion-clearfix\"><\/div><\/div><\/div><div class=\"fusion-layout-column fusion_builder_column fusion-builder-column-1 fusion_builder_column_1_3 1_3 fusion-one-third fusion-column-last\" style=\"--awb-padding-top:0px;--awb-bg-size:cover;width:33.333333333333%;width:calc(33.333333333333% - ( ( 4% ) * 0.33333333333333 ) );\"><div class=\"fusion-column-wrapper fusion-column-has-shadow fusion-flex-column-wrapper-legacy\"><div class=\"fusion-image-element fusion-image-align-center in-legacy-container\" style=\"text-align:center;--awb-caption-title-font-family:var(--h2_typography-font-family);--awb-caption-title-font-weight:var(--h2_typography-font-weight);--awb-caption-title-font-style:var(--h2_typography-font-style);--awb-caption-title-size:var(--h2_typography-font-size);--awb-caption-title-transform:var(--h2_typography-text-transform);--awb-caption-title-line-height:var(--h2_typography-line-height);--awb-caption-title-letter-spacing:var(--h2_typography-letter-spacing);\"><div class=\"imageframe-align-center\"><span class=\" fusion-imageframe imageframe-dropshadow imageframe-3 hover-type-zoomin\" style=\"border:3px solid #f6f6f6;border-radius:100%;-webkit-box-shadow: 3px 3px 7px rgba(0,0,0,0.3);box-shadow: 3px 3px 7px rgba(0,0,0,0.3);\"><a class=\"fusion-no-lightbox\" href=\"https:\/\/csccanada.org\/about-princess-anne\/\" target=\"_self\" aria-label=\"2020Anne\"><img decoding=\"async\" width=\"200\" height=\"200\" src=\"https:\/\/csccanada.org\/wp-content\/uploads\/2020\/01\/2020Anne.jpg\" data-orig-src=\"https:\/\/csccanada.org\/wp-content\/uploads\/2020\/01\/2020Anne-200x200.jpg\" alt class=\"lazyload img-responsive wp-image-7562\" srcset=\"data:image\/svg+xml,%3Csvg%20xmlns%3D%27http%3A%2F%2Fwww.w3.org%2F2000%2Fsvg%27%20width%3D%27800%27%20height%3D%27800%27%20viewBox%3D%270%200%20800%20800%27%3E%3Crect%20width%3D%27800%27%20height%3D%27800%27%20fill-opacity%3D%220%22%2F%3E%3C%2Fsvg%3E\" data-srcset=\"https:\/\/csccanada.org\/wp-content\/uploads\/2020\/01\/2020Anne-200x200.jpg 200w, https:\/\/csccanada.org\/wp-content\/uploads\/2020\/01\/2020Anne-400x400.jpg 400w, https:\/\/csccanada.org\/wp-content\/uploads\/2020\/01\/2020Anne-600x600.jpg 600w, https:\/\/csccanada.org\/wp-content\/uploads\/2020\/01\/2020Anne.jpg 800w\" data-sizes=\"auto\" data-orig-sizes=\"(max-width: 800px) 100vw, 400px\" \/><\/a><\/span><\/div><\/div><div class=\"fusion-sep-clear\"><\/div><div class=\"fusion-separator fusion-full-width-sep\" style=\"margin-left: auto;margin-right: auto;margin-top:10px;margin-bottom:10px;width:100%;\"><\/div><div class=\"fusion-sep-clear\"><\/div><div class=\"fusion-align-block\"><a class=\"fusion-button button-flat button-medium button-custom fusion-button-default button-1 fusion-button-span-yes \" style=\"--button_accent_color:rgba(255,255,255,.75);--button_border_color:rgba(255,255,255,0);--button_accent_hover_color:rgba(255,255,255,.9);--button_border_hover_color:#ffffff;--button_border_width-top:0;--button_border_width-right:0;--button_border_width-bottom:0;--button_border_width-left:0;--button-border-radius-top-left:4px;--button-border-radius-top-right:4px;--button-border-radius-bottom-right:4px;--button-border-radius-bottom-left:4px;--button_gradient_top_color:rgba(154,130,58,0.9);--button_gradient_bottom_color:rgba(154,130,58,0.9);--button_gradient_top_color_hover:#9a823a;--button_gradient_bottom_color_hover:#9a823a;\" target=\"_self\" href=\"https:\/\/csccanada.org\/about-princess-anne\/\"><span class=\"fusion-button-text fusion-button-text-right\">\u00c0 PROPOS DE SAR LA PRINCESSE ROYALE,<br \/>\nPrincess Anne<\/span><span class=\"fusion-button-icon-divider button-icon-divider-right\"><i class=\"fa-arrow-circle-right fas\" aria-hidden=\"true\"><\/i><\/span><\/a><\/div><div class=\"fusion-sep-clear\"><\/div><div class=\"fusion-separator fusion-full-width-sep\" style=\"margin-left: auto;margin-right: auto;margin-top:0px;margin-bottom:30px;width:100%;\"><div class=\"fusion-separator-border sep-shadow\" style=\"--awb-height:20px;--awb-amount:20px;background:radial-gradient(ellipse at 50% -50% , #e0dede 0px, rgba(255, 255, 255, 0) 80%) repeat scroll 0 0 rgba(0, 0, 0, 0);background:-webkit-radial-gradient(ellipse at 50% -50% , #e0dede 0px, rgba(255, 255, 255, 0) 80%) repeat scroll 0 0 rgba(0, 0, 0, 0);background:-moz-radial-gradient(ellipse at 50% -50% , #e0dede 0px, rgba(255, 255, 255, 0) 80%) repeat scroll 0 0 rgba(0, 0, 0, 0);background:-o-radial-gradient(ellipse at 50% -50% , #e0dede 0px, rgba(255, 255, 255, 0) 80%) repeat scroll 0 0 rgba(0, 0, 0, 0);\"><\/div><\/div><div class=\"fusion-sep-clear\"><\/div><div class=\"fusion-image-element fusion-image-align-center in-legacy-container\" style=\"text-align:center;--awb-caption-title-font-family:var(--h2_typography-font-family);--awb-caption-title-font-weight:var(--h2_typography-font-weight);--awb-caption-title-font-style:var(--h2_typography-font-style);--awb-caption-title-size:var(--h2_typography-font-size);--awb-caption-title-transform:var(--h2_typography-text-transform);--awb-caption-title-line-height:var(--h2_typography-line-height);--awb-caption-title-letter-spacing:var(--h2_typography-letter-spacing);\"><div class=\"imageframe-align-center\"><span class=\" fusion-imageframe imageframe-none imageframe-4 hover-type-none\"><img decoding=\"async\" width=\"200\" height=\"31\" title=\"design_top\" src=\"https:\/\/csccanada.org\/wp-content\/uploads\/2019\/07\/design_top.png\" data-orig-src=\"https:\/\/csccanada.org\/wp-content\/uploads\/2019\/07\/design_top-200x31.png\" alt class=\"lazyload img-responsive wp-image-7380\" srcset=\"data:image\/svg+xml,%3Csvg%20xmlns%3D%27http%3A%2F%2Fwww.w3.org%2F2000%2Fsvg%27%20width%3D%27567%27%20height%3D%2789%27%20viewBox%3D%270%200%20567%2089%27%3E%3Crect%20width%3D%27567%27%20height%3D%2789%27%20fill-opacity%3D%220%22%2F%3E%3C%2Fsvg%3E\" data-srcset=\"https:\/\/csccanada.org\/wp-content\/uploads\/2019\/07\/design_top-200x31.png 200w, https:\/\/csccanada.org\/wp-content\/uploads\/2019\/07\/design_top-400x63.png 400w, https:\/\/csccanada.org\/wp-content\/uploads\/2019\/07\/design_top.png 567w\" data-sizes=\"auto\" data-orig-sizes=\"(max-width: 800px) 100vw, 400px\" \/><\/span><\/div><\/div><div class=\"fusion-image-element in-legacy-container\" style=\"--awb-caption-title-font-family:var(--h2_typography-font-family);--awb-caption-title-font-weight:var(--h2_typography-font-weight);--awb-caption-title-font-style:var(--h2_typography-font-style);--awb-caption-title-size:var(--h2_typography-font-size);--awb-caption-title-transform:var(--h2_typography-text-transform);--awb-caption-title-line-height:var(--h2_typography-line-height);--awb-caption-title-letter-spacing:var(--h2_typography-letter-spacing);\"><span class=\" fusion-imageframe imageframe-none imageframe-5 hover-type-zoomin letterWrap\"><a href=\"https:\/\/csccanada.org\/wp-content\/uploads\/2020\/01\/Princess-Anne-Letter1.jpg\" class=\"fusion-lightbox\" data-rel=\"iLightbox[e14c6dbfc05643fe2d2]\" data-title=\"Princess-Anne-Letter1\" title=\"Princess-Anne-Letter1\"><img decoding=\"async\" width=\"600\" height=\"850\" src=\"https:\/\/csccanada.org\/wp-content\/uploads\/2020\/01\/Princess-Anne-Letter1.jpg\" data-orig-src=\"https:\/\/csccanada.org\/wp-content\/uploads\/2020\/01\/Princess-Anne-Letter1.jpg\" alt class=\"lazyload img-responsive wp-image-7624\" srcset=\"data:image\/svg+xml,%3Csvg%20xmlns%3D%27http%3A%2F%2Fwww.w3.org%2F2000%2Fsvg%27%20width%3D%27600%27%20height%3D%27850%27%20viewBox%3D%270%200%20600%20850%27%3E%3Crect%20width%3D%27600%27%20height%3D%27850%27%20fill-opacity%3D%220%22%2F%3E%3C%2Fsvg%3E\" data-srcset=\"https:\/\/csccanada.org\/wp-content\/uploads\/2020\/01\/Princess-Anne-Letter1-200x283.jpg 200w, https:\/\/csccanada.org\/wp-content\/uploads\/2020\/01\/Princess-Anne-Letter1-400x567.jpg 400w, https:\/\/csccanada.org\/wp-content\/uploads\/2020\/01\/Princess-Anne-Letter1.jpg 600w\" data-sizes=\"auto\" data-orig-sizes=\"(max-width: 800px) 100vw, 400px\" \/><\/a><\/span><\/div><div class=\"fusion-align-block\"><a class=\"fusion-button button-flat button-medium button-custom fusion-button-default button-2 fusion-button-span-yes \" style=\"--button_accent_color:rgba(255,255,255,.75);--button_border_color:rgba(255,255,255,0);--button_accent_hover_color:rgba(255,255,255,.9);--button_border_hover_color:#ffffff;--button_border_width-top:0;--button_border_width-right:0;--button_border_width-bottom:0;--button_border_width-left:0;--button-border-radius-top-left:4px;--button-border-radius-top-right:4px;--button-border-radius-bottom-right:4px;--button-border-radius-bottom-left:4px;--button_gradient_top_color:rgba(154,130,58,0.9);--button_gradient_bottom_color:rgba(154,130,58,0.9);--button_gradient_top_color_hover:#9a823a;--button_gradient_bottom_color_hover:#9a823a;\" target=\"_blank\" rel=\"noopener noreferrer\" href=\"https:\/\/csccanada.org\/wp-content\/uploads\/2019\/07\/Princess-Anne-Letter1.pdf\"><span class=\"fusion-button-text fusion-button-text-right\">LIRE LA LETTRE DE SAR LA PRINCESSE ROYALE, PRINCESSE ANNE<br \/>\nPrincess Anne<\/span><span class=\"fusion-button-icon-divider button-icon-divider-right\"><i class=\"fa-arrow-circle-right fas\" aria-hidden=\"true\"><\/i><\/span><\/a><\/div><div class=\"fusion-clearfix\"><\/div><\/div><\/div><\/div><\/div><div class=\"fusion-fullwidth fullwidth-box fusion-builder-row-2 nonhundred-percent-fullwidth non-hundred-percent-height-scrolling\" style=\"--awb-border-radius-top-left:0px;--awb-border-radius-top-right:0px;--awb-border-radius-bottom-right:0px;--awb-border-radius-bottom-left:0px;--awb-margin-top:20px;--awb-flex-wrap:wrap;\" ><div class=\"fusion-builder-row fusion-row\"><div class=\"fusion-layout-column fusion_builder_column fusion-builder-column-2 fusion_builder_column_1_3 1_3 fusion-one-third fusion-column-first imageCallOut fusion-column-inner-bg-wrapper\" style=\"--awb-inner-bg-position:center center;--awb-inner-bg-size:cover;--awb-margin-bottom:10px;width:33.333333333333%;width:calc(33.333333333333% - ( ( 1% + 1% ) * 0.33333333333333 ) );margin-right: 1%;\"><span class=\"fusion-column-inner-bg hover-type-zoomin\"><a class=\"fusion-column-anchor\" href=\"https:\/\/csccanada.org\/sponsorship\/\"><span class=\"fusion-column-inner-bg-image lazyload\" data-bg=\"https:\/\/csccanada.org\/wp-content\/uploads\/2020\/01\/homeSponsor.jpg\"><\/span><\/a><\/span><div class=\"fusion-column-wrapper fusion-column-has-shadow fusion-flex-column-wrapper-legacy fusion-column-has-bg-image\" data-bg-url=\"https:\/\/csccanada.org\/wp-content\/uploads\/2020\/01\/homeSponsor.jpg\"><div class=\"fusion-text fusion-text-2 blue\"><p style=\"text-align: center;\">Devenir <strong>COMMANDITAIRE<\/strong><\/p>\n<\/div><div class=\"fusion-clearfix\"><\/div><\/div><\/div>\n<div class=\"fusion-layout-column fusion_builder_column fusion-builder-column-3 fusion_builder_column_1_3 1_3 fusion-one-third imageCallOut fusion-column-inner-bg-wrapper\" style=\"--awb-inner-bg-position:center center;--awb-inner-bg-size:cover;--awb-margin-bottom:10px;width:33.333333333333%;width:calc(33.333333333333% - ( ( 1% + 1% ) * 0.33333333333333 ) );margin-right: 1%;\"><span class=\"fusion-column-inner-bg hover-type-zoomin\"><a class=\"fusion-column-anchor\" href=\"https:\/\/csccanada.org\/fr\/participation\/\"><span class=\"fusion-column-inner-bg-image lazyload\" data-bg=\"https:\/\/csccanada.org\/wp-content\/uploads\/2020\/01\/councilBox.jpg\"><\/span><\/a><\/span><div class=\"fusion-column-wrapper fusion-column-has-shadow fusion-flex-column-wrapper-legacy fusion-column-has-bg-image\" data-bg-url=\"https:\/\/csccanada.org\/wp-content\/uploads\/2020\/01\/councilBox.jpg\"><div class=\"fusion-text fusion-text-3 deepGreen\"><p style=\"text-align: center;\">Devenir <strong>PARTICIPANT<\/strong><\/p>\n<\/div><div class=\"fusion-clearfix\"><\/div><\/div><\/div>\n<div class=\"fusion-layout-column fusion_builder_column fusion-builder-column-4 fusion_builder_column_1_3 1_3 fusion-one-third fusion-column-last imageCallOut fusion-column-inner-bg-wrapper\" style=\"--awb-inner-bg-position:center center;--awb-inner-bg-size:cover;--awb-margin-bottom:10px;width:33.333333333333%;width:calc(33.333333333333% - ( ( 1% + 1% ) * 0.33333333333333 ) );\"><span class=\"fusion-column-inner-bg hover-type-zoomin\"><a class=\"fusion-column-anchor\" href=\"https:\/\/csccanada.org\/fr\/mission\/\"><span class=\"fusion-column-inner-bg-image lazyload\" data-bg=\"https:\/\/csccanada.org\/wp-content\/uploads\/2019\/07\/csc-canada-attendees-6-800x800-e1564463619288.jpg\"><\/span><\/a><\/span><div class=\"fusion-column-wrapper fusion-column-has-shadow fusion-flex-column-wrapper-legacy fusion-column-has-bg-image\" data-bg-url=\"https:\/\/csccanada.org\/wp-content\/uploads\/2019\/07\/csc-canada-attendees-6-800x800-e1564463619288.jpg\"><div class=\"fusion-text fusion-text-4 green\"><p style=\"text-align: center;\">Notre <strong>MISSION<\/strong><\/p>\n<\/div><div class=\"fusion-clearfix\"><\/div><\/div><\/div><\/div><\/div><\/p>\n","protected":false},"excerpt":{"rendered":"","protected":false},"author":1,"featured_media":0,"parent":0,"menu_order":92,"comment_status":"closed","ping_status":"closed","template":"100-width.php","meta":{"inline_featured_image":false,"footnotes":""},"class_list":["post-8138","page","type-page","status-publish","hentry"],"yoast_head":"<!-- This site is optimized with the Yoast SEO plugin v21.6 - https:\/\/yoast.com\/wordpress\/plugins\/seo\/ -->\n<title>Message de la pr\u00e9sidente honoraire - CSC Canada - The Duke of Edinburgh&#039;s<\/title>\n<meta name=\"robots\" content=\"index, follow, max-snippet:-1, max-image-preview:large, max-video-preview:-1\" \/>\n<link rel=\"canonical\" href=\"https:\/\/csccanada.org\/fr\/message-de-la-presidente-honoraire\/\" \/>\n<meta property=\"og:locale\" content=\"fr_FR\" \/>\n<meta property=\"og:type\" content=\"article\" \/>\n<meta property=\"og:title\" content=\"Message de la pr\u00e9sidente honoraire - CSC Canada - The Duke of Edinburgh&#039;s\" \/>\n<meta property=\"og:url\" content=\"https:\/\/csccanada.org\/fr\/message-de-la-presidente-honoraire\/\" \/>\n<meta property=\"og:site_name\" content=\"CSC Canada - The Duke of Edinburgh&#039;s\" \/>\n<meta property=\"article:modified_time\" content=\"2022-05-15T02:40:10+00:00\" \/>\n<meta name=\"twitter:card\" content=\"summary_large_image\" \/>\n<meta name=\"twitter:label1\" content=\"Dur\u00e9e de lecture estim\u00e9e\" \/>\n\t<meta name=\"twitter:data1\" content=\"8 minutes\" \/>\n<script type=\"application\/ld+json\" class=\"yoast-schema-graph\">{\"@context\":\"https:\/\/schema.org\",\"@graph\":[{\"@type\":\"WebPage\",\"@id\":\"https:\/\/csccanada.org\/fr\/message-de-la-presidente-honoraire\/\",\"url\":\"https:\/\/csccanada.org\/fr\/message-de-la-presidente-honoraire\/\",\"name\":\"Message de la pr\u00e9sidente honoraire - CSC Canada - The Duke of Edinburgh&#039;s\",\"isPartOf\":{\"@id\":\"https:\/\/csccanada.org\/#website\"},\"datePublished\":\"2019-06-13T04:28:31+00:00\",\"dateModified\":\"2022-05-15T02:40:10+00:00\",\"breadcrumb\":{\"@id\":\"https:\/\/csccanada.org\/fr\/message-de-la-presidente-honoraire\/#breadcrumb\"},\"inLanguage\":\"fr-FR\",\"potentialAction\":[{\"@type\":\"ReadAction\",\"target\":[\"https:\/\/csccanada.org\/fr\/message-de-la-presidente-honoraire\/\"]}]},{\"@type\":\"BreadcrumbList\",\"@id\":\"https:\/\/csccanada.org\/fr\/message-de-la-presidente-honoraire\/#breadcrumb\",\"itemListElement\":[{\"@type\":\"ListItem\",\"position\":1,\"name\":\"Home\",\"item\":\"https:\/\/csccanada.org\/fr\/accueil-du-scc-2023\/\"},{\"@type\":\"ListItem\",\"position\":2,\"name\":\"Message de la pr\u00e9sidente honoraire\"}]},{\"@type\":\"WebSite\",\"@id\":\"https:\/\/csccanada.org\/#website\",\"url\":\"https:\/\/csccanada.org\/\",\"name\":\"CSC Canada - The Duke of Edinburgh&#039;s\",\"description\":\"The Leadership Experience Of A Lifetime: Are You Ready For May 2022?\",\"potentialAction\":[{\"@type\":\"SearchAction\",\"target\":{\"@type\":\"EntryPoint\",\"urlTemplate\":\"https:\/\/csccanada.org\/?s={search_term_string}\"},\"query-input\":\"required name=search_term_string\"}],\"inLanguage\":\"fr-FR\"}]}<\/script>\n<!-- \/ Yoast SEO plugin. -->","yoast_head_json":{"title":"Message de la pr\u00e9sidente honoraire - CSC Canada - The Duke of Edinburgh&#039;s","robots":{"index":"index","follow":"follow","max-snippet":"max-snippet:-1","max-image-preview":"max-image-preview:large","max-video-preview":"max-video-preview:-1"},"canonical":"https:\/\/csccanada.org\/fr\/message-de-la-presidente-honoraire\/","og_locale":"fr_FR","og_type":"article","og_title":"Message de la pr\u00e9sidente honoraire - CSC Canada - The Duke of Edinburgh&#039;s","og_url":"https:\/\/csccanada.org\/fr\/message-de-la-presidente-honoraire\/","og_site_name":"CSC Canada - The Duke of Edinburgh&#039;s","article_modified_time":"2022-05-15T02:40:10+00:00","twitter_card":"summary_large_image","twitter_misc":{"Dur\u00e9e de lecture estim\u00e9e":"8 minutes"},"schema":{"@context":"https:\/\/schema.org","@graph":[{"@type":"WebPage","@id":"https:\/\/csccanada.org\/fr\/message-de-la-presidente-honoraire\/","url":"https:\/\/csccanada.org\/fr\/message-de-la-presidente-honoraire\/","name":"Message de la pr\u00e9sidente honoraire - CSC Canada - The Duke of Edinburgh&#039;s","isPartOf":{"@id":"https:\/\/csccanada.org\/#website"},"datePublished":"2019-06-13T04:28:31+00:00","dateModified":"2022-05-15T02:40:10+00:00","breadcrumb":{"@id":"https:\/\/csccanada.org\/fr\/message-de-la-presidente-honoraire\/#breadcrumb"},"inLanguage":"fr-FR","potentialAction":[{"@type":"ReadAction","target":["https:\/\/csccanada.org\/fr\/message-de-la-presidente-honoraire\/"]}]},{"@type":"BreadcrumbList","@id":"https:\/\/csccanada.org\/fr\/message-de-la-presidente-honoraire\/#breadcrumb","itemListElement":[{"@type":"ListItem","position":1,"name":"Home","item":"https:\/\/csccanada.org\/fr\/accueil-du-scc-2023\/"},{"@type":"ListItem","position":2,"name":"Message de la pr\u00e9sidente honoraire"}]},{"@type":"WebSite","@id":"https:\/\/csccanada.org\/#website","url":"https:\/\/csccanada.org\/","name":"CSC Canada - The Duke of Edinburgh&#039;s","description":"The Leadership Experience Of A Lifetime: Are You Ready For May 2022?","potentialAction":[{"@type":"SearchAction","target":{"@type":"EntryPoint","urlTemplate":"https:\/\/csccanada.org\/?s={search_term_string}"},"query-input":"required name=search_term_string"}],"inLanguage":"fr-FR"}]}},"_links":{"self":[{"href":"https:\/\/csccanada.org\/fr\/wp-json\/wp\/v2\/pages\/8138","targetHints":{"allow":["GET"]}}],"collection":[{"href":"https:\/\/csccanada.org\/fr\/wp-json\/wp\/v2\/pages"}],"about":[{"href":"https:\/\/csccanada.org\/fr\/wp-json\/wp\/v2\/types\/page"}],"author":[{"embeddable":true,"href":"https:\/\/csccanada.org\/fr\/wp-json\/wp\/v2\/users\/1"}],"replies":[{"embeddable":true,"href":"https:\/\/csccanada.org\/fr\/wp-json\/wp\/v2\/comments?post=8138"}],"version-history":[{"count":2,"href":"https:\/\/csccanada.org\/fr\/wp-json\/wp\/v2\/pages\/8138\/revisions"}],"predecessor-version":[{"id":8140,"href":"https:\/\/csccanada.org\/fr\/wp-json\/wp\/v2\/pages\/8138\/revisions\/8140"}],"wp:attachment":[{"href":"https:\/\/csccanada.org\/fr\/wp-json\/wp\/v2\/media?parent=8138"}],"curies":[{"name":"wp","href":"https:\/\/api.w.org\/{rel}","templated":true}]}}