{"id":8134,"date":"2019-06-13T00:41:06","date_gmt":"2019-06-13T04:41:06","guid":{"rendered":"https:\/\/csccanada.org\/message-du-president\/"},"modified":"2022-05-14T22:27:11","modified_gmt":"2022-05-15T02:27:11","slug":"message-du-president","status":"publish","type":"page","link":"https:\/\/csccanada.org\/fr\/message-du-president\/","title":{"rendered":"Message du pr\u00e9sident"},"content":{"rendered":"<p><div class=\"fusion-fullwidth fullwidth-box fusion-builder-row-1 nonhundred-percent-fullwidth non-hundred-percent-height-scrolling\" style=\"--awb-border-radius-top-left:0px;--awb-border-radius-top-right:0px;--awb-border-radius-bottom-right:0px;--awb-border-radius-bottom-left:0px;--awb-margin-top:30px;--awb-flex-wrap:wrap;\" ><div class=\"fusion-builder-row fusion-row\"><div class=\"fusion-layout-column fusion_builder_column fusion-builder-column-0 fusion_builder_column_1_3 1_3 fusion-one-third fusion-column-first\" style=\"--awb-padding-right:30px;--awb-padding-left:30px;--awb-bg-size:cover;width:33.333333333333%;width:calc(33.333333333333% - ( ( 1% ) * 0.33333333333333 ) );margin-right: 1%;\"><div class=\"fusion-column-wrapper fusion-column-has-shadow fusion-flex-column-wrapper-legacy\"><div class=\"fusion-image-element fusion-image-align-center in-legacy-container\" style=\"text-align:center;--awb-bottom-shadow-color:rgba(0,0,0,0.4);--awb-caption-title-font-family:var(--h2_typography-font-family);--awb-caption-title-font-weight:var(--h2_typography-font-weight);--awb-caption-title-font-style:var(--h2_typography-font-style);--awb-caption-title-size:var(--h2_typography-font-size);--awb-caption-title-transform:var(--h2_typography-text-transform);--awb-caption-title-line-height:var(--h2_typography-line-height);--awb-caption-title-letter-spacing:var(--h2_typography-letter-spacing);\"><div class=\"imageframe-align-center\"><div class=\"awb-image-frame awb-image-frame-1 fusion-image-frame-bottomshadow image-frame-shadow-1\"><span class=\" fusion-imageframe imageframe-bottomshadow imageframe-1 element-bottomshadow hover-type-none\" style=\"border:1px solid #dddddd;\"><img decoding=\"async\" width=\"534\" height=\"738\" title=\"2020ChairPhoto\" src=\"https:\/\/csccanada.org\/wp-content\/uploads\/2020\/01\/2020ChairPhoto.jpg\" data-orig-src=\"https:\/\/csccanada.org\/wp-content\/uploads\/2020\/01\/2020ChairPhoto.jpg\" alt class=\"lazyload img-responsive wp-image-7550\" srcset=\"data:image\/svg+xml,%3Csvg%20xmlns%3D%27http%3A%2F%2Fwww.w3.org%2F2000%2Fsvg%27%20width%3D%27534%27%20height%3D%27738%27%20viewBox%3D%270%200%20534%20738%27%3E%3Crect%20width%3D%27534%27%20height%3D%27738%27%20fill-opacity%3D%220%22%2F%3E%3C%2Fsvg%3E\" data-srcset=\"https:\/\/csccanada.org\/wp-content\/uploads\/2020\/01\/2020ChairPhoto-200x276.jpg 200w, https:\/\/csccanada.org\/wp-content\/uploads\/2020\/01\/2020ChairPhoto-400x553.jpg 400w, https:\/\/csccanada.org\/wp-content\/uploads\/2020\/01\/2020ChairPhoto.jpg 534w\" data-sizes=\"auto\" data-orig-sizes=\"(max-width: 800px) 100vw, 400px\" \/><\/span><\/div><\/div><\/div><div class=\"fusion-sep-clear\"><\/div><div class=\"fusion-separator fusion-full-width-sep\" style=\"margin-left: auto;margin-right: auto;margin-top:30px;width:100%;\"><\/div><div class=\"fusion-sep-clear\"><\/div><div class=\"fusion-align-block\"><a class=\"fusion-button button-flat button-xlarge button-custom fusion-button-default button-1 fusion-button-span-yes arrowbtn\" style=\"--button_accent_color:#ffffff;--button_border_color:#3588c8;--button_accent_hover_color:#ffffff;--button_border_hover_color:#493a60;--button_border_width-top:2px;--button_border_width-right:2px;--button_border_width-bottom:2px;--button_border_width-left:2px;--button-border-radius-top-left:10px;--button-border-radius-top-right:10px;--button-border-radius-bottom-right:10px;--button-border-radius-bottom-left:10px;--button_gradient_top_color:#3588c8;--button_gradient_bottom_color:#3588c8;--button_gradient_top_color_hover:#493a60;--button_gradient_bottom_color_hover:#493a60;--button_text_transform:uppercase;\" target=\"_self\" href=\"https:\/\/csccanada.org\/darrylwhite-bio\/\"><span class=\"fusion-button-text fusion-button-text-right\">LIRE LA BIOGRAPHIE DE DARRYL WHITE<\/span><span class=\"fusion-button-icon-divider button-icon-divider-right\"><i class=\"fa-arrow-right fas\" aria-hidden=\"true\"><\/i><\/span><\/a><\/div><div class=\"fusion-sep-clear\"><\/div><div class=\"fusion-separator fusion-full-width-sep\" style=\"margin-left: auto;margin-right: auto;margin-top:30px;width:100%;\"><\/div><div class=\"fusion-sep-clear\"><\/div><div class=\"fusion-align-block\"><a class=\"fusion-button button-flat button-xlarge button-custom fusion-button-default button-2 fusion-button-span-yes arrowbtn\" style=\"--button_accent_color:#ffffff;--button_border_color:#3588c8;--button_accent_hover_color:#ffffff;--button_border_hover_color:#493a60;--button_border_width-top:2px;--button_border_width-right:2px;--button_border_width-bottom:2px;--button_border_width-left:2px;--button-border-radius-top-left:10px;--button-border-radius-top-right:10px;--button-border-radius-bottom-right:10px;--button-border-radius-bottom-left:10px;--button_gradient_top_color:#3588c8;--button_gradient_bottom_color:#3588c8;--button_gradient_top_color_hover:#493a60;--button_gradient_bottom_color_hover:#493a60;--button_text_transform:uppercase;\" target=\"_self\" href=\"https:\/\/csccanada.org\/chair-leadership\/\"><span class=\"fusion-button-text fusion-button-text-right\">REGARDER DARRYL WHITE EXPLIQUER POURQUOI LA CSC2023 EST UN PROGRAMME DE LEADERSHIP MONDIAL UNIQUE<\/span><span class=\"fusion-button-icon-divider button-icon-divider-right\"><i class=\"fa-arrow-right fas\" aria-hidden=\"true\"><\/i><\/span><\/a><\/div><div class=\"fusion-sep-clear\"><\/div><div class=\"fusion-separator fusion-full-width-sep\" style=\"margin-left: auto;margin-right: auto;margin-top:30px;width:100%;\"><\/div><div class=\"fusion-sep-clear\"><\/div><div class=\"fusion-align-block\"><a class=\"fusion-button button-flat button-xlarge button-custom fusion-button-default button-3 fusion-button-span-yes arrowbtn\" style=\"--button_accent_color:#ffffff;--button_border_color:#3588c8;--button_accent_hover_color:#ffffff;--button_border_hover_color:#493a60;--button_border_width-top:2px;--button_border_width-right:2px;--button_border_width-bottom:2px;--button_border_width-left:2px;--button-border-radius-top-left:10px;--button-border-radius-top-right:10px;--button-border-radius-bottom-right:10px;--button-border-radius-bottom-left:10px;--button_gradient_top_color:#3588c8;--button_gradient_bottom_color:#3588c8;--button_gradient_top_color_hover:#493a60;--button_gradient_bottom_color_hover:#493a60;--button_text_transform:uppercase;\" target=\"_self\" href=\"https:\/\/youtu.be\/x8qpsfCcr5A\"><span class=\"fusion-button-text fusion-button-text-right\">POURQUOI LES JEUNES DIRIGEANTS DEVRAIENT SOUMETTRE UNE DEMANDE DE PARTICIPATION \u00c0 LA CSC2023 SELON DARRYL WHITE<\/span><span class=\"fusion-button-icon-divider button-icon-divider-right\"><i class=\"fa-arrow-right fas\" aria-hidden=\"true\"><\/i><\/span><\/a><\/div><div class=\"fusion-clearfix\"><\/div><\/div><\/div><div class=\"fusion-layout-column fusion_builder_column fusion-builder-column-1 fusion_builder_column_2_3 2_3 fusion-two-third fusion-column-last\" style=\"--awb-bg-size:cover;width:66.666666666667%;width:calc(66.666666666667% - ( ( 1% ) * 0.66666666666667 ) );\"><div class=\"fusion-column-wrapper fusion-column-has-shadow fusion-flex-column-wrapper-legacy\"><div class=\"fusion-text fusion-text-1\"><p>Il y a plus de 60 ans, Son Altesse Royale le duc d\u2019\u00c9dimbourg a fond\u00e9 un programme remarquable dans le but de mettre au d\u00e9fi des dirigeants \u00e9mergents issus d\u2019entreprises, de gouvernements et de syndicats et de les inspirer : la Conf\u00e9rence d\u2019\u00e9tude du Commonwealth (CSC).<\/p>\n<p>Je suis honor\u00e9 d\u2019avoir \u00e9t\u00e9 invit\u00e9 par Son Altesse Royale la princesse royale, princesse Anne, pr\u00e9sidente honoraire de la Conf\u00e9rence d\u2019\u00e9tude du Commonwealth, \u00e0 pr\u00e9sider la onzi\u00e8me \u00e9dition de la Conf\u00e9rence qui se tiendra au Canada en juin 2023.<\/p>\n<p>En raison de l\u2019accent mis sur l\u2019apprentissage exp\u00e9rientiel, la pens\u00e9e critique, la diversit\u00e9 et l\u2019importance du leadership public, la Conf\u00e9rence d\u2019\u00e9tude du Commonwealth est con\u00e7ue pour avoir un impact profond sur les participants, et ce, \u00e0 un moment important de leur d\u00e9veloppement en tant que dirigeants, changeant de mani\u00e8re permanente la fa\u00e7on dont ils r\u00e9soudront des probl\u00e8mes, contribueront au progr\u00e8s social dans leur pays et dirigeront leurs propres organisations.<\/p>\n<p>Les plus grands dirigeants ne sont jamais de simples spectateurs et le programme de la CSC2023 refl\u00e8tera l\u2019acc\u00e9l\u00e9ration des d\u00e9fis et des possibilit\u00e9s de notre \u00e9poque. Trois cents participants des quatre coins de la plan\u00e8te, provenant des pays du Commonwealth et d\u00e9montrant un fort potentiel d\u2019occuper des r\u00f4les de leadership, rencontreront des Canadiens de tous les horizons et d\u2019un bout \u00e0 l\u2019autre du pays et interagiront avec eux afin de discuter des enjeux les plus pressants auxquels nous faisons face aujourd\u2019hui : cr\u00e9er des possibilit\u00e9s \u00e9conomiques locales inclusives, inspirer l\u2019innovation dans nos entreprises et nos soci\u00e9t\u00e9s, cro\u00eetre de mani\u00e8re durable notre \u00e9conomie et favoriser le leadership au service de toutes les parties prenantes.<\/p>\n<p>Durant leurs deux semaines pass\u00e9es ensemble, les participants \u00e0 la CSC2023 se rendront en petits groupes d\u2019\u00e9tude dans diverses r\u00e9gions du Canada afin d\u2019apprendre directement de quelle mani\u00e8re les organisations, grandes et petites, croissent et \u00e9voluent pour assurer leur avenir. Les participants travailleront au sein de leur groupe d\u2019\u00e9tude et r\u00e9fl\u00e9chiront de mani\u00e8re approfondie aux comp\u00e9tences et aux connaissances n\u00e9cessaires pour diriger leurs propres organisations durant une p\u00e9riode de changements technologiques, sociaux et politiques rapides.<\/p>\n<p>Chaque groupe d\u2019\u00e9tude pr\u00e9sentera son rapport de conf\u00e9rence \u00e0 un panel d\u2019\u00e9valuation auquel si\u00e8gera la pr\u00e9sidente honoraire. D\u00e9crivant leur exp\u00e9rience, on leur demandera d\u2019\u00e9tablir une feuille de route pour assurer leur r\u00e9ussite, celle de leurs organisations et celle de leurs communaut\u00e9s.<\/p>\n<p>Je suis impatient de voir les participants du Commonwealth vivre le meilleur de ce que le Canada a \u00e0 offrir : notre culture innovante, progressiste et inclusive. Ils repartiront avec une compr\u00e9hension profonde de la diversit\u00e9 g\u00e9ographique et culturelle du Canada et seront pr\u00eats \u00e0 mettre en application dans leur propre pays ce qu\u2019ils auront appris sur le leadership de leurs pairs des quatre coins du globe.<\/p>\n<p>\u00ab Le leadership est un privil\u00e8ge et une vocation noble \u00bb, a dit Sergio Marchionne, dirigeant du milieu des affaires canadien, lors d\u2019une conf\u00e9rence d\u2019\u00e9tude ant\u00e9rieure. Et le leadership est aliment\u00e9 par une perspective et un esprit que la CSC vise \u00e0 inspirer. Joignez-vous donc \u00e0 nous alors que les dirigeants \u00e9mergents du Commonwealth se pr\u00e9parent aujourd\u2019hui pour relever les d\u00e9fis de demain.<\/p>\n<\/div><div class=\"fusion-clearfix\"><\/div><\/div><\/div><\/div><\/div><div class=\"fusion-fullwidth fullwidth-box fusion-builder-row-2 nonhundred-percent-fullwidth non-hundred-percent-height-scrolling\" style=\"--awb-border-radius-top-left:0px;--awb-border-radius-top-right:0px;--awb-border-radius-bottom-right:0px;--awb-border-radius-bottom-left:0px;--awb-margin-top:20px;--awb-flex-wrap:wrap;\" ><div class=\"fusion-builder-row fusion-row\"><div class=\"fusion-layout-column fusion_builder_column fusion-builder-column-2 fusion_builder_column_1_3 1_3 fusion-one-third fusion-column-first imageCallOut fusion-column-inner-bg-wrapper\" style=\"--awb-inner-bg-position:center center;--awb-inner-bg-size:cover;--awb-margin-bottom:10px;width:33.333333333333%;width:calc(33.333333333333% - ( ( 1% + 1% ) * 0.33333333333333 ) );margin-right: 1%;\"><span class=\"fusion-column-inner-bg hover-type-zoomin\"><a class=\"fusion-column-anchor\" href=\"https:\/\/csccanada.org\/sponsorship\/\"><span class=\"fusion-column-inner-bg-image lazyload\" data-bg=\"https:\/\/csccanada.org\/wp-content\/uploads\/2020\/01\/homeSponsor.jpg\"><\/span><\/a><\/span><div class=\"fusion-column-wrapper fusion-column-has-shadow fusion-flex-column-wrapper-legacy fusion-column-has-bg-image\" data-bg-url=\"https:\/\/csccanada.org\/wp-content\/uploads\/2020\/01\/homeSponsor.jpg\"><div class=\"fusion-text fusion-text-2 blue\"><p style=\"text-align: center;\">Devenir <strong>COMMANDITAIRE<\/strong><\/p>\n<\/div><div class=\"fusion-clearfix\"><\/div><\/div><\/div>\n<div class=\"fusion-layout-column fusion_builder_column fusion-builder-column-3 fusion_builder_column_1_3 1_3 fusion-one-third imageCallOut fusion-column-inner-bg-wrapper\" style=\"--awb-inner-bg-position:center center;--awb-inner-bg-size:cover;--awb-margin-bottom:10px;width:33.333333333333%;width:calc(33.333333333333% - ( ( 1% + 1% ) * 0.33333333333333 ) );margin-right: 1%;\"><span class=\"fusion-column-inner-bg hover-type-zoomin\"><a class=\"fusion-column-anchor\" href=\"https:\/\/csccanada.org\/fr\/participation\/\"><span class=\"fusion-column-inner-bg-image lazyload\" data-bg=\"https:\/\/csccanada.org\/wp-content\/uploads\/2020\/01\/councilBox.jpg\"><\/span><\/a><\/span><div class=\"fusion-column-wrapper fusion-column-has-shadow fusion-flex-column-wrapper-legacy fusion-column-has-bg-image\" data-bg-url=\"https:\/\/csccanada.org\/wp-content\/uploads\/2020\/01\/councilBox.jpg\"><div class=\"fusion-text fusion-text-3 deepGreen\"><p style=\"text-align: center;\">Devenir <strong>PARTICIPANT<\/strong><\/p>\n<\/div><div class=\"fusion-clearfix\"><\/div><\/div><\/div>\n<div class=\"fusion-layout-column fusion_builder_column fusion-builder-column-4 fusion_builder_column_1_3 1_3 fusion-one-third fusion-column-last imageCallOut fusion-column-inner-bg-wrapper\" style=\"--awb-inner-bg-position:center center;--awb-inner-bg-size:cover;--awb-margin-bottom:10px;width:33.333333333333%;width:calc(33.333333333333% - ( ( 1% + 1% ) * 0.33333333333333 ) );\"><span class=\"fusion-column-inner-bg hover-type-zoomin\"><a class=\"fusion-column-anchor\" href=\"https:\/\/csccanada.org\/fr\/mission\/\"><span class=\"fusion-column-inner-bg-image lazyload\" data-bg=\"https:\/\/csccanada.org\/wp-content\/uploads\/2019\/07\/csc-canada-attendees-6-800x800-e1564463619288.jpg\"><\/span><\/a><\/span><div class=\"fusion-column-wrapper fusion-column-has-shadow fusion-flex-column-wrapper-legacy fusion-column-has-bg-image\" data-bg-url=\"https:\/\/csccanada.org\/wp-content\/uploads\/2019\/07\/csc-canada-attendees-6-800x800-e1564463619288.jpg\"><div class=\"fusion-text fusion-text-4 green\"><p style=\"text-align: center;\">Notre <strong>MISSION<\/strong><\/p>\n<\/div><div class=\"fusion-clearfix\"><\/div><\/div><\/div><\/div><\/div><\/p>\n","protected":false},"excerpt":{"rendered":"","protected":false},"author":1,"featured_media":0,"parent":0,"menu_order":89,"comment_status":"closed","ping_status":"closed","template":"100-width.php","meta":{"inline_featured_image":false,"footnotes":""},"class_list":["post-8134","page","type-page","status-publish","hentry"],"yoast_head":"<!-- This site is optimized with the Yoast SEO plugin v21.6 - https:\/\/yoast.com\/wordpress\/plugins\/seo\/ -->\n<title>Message du pr\u00e9sident - CSC Canada - The Duke of Edinburgh&#039;s<\/title>\n<meta name=\"robots\" content=\"index, follow, max-snippet:-1, max-image-preview:large, max-video-preview:-1\" \/>\n<link rel=\"canonical\" href=\"https:\/\/csccanada.org\/fr\/message-du-president\/\" \/>\n<meta property=\"og:locale\" content=\"fr_FR\" \/>\n<meta property=\"og:type\" content=\"article\" \/>\n<meta property=\"og:title\" content=\"Message du pr\u00e9sident - CSC Canada - The Duke of Edinburgh&#039;s\" \/>\n<meta property=\"og:url\" content=\"https:\/\/csccanada.org\/fr\/message-du-president\/\" \/>\n<meta property=\"og:site_name\" content=\"CSC Canada - The Duke of Edinburgh&#039;s\" \/>\n<meta property=\"article:modified_time\" content=\"2022-05-15T02:27:11+00:00\" \/>\n<meta name=\"twitter:card\" content=\"summary_large_image\" \/>\n<meta name=\"twitter:label1\" content=\"Dur\u00e9e de lecture estim\u00e9e\" \/>\n\t<meta name=\"twitter:data1\" content=\"9 minutes\" \/>\n<script type=\"application\/ld+json\" class=\"yoast-schema-graph\">{\"@context\":\"https:\/\/schema.org\",\"@graph\":[{\"@type\":\"WebPage\",\"@id\":\"https:\/\/csccanada.org\/fr\/message-du-president\/\",\"url\":\"https:\/\/csccanada.org\/fr\/message-du-president\/\",\"name\":\"Message du pr\u00e9sident - CSC Canada - The Duke of Edinburgh&#039;s\",\"isPartOf\":{\"@id\":\"https:\/\/csccanada.org\/#website\"},\"datePublished\":\"2019-06-13T04:41:06+00:00\",\"dateModified\":\"2022-05-15T02:27:11+00:00\",\"breadcrumb\":{\"@id\":\"https:\/\/csccanada.org\/fr\/message-du-president\/#breadcrumb\"},\"inLanguage\":\"fr-FR\",\"potentialAction\":[{\"@type\":\"ReadAction\",\"target\":[\"https:\/\/csccanada.org\/fr\/message-du-president\/\"]}]},{\"@type\":\"BreadcrumbList\",\"@id\":\"https:\/\/csccanada.org\/fr\/message-du-president\/#breadcrumb\",\"itemListElement\":[{\"@type\":\"ListItem\",\"position\":1,\"name\":\"Home\",\"item\":\"https:\/\/csccanada.org\/fr\/accueil-du-scc-2023\/\"},{\"@type\":\"ListItem\",\"position\":2,\"name\":\"Message du pr\u00e9sident\"}]},{\"@type\":\"WebSite\",\"@id\":\"https:\/\/csccanada.org\/#website\",\"url\":\"https:\/\/csccanada.org\/\",\"name\":\"CSC Canada - The Duke of Edinburgh&#039;s\",\"description\":\"The Leadership Experience Of A Lifetime: Are You Ready For May 2022?\",\"potentialAction\":[{\"@type\":\"SearchAction\",\"target\":{\"@type\":\"EntryPoint\",\"urlTemplate\":\"https:\/\/csccanada.org\/?s={search_term_string}\"},\"query-input\":\"required name=search_term_string\"}],\"inLanguage\":\"fr-FR\"}]}<\/script>\n<!-- \/ Yoast SEO plugin. -->","yoast_head_json":{"title":"Message du pr\u00e9sident - CSC Canada - The Duke of Edinburgh&#039;s","robots":{"index":"index","follow":"follow","max-snippet":"max-snippet:-1","max-image-preview":"max-image-preview:large","max-video-preview":"max-video-preview:-1"},"canonical":"https:\/\/csccanada.org\/fr\/message-du-president\/","og_locale":"fr_FR","og_type":"article","og_title":"Message du pr\u00e9sident - CSC Canada - The Duke of Edinburgh&#039;s","og_url":"https:\/\/csccanada.org\/fr\/message-du-president\/","og_site_name":"CSC Canada - The Duke of Edinburgh&#039;s","article_modified_time":"2022-05-15T02:27:11+00:00","twitter_card":"summary_large_image","twitter_misc":{"Dur\u00e9e de lecture estim\u00e9e":"9 minutes"},"schema":{"@context":"https:\/\/schema.org","@graph":[{"@type":"WebPage","@id":"https:\/\/csccanada.org\/fr\/message-du-president\/","url":"https:\/\/csccanada.org\/fr\/message-du-president\/","name":"Message du pr\u00e9sident - CSC Canada - The Duke of Edinburgh&#039;s","isPartOf":{"@id":"https:\/\/csccanada.org\/#website"},"datePublished":"2019-06-13T04:41:06+00:00","dateModified":"2022-05-15T02:27:11+00:00","breadcrumb":{"@id":"https:\/\/csccanada.org\/fr\/message-du-president\/#breadcrumb"},"inLanguage":"fr-FR","potentialAction":[{"@type":"ReadAction","target":["https:\/\/csccanada.org\/fr\/message-du-president\/"]}]},{"@type":"BreadcrumbList","@id":"https:\/\/csccanada.org\/fr\/message-du-president\/#breadcrumb","itemListElement":[{"@type":"ListItem","position":1,"name":"Home","item":"https:\/\/csccanada.org\/fr\/accueil-du-scc-2023\/"},{"@type":"ListItem","position":2,"name":"Message du pr\u00e9sident"}]},{"@type":"WebSite","@id":"https:\/\/csccanada.org\/#website","url":"https:\/\/csccanada.org\/","name":"CSC Canada - The Duke of Edinburgh&#039;s","description":"The Leadership Experience Of A Lifetime: Are You Ready For May 2022?","potentialAction":[{"@type":"SearchAction","target":{"@type":"EntryPoint","urlTemplate":"https:\/\/csccanada.org\/?s={search_term_string}"},"query-input":"required name=search_term_string"}],"inLanguage":"fr-FR"}]}},"_links":{"self":[{"href":"https:\/\/csccanada.org\/fr\/wp-json\/wp\/v2\/pages\/8134","targetHints":{"allow":["GET"]}}],"collection":[{"href":"https:\/\/csccanada.org\/fr\/wp-json\/wp\/v2\/pages"}],"about":[{"href":"https:\/\/csccanada.org\/fr\/wp-json\/wp\/v2\/types\/page"}],"author":[{"embeddable":true,"href":"https:\/\/csccanada.org\/fr\/wp-json\/wp\/v2\/users\/1"}],"replies":[{"embeddable":true,"href":"https:\/\/csccanada.org\/fr\/wp-json\/wp\/v2\/comments?post=8134"}],"version-history":[{"count":2,"href":"https:\/\/csccanada.org\/fr\/wp-json\/wp\/v2\/pages\/8134\/revisions"}],"predecessor-version":[{"id":8136,"href":"https:\/\/csccanada.org\/fr\/wp-json\/wp\/v2\/pages\/8134\/revisions\/8136"}],"wp:attachment":[{"href":"https:\/\/csccanada.org\/fr\/wp-json\/wp\/v2\/media?parent=8134"}],"curies":[{"name":"wp","href":"https:\/\/api.w.org\/{rel}","templated":true}]}}