{"id":8098,"date":"2021-08-08T10:40:04","date_gmt":"2021-08-08T14:40:04","guid":{"rendered":"https:\/\/csccanada.org\/formulaire-de-parrainage\/"},"modified":"2022-05-13T19:58:01","modified_gmt":"2022-05-13T23:58:01","slug":"formulaire-de-parrainage","status":"publish","type":"page","link":"https:\/\/csccanada.org\/fr\/formulaire-de-parrainage\/","title":{"rendered":"Formulaire de parrainage"},"content":{"rendered":"<div class=\"fusion-fullwidth fullwidth-box fusion-builder-row-1 contactForm nonhundred-percent-fullwidth non-hundred-percent-height-scrolling\" style=\"--awb-background-position:right bottom;--awb-border-radius-top-left:0px;--awb-border-radius-top-right:0px;--awb-border-radius-bottom-right:0px;--awb-border-radius-bottom-left:0px;--awb-margin-top:50px;--awb-flex-wrap:wrap;\" ><div class=\"fusion-builder-row fusion-row\"><div class=\"fusion-layout-column fusion_builder_column fusion-builder-column-0 fusion_builder_column_1_1 1_1 fusion-one-full fusion-column-first fusion-column-last\" style=\"--awb-bg-size:cover;\"><div class=\"fusion-column-wrapper fusion-column-has-shadow fusion-flex-column-wrapper-legacy\">\n<div class=\"wpcf7 no-js\" id=\"wpcf7-f8100-o1\" lang=\"fr-FR\" dir=\"ltr\">\n<div class=\"screen-reader-response\"><p role=\"status\" aria-live=\"polite\" aria-atomic=\"true\"><\/p> <ul><\/ul><\/div>\n<form action=\"\/fr\/wp-json\/wp\/v2\/pages\/8098#wpcf7-f8100-o1\" method=\"post\" class=\"wpcf7-form init\" aria-label=\"Formulaire de contact\" novalidate=\"novalidate\" data-status=\"init\">\n<div style=\"display: none;\">\n<input type=\"hidden\" name=\"_wpcf7\" value=\"8100\" \/>\n<input type=\"hidden\" name=\"_wpcf7_version\" value=\"5.8.5\" \/>\n<input type=\"hidden\" name=\"_wpcf7_locale\" value=\"fr_FR\" \/>\n<input type=\"hidden\" name=\"_wpcf7_unit_tag\" value=\"wpcf7-f8100-o1\" \/>\n<input type=\"hidden\" name=\"_wpcf7_container_post\" value=\"0\" \/>\n<input type=\"hidden\" name=\"_wpcf7_posted_data_hash\" value=\"\" \/>\n<input type=\"hidden\" name=\"_wpcf7cf_hidden_group_fields\" value=\"[]\" \/>\n<input type=\"hidden\" name=\"_wpcf7cf_hidden_groups\" value=\"[]\" \/>\n<input type=\"hidden\" name=\"_wpcf7cf_visible_groups\" value=\"[]\" \/>\n<input type=\"hidden\" name=\"_wpcf7cf_repeaters\" value=\"[]\" \/>\n<input type=\"hidden\" name=\"_wpcf7cf_steps\" value=\"{}\" \/>\n<input type=\"hidden\" name=\"_wpcf7cf_options\" value=\"{&quot;form_id&quot;:8100,&quot;conditions&quot;:[],&quot;settings&quot;:{&quot;animation&quot;:&quot;yes&quot;,&quot;animation_intime&quot;:200,&quot;animation_outtime&quot;:200,&quot;conditions_ui&quot;:&quot;normal&quot;,&quot;notice_dismissed&quot;:false}}\" \/>\n<input type=\"hidden\" name=\"_wpcf7_recaptcha_response\" value=\"\" \/>\n<\/div>\n<div id=\"hideform\">\n\t<h2 style=\"margin-top: 0; margin-bottom: 1em;\">Parrainage\n\t<\/h2>\n\t<p><br \/>\nNous encourageons chacune des personnes soumettant une demande de participation \u00e0 la Conf\u00e9rence d\u2019\u00e9tude du Commonwealth \u00e0 demander \u00e0 une personne qui la conna\u00eet bien et qui occupe actuellement un poste de direction de remplir ce formulaire de parrainage. Cette personne peut \u00eatre un employeur, un gestionnaire, un repr\u00e9sentant ou un dirigeant syndical ou un leader religieux. Elle doit bien conna\u00eetre la personne soumettant la demande de participation et \u00eatre en mesure d\u2019attester de ses responsabilit\u00e9s actuelles et de son potentiel de croissance en tant que dirigeant ou dirigeante.\n\t<\/p>\n\t<p><br \/>\nBien qu\u2019il ne soit pas obligatoire de soumettre un formulaire de parrainage dans le cadre de votre demande de participation, il est fortement recommand\u00e9 de le faire.\n\t<\/p>\n\t<p><br \/>\nSachez que le comit\u00e9 de s\u00e9lection \u00e9valuera \u00e9quitablement toutes les candidatures, que le candidat\/la candidate soumette ou non un formulaire de parrainage.\n\t<\/p>\n\t<h3 style=\"margin-top: 2em\">RENSEIGNEMENTS SUR LE CANDIDAT\/LA CANDIDATE\n\t<\/h3>\n\t<div class=\"formRow col-2\">\n\t\t<div>\n\t\t\t<p><label>Pr\u00e9nom du candidat\/de la candidate* :<\/label><br \/>\n<span class=\"wpcf7-form-control-wrap\" data-name=\"applicant-given-name\"><input size=\"40\" class=\"wpcf7-form-control wpcf7-text wpcf7-validates-as-required\" aria-required=\"true\" aria-invalid=\"false\" value=\"\" type=\"text\" name=\"applicant-given-name\" \/><\/span>\n\t\t\t<\/p>\n\t\t<\/div>\n\t\t<div>\n\t\t\t<p><label>Nom du candidat\/de la candidate* :<\/label><br \/>\n<span class=\"wpcf7-form-control-wrap\" data-name=\"applicant-family-name\"><input size=\"40\" class=\"wpcf7-form-control wpcf7-text wpcf7-validates-as-required\" aria-required=\"true\" aria-invalid=\"false\" value=\"\" type=\"text\" name=\"applicant-family-name\" \/><\/span>\n\t\t\t<\/p>\n\t\t<\/div>\n\t<\/div>\n\t<div class=\"formRow col-2\">\n\t\t<div>\n\t\t\t<p><label>Titre du poste du candidat\/de la candidate :<\/label><br \/>\n<span class=\"wpcf7-form-control-wrap\" data-name=\"applicant-title\"><input size=\"40\" class=\"wpcf7-form-control wpcf7-text\" aria-invalid=\"false\" value=\"\" type=\"text\" name=\"applicant-title\" \/><\/span>\n\t\t\t<\/p>\n\t\t<\/div>\n\t\t<div>\n\t\t\t<p><label>Organisation du candidat\/de la candidate :<\/label><br \/>\n<span class=\"wpcf7-form-control-wrap\" data-name=\"applicant-org\"><input size=\"40\" class=\"wpcf7-form-control wpcf7-text\" aria-invalid=\"false\" value=\"\" type=\"text\" name=\"applicant-org\" \/><\/span>\n\t\t\t<\/p>\n\t\t<\/div>\n\t<\/div>\n\t<h3>RENSEIGNEMENTS SUR LE PARRAIN OU LA MARRAINE\n\t<\/h3>\n\t<div class=\"formRow col-2\">\n\t\t<div>\n\t\t\t<p><label>Nom du parrain\/de la marraine* :<\/label><br \/>\n<span class=\"wpcf7-form-control-wrap\" data-name=\"sponsor-name\"><input size=\"40\" class=\"wpcf7-form-control wpcf7-text wpcf7-validates-as-required\" aria-required=\"true\" aria-invalid=\"false\" value=\"\" type=\"text\" name=\"sponsor-name\" \/><\/span>\n\t\t\t<\/p>\n\t\t<\/div>\n\t\t<div>\n\t\t\t<p><label>Titre professionnel du parrain\/de la marraine * :<\/label><br \/>\n<span class=\"wpcf7-form-control-wrap\" data-name=\"sponsor-title\"><input size=\"40\" class=\"wpcf7-form-control wpcf7-text wpcf7-validates-as-required\" aria-required=\"true\" aria-invalid=\"false\" value=\"\" type=\"text\" name=\"sponsor-title\" \/><\/span>\n\t\t\t<\/p>\n\t\t<\/div>\n\t<\/div>\n\t<div class=\"formRow col-2\">\n\t\t<div>\n\t\t\t<p><label>Courriel du parrain\/de la marraine * :<\/label><br \/>\n<span class=\"wpcf7-form-control-wrap\" data-name=\"sponsor-email\"><input size=\"40\" class=\"wpcf7-form-control wpcf7-email wpcf7-validates-as-required wpcf7-text wpcf7-validates-as-email\" aria-required=\"true\" aria-invalid=\"false\" value=\"\" type=\"email\" name=\"sponsor-email\" \/><\/span>\n\t\t\t<\/p>\n\t\t<\/div>\n\t\t<div>\n\t\t\t<p><label>Organisation du parrain\/de la marraine (s\u2019il y a lieu) :<\/label><br \/>\n<span class=\"wpcf7-form-control-wrap\" data-name=\"sponsor-org\"><input size=\"40\" class=\"wpcf7-form-control wpcf7-text\" aria-invalid=\"false\" value=\"\" type=\"text\" name=\"sponsor-org\" \/><\/span>\n\t\t\t<\/p>\n\t\t<\/div>\n\t<\/div>\n\t<div class=\"formRow\">\n\t\t<p><label>Adresse* :<\/label><br \/>\n<span class=\"wpcf7-form-control-wrap\" data-name=\"sponsor-office-address\"><input size=\"40\" class=\"wpcf7-form-control wpcf7-text wpcf7-validates-as-required\" aria-required=\"true\" aria-invalid=\"false\" value=\"\" type=\"text\" name=\"sponsor-office-address\" \/><\/span>\n\t\t<\/p>\n\t<\/div>\n\t<div class=\"formRow col-2\">\n\t\t<div>\n\t\t\t<p><label>Ville* :<\/label><br \/>\n<span class=\"wpcf7-form-control-wrap\" data-name=\"sponsor-office-city\"><input size=\"40\" class=\"wpcf7-form-control wpcf7-text wpcf7-validates-as-required\" aria-required=\"true\" aria-invalid=\"false\" value=\"\" type=\"text\" name=\"sponsor-office-city\" \/><\/span>\n\t\t\t<\/p>\n\t\t<\/div>\n\t\t<div>\n\t\t\t<p><label>Province\/\u00c9tat\/Territoire* :<\/label><br \/>\n<span class=\"wpcf7-form-control-wrap\" data-name=\"sponsor-office-province\"><input size=\"40\" class=\"wpcf7-form-control wpcf7-text wpcf7-validates-as-required\" aria-required=\"true\" aria-invalid=\"false\" value=\"\" type=\"text\" name=\"sponsor-office-province\" \/><\/span>\n\t\t\t<\/p>\n\t\t<\/div>\n\t<\/div>\n\t<div class=\"formRow col-2\">\n\t\t<div>\n\t\t\t<p><label>Code postal :<\/label><br \/>\n<span class=\"wpcf7-form-control-wrap\" data-name=\"sponsor-office-postal\"><input size=\"40\" class=\"wpcf7-form-control wpcf7-text\" aria-invalid=\"false\" value=\"\" type=\"text\" name=\"sponsor-office-postal\" \/><\/span>\n\t\t\t<\/p>\n\t\t<\/div>\n\t\t<div>\n\t\t\t<p><label>Pays* :<\/label><br \/>\n<span class=\"wpcf7-form-control-wrap\" data-name=\"sponsor-office-country\"><input size=\"40\" class=\"wpcf7-form-control wpcf7-text wpcf7-validates-as-required\" aria-required=\"true\" aria-invalid=\"false\" value=\"\" type=\"text\" name=\"sponsor-office-country\" \/><\/span>\n\t\t\t<\/p>\n\t\t<\/div>\n\t<\/div>\n\t<div class=\"formRow\">\n\t\t<p><label style=\"text-transform: none!important;\">Depuis combien de temps connaissez-vous le candidat\/la candidate et \u00e0 quel titre? (200 caract\u00e8res)*<\/label><br \/>\n<span class=\"wpcf7-form-control-wrap\" data-name=\"sponsor-know\"><textarea cols=\"40\" rows=\"10\" maxlength=\"200\" class=\"wpcf7-form-control wpcf7-textarea wpcf7-validates-as-required\" aria-required=\"true\" aria-invalid=\"false\" name=\"sponsor-know\"><\/textarea><\/span>\n\t\t<\/p>\n\t<\/div>\n\t<div class=\"formRow\">\n\t\t<p><label style=\"text-transform: none!important;\">Veuillez d\u00e9crire les qualit\u00e9s de leadership du candidat\/de la candidate. (2000 caract\u00e8res)*<\/label><br \/>\n<span class=\"wpcf7-form-control-wrap\" data-name=\"sponsor-leadership\"><textarea cols=\"40\" rows=\"10\" maxlength=\"2000\" class=\"wpcf7-form-control wpcf7-textarea wpcf7-validates-as-required\" aria-required=\"true\" aria-invalid=\"false\" name=\"sponsor-leadership\"><\/textarea><\/span>\n\t\t<\/p>\n\t<\/div>\n\t<div class=\"formRow\">\n\t\t<p><label style=\"text-transform: none!important;\">Pour quelles raisons croyez-vous que le candidat\/la candidate profiterait de l\u2019exp\u00e9rience de la Conf\u00e9rence (2000 caract\u00e8res)*<\/label><br \/>\n<span class=\"wpcf7-form-control-wrap\" data-name=\"sponsor-why-benefit\"><textarea cols=\"40\" rows=\"10\" maxlength=\"2000\" class=\"wpcf7-form-control wpcf7-textarea wpcf7-validates-as-required\" aria-required=\"true\" aria-invalid=\"false\" name=\"sponsor-why-benefit\"><\/textarea><\/span>\n\t\t<\/p>\n\t<\/div>\n\t<p><input class=\"wpcf7-form-control wpcf7-submit has-spinner\" type=\"submit\" value=\"Submit\" \/>\n\t<\/p>\n<\/div><div class=\"fusion-alert alert custom alert-custom fusion-alert-center wpcf7-response-output fusion-alert-capitalize awb-alert-native-link-color alert-dismissable awb-alert-close-boxed\" style=\"--awb-border-top-left-radius:0px;--awb-border-top-right-radius:0px;--awb-border-bottom-left-radius:0px;\" role=\"alert\"><div class=\"fusion-alert-content-wrapper\"><span class=\"fusion-alert-content\"><\/span><\/div><button type=\"button\" class=\"close toggle-alert\" data-dismiss=\"alert\" aria-label=\"Close\">&times;<\/button><\/div>\n<\/form>\n<\/div>\n<div class=\"fusion-clearfix\"><\/div><\/div><\/div><div class=\"fusion-layout-column fusion_builder_column fusion-builder-column-1 fusion_builder_column_1_4 1_4 fusion-one-fourth fusion-column-first\" style=\"--awb-bg-size:cover;width:25%;width:calc(25% - ( ( 4% ) * 0.25 ) );margin-right: 4%;\"><div class=\"fusion-column-wrapper fusion-column-has-shadow fusion-flex-column-wrapper-legacy\"><div class=\"fusion-clearfix\"><\/div><\/div><\/div><\/div><\/div>\n","protected":false},"excerpt":{"rendered":"","protected":false},"author":7,"featured_media":0,"parent":0,"menu_order":49,"comment_status":"closed","ping_status":"closed","template":"100-width.php","meta":{"inline_featured_image":false,"footnotes":""},"class_list":["post-8098","page","type-page","status-publish","hentry"],"yoast_head":"<!-- This site is optimized with the Yoast SEO plugin v21.6 - https:\/\/yoast.com\/wordpress\/plugins\/seo\/ -->\n<title>Formulaire de parrainage - CSC Canada - The Duke of Edinburgh&#039;s<\/title>\n<meta name=\"robots\" content=\"index, follow, max-snippet:-1, max-image-preview:large, max-video-preview:-1\" \/>\n<link rel=\"canonical\" href=\"https:\/\/csccanada.org\/fr\/formulaire-de-parrainage\/\" \/>\n<meta property=\"og:locale\" content=\"fr_FR\" \/>\n<meta property=\"og:type\" content=\"article\" \/>\n<meta property=\"og:title\" content=\"Formulaire de parrainage - CSC Canada - The Duke of Edinburgh&#039;s\" \/>\n<meta property=\"og:url\" content=\"https:\/\/csccanada.org\/fr\/formulaire-de-parrainage\/\" \/>\n<meta property=\"og:site_name\" content=\"CSC Canada - The Duke of Edinburgh&#039;s\" \/>\n<meta property=\"article:modified_time\" content=\"2022-05-13T23:58:01+00:00\" \/>\n<meta name=\"twitter:card\" content=\"summary_large_image\" \/>\n<meta name=\"twitter:label1\" content=\"Dur\u00e9e de lecture estim\u00e9e\" \/>\n\t<meta name=\"twitter:data1\" content=\"2 minutes\" \/>\n<script type=\"application\/ld+json\" class=\"yoast-schema-graph\">{\"@context\":\"https:\/\/schema.org\",\"@graph\":[{\"@type\":\"WebPage\",\"@id\":\"https:\/\/csccanada.org\/fr\/formulaire-de-parrainage\/\",\"url\":\"https:\/\/csccanada.org\/fr\/formulaire-de-parrainage\/\",\"name\":\"Formulaire de parrainage - CSC Canada - The Duke of Edinburgh&#039;s\",\"isPartOf\":{\"@id\":\"https:\/\/csccanada.org\/#website\"},\"datePublished\":\"2021-08-08T14:40:04+00:00\",\"dateModified\":\"2022-05-13T23:58:01+00:00\",\"breadcrumb\":{\"@id\":\"https:\/\/csccanada.org\/fr\/formulaire-de-parrainage\/#breadcrumb\"},\"inLanguage\":\"fr-FR\",\"potentialAction\":[{\"@type\":\"ReadAction\",\"target\":[\"https:\/\/csccanada.org\/fr\/formulaire-de-parrainage\/\"]}]},{\"@type\":\"BreadcrumbList\",\"@id\":\"https:\/\/csccanada.org\/fr\/formulaire-de-parrainage\/#breadcrumb\",\"itemListElement\":[{\"@type\":\"ListItem\",\"position\":1,\"name\":\"Home\",\"item\":\"https:\/\/csccanada.org\/fr\/accueil-du-scc-2023\/\"},{\"@type\":\"ListItem\",\"position\":2,\"name\":\"Formulaire de parrainage\"}]},{\"@type\":\"WebSite\",\"@id\":\"https:\/\/csccanada.org\/#website\",\"url\":\"https:\/\/csccanada.org\/\",\"name\":\"CSC Canada - The Duke of Edinburgh&#039;s\",\"description\":\"The Leadership Experience Of A Lifetime: Are You Ready For May 2022?\",\"potentialAction\":[{\"@type\":\"SearchAction\",\"target\":{\"@type\":\"EntryPoint\",\"urlTemplate\":\"https:\/\/csccanada.org\/?s={search_term_string}\"},\"query-input\":\"required name=search_term_string\"}],\"inLanguage\":\"fr-FR\"}]}<\/script>\n<!-- \/ Yoast SEO plugin. -->","yoast_head_json":{"title":"Formulaire de parrainage - CSC Canada - The Duke of Edinburgh&#039;s","robots":{"index":"index","follow":"follow","max-snippet":"max-snippet:-1","max-image-preview":"max-image-preview:large","max-video-preview":"max-video-preview:-1"},"canonical":"https:\/\/csccanada.org\/fr\/formulaire-de-parrainage\/","og_locale":"fr_FR","og_type":"article","og_title":"Formulaire de parrainage - CSC Canada - The Duke of Edinburgh&#039;s","og_url":"https:\/\/csccanada.org\/fr\/formulaire-de-parrainage\/","og_site_name":"CSC Canada - The Duke of Edinburgh&#039;s","article_modified_time":"2022-05-13T23:58:01+00:00","twitter_card":"summary_large_image","twitter_misc":{"Dur\u00e9e de lecture estim\u00e9e":"2 minutes"},"schema":{"@context":"https:\/\/schema.org","@graph":[{"@type":"WebPage","@id":"https:\/\/csccanada.org\/fr\/formulaire-de-parrainage\/","url":"https:\/\/csccanada.org\/fr\/formulaire-de-parrainage\/","name":"Formulaire de parrainage - CSC Canada - The Duke of Edinburgh&#039;s","isPartOf":{"@id":"https:\/\/csccanada.org\/#website"},"datePublished":"2021-08-08T14:40:04+00:00","dateModified":"2022-05-13T23:58:01+00:00","breadcrumb":{"@id":"https:\/\/csccanada.org\/fr\/formulaire-de-parrainage\/#breadcrumb"},"inLanguage":"fr-FR","potentialAction":[{"@type":"ReadAction","target":["https:\/\/csccanada.org\/fr\/formulaire-de-parrainage\/"]}]},{"@type":"BreadcrumbList","@id":"https:\/\/csccanada.org\/fr\/formulaire-de-parrainage\/#breadcrumb","itemListElement":[{"@type":"ListItem","position":1,"name":"Home","item":"https:\/\/csccanada.org\/fr\/accueil-du-scc-2023\/"},{"@type":"ListItem","position":2,"name":"Formulaire de parrainage"}]},{"@type":"WebSite","@id":"https:\/\/csccanada.org\/#website","url":"https:\/\/csccanada.org\/","name":"CSC Canada - The Duke of Edinburgh&#039;s","description":"The Leadership Experience Of A Lifetime: Are You Ready For May 2022?","potentialAction":[{"@type":"SearchAction","target":{"@type":"EntryPoint","urlTemplate":"https:\/\/csccanada.org\/?s={search_term_string}"},"query-input":"required name=search_term_string"}],"inLanguage":"fr-FR"}]}},"_links":{"self":[{"href":"https:\/\/csccanada.org\/fr\/wp-json\/wp\/v2\/pages\/8098","targetHints":{"allow":["GET"]}}],"collection":[{"href":"https:\/\/csccanada.org\/fr\/wp-json\/wp\/v2\/pages"}],"about":[{"href":"https:\/\/csccanada.org\/fr\/wp-json\/wp\/v2\/types\/page"}],"author":[{"embeddable":true,"href":"https:\/\/csccanada.org\/fr\/wp-json\/wp\/v2\/users\/7"}],"replies":[{"embeddable":true,"href":"https:\/\/csccanada.org\/fr\/wp-json\/wp\/v2\/comments?post=8098"}],"version-history":[{"count":1,"href":"https:\/\/csccanada.org\/fr\/wp-json\/wp\/v2\/pages\/8098\/revisions"}],"predecessor-version":[{"id":8099,"href":"https:\/\/csccanada.org\/fr\/wp-json\/wp\/v2\/pages\/8098\/revisions\/8099"}],"wp:attachment":[{"href":"https:\/\/csccanada.org\/fr\/wp-json\/wp\/v2\/media?parent=8098"}],"curies":[{"name":"wp","href":"https:\/\/api.w.org\/{rel}","templated":true}]}}