{"id":8039,"date":"2020-01-13T15:48:45","date_gmt":"2020-01-13T20:48:45","guid":{"rendered":"https:\/\/csccanada.org\/programme\/"},"modified":"2022-05-18T21:49:04","modified_gmt":"2022-05-19T01:49:04","slug":"programme","status":"publish","type":"page","link":"https:\/\/csccanada.org\/fr\/programme\/","title":{"rendered":"Programme"},"content":{"rendered":"<p><div class=\"fusion-fullwidth fullwidth-box fusion-builder-row-1 nonhundred-percent-fullwidth non-hundred-percent-height-scrolling\" style=\"--awb-border-radius-top-left:0px;--awb-border-radius-top-right:0px;--awb-border-radius-bottom-right:0px;--awb-border-radius-bottom-left:0px;--awb-flex-wrap:wrap;\" ><div class=\"fusion-builder-row fusion-row\"><div class=\"fusion-layout-column fusion_builder_column fusion-builder-column-0 fusion_builder_column_2_3 2_3 fusion-two-third fusion-column-first\" style=\"--awb-bg-size:cover;width:66.666666666667%;width:calc(66.666666666667% - ( ( 4% ) * 0.66666666666667 ) );margin-right: 4%;\"><div class=\"fusion-column-wrapper fusion-column-has-shadow fusion-flex-column-wrapper-legacy\"><style type='text\/css'>.reading-box-container-1 .element-bottomshadow:before,.reading-box-container-1 .element-bottomshadow:after{opacity:0.7;}<\/style><div class=\"fusion-reading-box-container reading-box-container-1\" style=\"--awb-title-color:#9a823a;--awb-margin-top:0px;--awb-margin-bottom:84px;\"><div class=\"reading-box element-bottomshadow\" style=\"background-color:#f6f6f6;border-width:1px;border-color:#f6f6f6;border-top-width:3px;border-top-color:var(--primary_color);border-style:solid;\"><h2>Assembl\u00e9e pl\u00e9ni\u00e8re d\u2019ouverture<\/h2><div class=\"reading-box-additional fusion-reading-box-additional\"><div class=\"fusion-image-element fusion-image-align-left in-legacy-container\" style=\"text-align:left;--awb-caption-title-font-family:var(--h2_typography-font-family);--awb-caption-title-font-weight:var(--h2_typography-font-weight);--awb-caption-title-font-style:var(--h2_typography-font-style);--awb-caption-title-size:var(--h2_typography-font-size);--awb-caption-title-transform:var(--h2_typography-text-transform);--awb-caption-title-line-height:var(--h2_typography-line-height);--awb-caption-title-letter-spacing:var(--h2_typography-letter-spacing);\"><span class=\" fusion-imageframe imageframe-dropshadow imageframe-1 hover-type-none\" style=\"border:2px solid #fff;border-radius:4px;-webkit-box-shadow: 3px 3px 7px rgba(0,0,0,0.3);box-shadow: 3px 3px 7px rgba(0,0,0,0.3);margin-right:25px;float:left;\"><img decoding=\"async\" width=\"200\" height=\"200\" title=\"csc-canada-speaker-2\" src=\"https:\/\/csccanada.org\/wp-content\/uploads\/2019\/06\/csc-canada-speaker-2.jpg\" data-orig-src=\"https:\/\/csccanada.org\/wp-content\/uploads\/2019\/06\/csc-canada-speaker-2-200x200.jpg\" alt class=\"lazyload img-responsive wp-image-7323\" srcset=\"data:image\/svg+xml,%3Csvg%20xmlns%3D%27http%3A%2F%2Fwww.w3.org%2F2000%2Fsvg%27%20width%3D%27950%27%20height%3D%27950%27%20viewBox%3D%270%200%20950%20950%27%3E%3Crect%20width%3D%27950%27%20height%3D%27950%27%20fill-opacity%3D%220%22%2F%3E%3C%2Fsvg%3E\" data-srcset=\"https:\/\/csccanada.org\/wp-content\/uploads\/2019\/06\/csc-canada-speaker-2-200x200.jpg 200w, https:\/\/csccanada.org\/wp-content\/uploads\/2019\/06\/csc-canada-speaker-2-400x400.jpg 400w, https:\/\/csccanada.org\/wp-content\/uploads\/2019\/06\/csc-canada-speaker-2-600x600.jpg 600w, https:\/\/csccanada.org\/wp-content\/uploads\/2019\/06\/csc-canada-speaker-2-800x800.jpg 800w, https:\/\/csccanada.org\/wp-content\/uploads\/2019\/06\/csc-canada-speaker-2.jpg 950w\" data-sizes=\"auto\" data-orig-sizes=\"(max-width: 800px) 100vw, 800px\" \/><\/span><\/div>\n<p>Les participants \u00e0 la Conf\u00e9rence d\u2019\u00e9tude du Commonwealth entameront leur exploration des enjeux et des d\u00e9fis en mati\u00e8re de leadership dans l\u2019\u00e9conomie mondiale d\u2019aujourd\u2019hui en entendant les propos de conf\u00e9renciers visionnaires et de dirigeants reconnus \u00e0 l\u2019\u00e9chelle mondiale. Ils commenceront \u00e0 tisser des liens avec leurs pairs venus des quatre coins du Commonwealth, prenant en compte les points de vue de chacun et en discutant d\u2019un \u00e9ventail de perspectives v\u00e9ritablement mondiales.<\/p>\n<\/div><div class=\"fusion-clearfix\"><\/div><\/div><\/div><style type='text\/css'>.reading-box-container-2 .element-bottomshadow:before,.reading-box-container-2 .element-bottomshadow:after{opacity:0.7;}<\/style><div class=\"fusion-reading-box-container reading-box-container-2\" style=\"--awb-title-color:#9a823a;--awb-margin-top:0px;--awb-margin-bottom:84px;\"><div class=\"reading-box element-bottomshadow\" style=\"background-color:#f6f6f6;border-width:1px;border-color:#f6f6f6;border-top-width:3px;border-top-color:var(--primary_color);border-style:solid;\"><h2>Visites d\u2019\u00e9tude<\/h2><div class=\"reading-box-additional fusion-reading-box-additional\">\n<div class=\"fusion-image-element fusion-image-align-left in-legacy-container\" style=\"text-align:left;--awb-caption-title-font-family:var(--h2_typography-font-family);--awb-caption-title-font-weight:var(--h2_typography-font-weight);--awb-caption-title-font-style:var(--h2_typography-font-style);--awb-caption-title-size:var(--h2_typography-font-size);--awb-caption-title-transform:var(--h2_typography-text-transform);--awb-caption-title-line-height:var(--h2_typography-line-height);--awb-caption-title-letter-spacing:var(--h2_typography-letter-spacing);\"><span class=\" fusion-imageframe imageframe-none imageframe-2 hover-type-none\" style=\"border:2px solid #ffffff;border-radius:4px;margin-right:25px;float:left;\"><img decoding=\"async\" width=\"200\" height=\"220\" title=\"csc-canada-indra-nooyi-v2\" src=\"https:\/\/csccanada.org\/wp-content\/uploads\/2019\/08\/csc-canada-indra-nooyi-v2.jpg\" data-orig-src=\"https:\/\/csccanada.org\/wp-content\/uploads\/2019\/08\/csc-canada-indra-nooyi-v2-200x220.jpg\" alt class=\"lazyload img-responsive wp-image-7504\" srcset=\"data:image\/svg+xml,%3Csvg%20xmlns%3D%27http%3A%2F%2Fwww.w3.org%2F2000%2Fsvg%27%20width%3D%27950%27%20height%3D%271047%27%20viewBox%3D%270%200%20950%201047%27%3E%3Crect%20width%3D%27950%27%20height%3D%271047%27%20fill-opacity%3D%220%22%2F%3E%3C%2Fsvg%3E\" data-srcset=\"https:\/\/csccanada.org\/wp-content\/uploads\/2019\/08\/csc-canada-indra-nooyi-v2-200x220.jpg 200w, https:\/\/csccanada.org\/wp-content\/uploads\/2019\/08\/csc-canada-indra-nooyi-v2-400x441.jpg 400w, https:\/\/csccanada.org\/wp-content\/uploads\/2019\/08\/csc-canada-indra-nooyi-v2-600x661.jpg 600w, https:\/\/csccanada.org\/wp-content\/uploads\/2019\/08\/csc-canada-indra-nooyi-v2-800x882.jpg 800w, https:\/\/csccanada.org\/wp-content\/uploads\/2019\/08\/csc-canada-indra-nooyi-v2.jpg 950w\" data-sizes=\"auto\" data-orig-sizes=\"(max-width: 800px) 100vw, 800px\" \/><\/span><\/div>\n<p>Apr\u00e8s l\u2019assembl\u00e9e pl\u00e9ni\u00e8re d\u2019ouverture, les groupes d\u2019\u00e9tude, soit de petits groupes pouvant compter jusqu\u2019\u00e0 20 membres, se rendront dans diff\u00e9rentes r\u00e9gions du Canada pour examiner de mani\u00e8re concr\u00e8te les th\u00e8mes de la Conf\u00e9rence. Les membres de chaque groupe d\u2019\u00e9tude constituent un microcosme de l\u2019ensemble des participants de la Conf\u00e9rence. Ensemble, ils visiteront diff\u00e9rentes communaut\u00e9s, entreprises et organisations et rencontreront des dirigeants afin de discuter de leurs d\u00e9fis, des progr\u00e8s r\u00e9alis\u00e9s et de leurs impacts.<\/p>\n<p>Alors que les groupes travailleront ensemble, chaque membre en viendra \u00e0 examiner ses croyances, ses id\u00e9es pr\u00e9con\u00e7ues et ses valeurs. La composition multinationale et multisectorielle de chaque groupe d\u2019\u00e9tude contrait ses membres \u00e0 \u00e9largir leur perspective au-del\u00e0 de tout ce qu\u2019ils ont v\u00e9cu auparavant.<\/p>\n<\/div><div class=\"fusion-clearfix\"><\/div><\/div><\/div><style type='text\/css'>.reading-box-container-3 .element-bottomshadow:before,.reading-box-container-3 .element-bottomshadow:after{opacity:0.7;}<\/style><div class=\"fusion-reading-box-container reading-box-container-3\" style=\"--awb-title-color:#9a823a;--awb-margin-top:0px;--awb-margin-bottom:84px;\"><div class=\"reading-box element-bottomshadow\" style=\"background-color:#f6f6f6;border-width:1px;border-color:#f6f6f6;border-top-width:3px;border-top-color:var(--primary_color);border-style:solid;\"><h2>Assembl\u00e9e pl\u00e9ni\u00e8re de cl\u00f4ture et rapports<\/h2><div class=\"reading-box-additional fusion-reading-box-additional\"><div class=\"fusion-image-element fusion-image-align-left in-legacy-container\" style=\"text-align:left;--awb-caption-title-font-family:var(--h2_typography-font-family);--awb-caption-title-font-weight:var(--h2_typography-font-weight);--awb-caption-title-font-style:var(--h2_typography-font-style);--awb-caption-title-size:var(--h2_typography-font-size);--awb-caption-title-transform:var(--h2_typography-text-transform);--awb-caption-title-line-height:var(--h2_typography-line-height);--awb-caption-title-letter-spacing:var(--h2_typography-letter-spacing);\"><span class=\" fusion-imageframe imageframe-none imageframe-3 hover-type-none\" style=\"border:2px solid #ffffff;border-radius:4px;margin-right:25px;float:left;\"><img decoding=\"async\" width=\"200\" height=\"200\" title=\"csc-canada-attendees-25\" src=\"https:\/\/csccanada.org\/wp-content\/uploads\/2019\/06\/csc-canada-attendees-25.jpg\" data-orig-src=\"https:\/\/csccanada.org\/wp-content\/uploads\/2019\/06\/csc-canada-attendees-25-200x200.jpg\" alt class=\"lazyload img-responsive wp-image-7291\" srcset=\"data:image\/svg+xml,%3Csvg%20xmlns%3D%27http%3A%2F%2Fwww.w3.org%2F2000%2Fsvg%27%20width%3D%27950%27%20height%3D%27950%27%20viewBox%3D%270%200%20950%20950%27%3E%3Crect%20width%3D%27950%27%20height%3D%27950%27%20fill-opacity%3D%220%22%2F%3E%3C%2Fsvg%3E\" data-srcset=\"https:\/\/csccanada.org\/wp-content\/uploads\/2019\/06\/csc-canada-attendees-25-200x200.jpg 200w, https:\/\/csccanada.org\/wp-content\/uploads\/2019\/06\/csc-canada-attendees-25-400x400.jpg 400w, https:\/\/csccanada.org\/wp-content\/uploads\/2019\/06\/csc-canada-attendees-25-600x600.jpg 600w, https:\/\/csccanada.org\/wp-content\/uploads\/2019\/06\/csc-canada-attendees-25-800x800.jpg 800w, https:\/\/csccanada.org\/wp-content\/uploads\/2019\/06\/csc-canada-attendees-25.jpg 950w\" data-sizes=\"auto\" data-orig-sizes=\"(max-width: 800px) 100vw, 800px\" \/><\/span><\/div>\n<p>Apr\u00e8s huit jours immersifs de d\u00e9placements, de visites de sites, de dialogues et de d\u00e9bats, les groupes d\u2019\u00e9tude se r\u00e9uniront \u00e0 nouveau pour l\u2019assembl\u00e9e pl\u00e9ni\u00e8re de cl\u00f4ture durant laquelle chaque groupe pr\u00e9parera son rapport de groupe sur ce que ses membres ont appris sur le leadership, la Conf\u00e9rence et eux-m\u00eames. Le rapport de tous les groupes sera pr\u00e9sent\u00e9 \u00e0 princesse Anne ainsi qu\u2019au pr\u00e9sident de la Conf\u00e9rence dans le cadre d\u2019une s\u00e9ance \u00e0 laquelle prendront part tous les participants. Avant leur d\u00e9part, les participants se verront lancer un d\u00e9fi d\u2019apr\u00e8s conf\u00e9rence par la pr\u00e9sidente honoraire et le pr\u00e9sident de la Conf\u00e9rence.<\/p>\n<\/div><div class=\"fusion-clearfix\"><\/div><\/div><\/div><div class=\"fusion-clearfix\"><\/div><\/div><\/div><div class=\"fusion-layout-column fusion_builder_column fusion-builder-column-1 fusion_builder_column_1_3 1_3 fusion-one-third fusion-column-last\" style=\"--awb-bg-size:cover;width:33.333333333333%;width:calc(33.333333333333% - ( ( 4% ) * 0.33333333333333 ) );\"><div class=\"fusion-column-wrapper fusion-column-has-shadow fusion-flex-column-wrapper-legacy\"><div class=\"fusion-testimonials clean fusion-testimonials-1\" style=\"--awb-textcolor:#747474;--awb-backgroundcolor:#ffffff;\" data-random=\"0\" data-speed=\"4000\"><div class=\"reviews\"><div class=\"review active-testimonial avatar-image\"><div class=\"testimonial-thumbnail\"><img decoding=\"async\" class=\"testimonial-image lazyload\" src=\"data:image\/svg+xml,%3Csvg%20xmlns%3D%27http%3A%2F%2Fwww.w3.org%2F2000%2Fsvg%27%20width%3D%27200%27%20height%3D%27200%27%20viewBox%3D%270%200%20200%20200%27%3E%3Crect%20width%3D%27200%27%20height%3D%27200%27%20fill-opacity%3D%220%22%2F%3E%3C%2Fsvg%3E\" width=\"200\" height=\"200\" style=\"--awb-border-radius:100%;\" data-orig-src=\"https:\/\/csccanada.org\/wp-content\/uploads\/2020\/01\/Duke.jpg\" \/><\/div><blockquote class=\"testimonials-shortcode-blockquote\"><q class=\"fusion-clearfix\">\n<p>\u00ab La structure des conf\u00e9rences est demeur\u00e9e la m\u00eame, simplement parce qu\u2019elle a fait ses preuves. Le principe de l\u2019apprentissage par l\u2019observation et la discussion a \u00e9t\u00e9 \u00e9tabli d\u00e8s la conception du projet et chaque occasion est cr\u00e9\u00e9e pour d\u00e9battre vigoureusement, mais objectivement, les opinions et les \u00e9valuations. \u00bb<\/p>\n<\/q><\/blockquote><div class=\"author\"><span class=\"company-name\"><strong>Prince Philip<\/strong>, <span>DUC D\u2019\u00c9DIMBOURG<\/span><\/span><\/div><\/div><\/div><\/div><div class=\"fusion-sep-clear\"><\/div><div class=\"fusion-separator fusion-full-width-sep\" style=\"margin-left: auto;margin-right: auto;margin-top:30px;margin-bottom:30px;width:100%;\"><div class=\"fusion-separator-border sep-shadow\" style=\"--awb-height:20px;--awb-amount:20px;background:radial-gradient(ellipse at 50% -50% , #e0dede 0px, rgba(255, 255, 255, 0) 80%) repeat scroll 0 0 rgba(0, 0, 0, 0);background:-webkit-radial-gradient(ellipse at 50% -50% , #e0dede 0px, rgba(255, 255, 255, 0) 80%) repeat scroll 0 0 rgba(0, 0, 0, 0);background:-moz-radial-gradient(ellipse at 50% -50% , #e0dede 0px, rgba(255, 255, 255, 0) 80%) repeat scroll 0 0 rgba(0, 0, 0, 0);background:-o-radial-gradient(ellipse at 50% -50% , #e0dede 0px, rgba(255, 255, 255, 0) 80%) repeat scroll 0 0 rgba(0, 0, 0, 0);\"><\/div><\/div><div class=\"fusion-sep-clear\"><\/div><div class=\"fusion-testimonials clean fusion-testimonials-2\" style=\"--awb-textcolor:#747474;--awb-backgroundcolor:#ffffff;\" data-random=\"0\" data-speed=\"4000\"><div class=\"reviews\"><div class=\"review active-testimonial avatar-image\"><div class=\"testimonial-thumbnail\"><img decoding=\"async\" class=\"testimonial-image lazyload\" src=\"data:image\/svg+xml,%3Csvg%20xmlns%3D%27http%3A%2F%2Fwww.w3.org%2F2000%2Fsvg%27%20width%3D%27800%27%20height%3D%27800%27%20viewBox%3D%270%200%20800%20800%27%3E%3Crect%20width%3D%27800%27%20height%3D%27800%27%20fill-opacity%3D%220%22%2F%3E%3C%2Fsvg%3E\" width=\"200\" height=\"200\" style=\"--awb-border-radius:100%;\" data-orig-src=\"https:\/\/csccanada.org\/wp-content\/uploads\/2020\/01\/2020Anne-200x200.jpg\" \/><\/div><blockquote class=\"testimonials-shortcode-blockquote\"><q class=\"fusion-clearfix\">\n<p>\u00ab L\u2019exp\u00e9rience nous a montr\u00e9 que ces conf\u00e9rences sont une force pour le bien au sein du Commonwealth et au sein de chacun des pays du Commonwealth. Le temps, les ressources et les efforts n\u00e9cessaires pour recr\u00e9er et soutenir les conf\u00e9rences d\u2019\u00e9tude du Commonwealth sont une contribution essentielle qui renforce les liens au sein du Commonwealth ainsi qu\u2019un hommage \u00e0 mon p\u00e8re. Vous pouvez compter sur mon appui et mon engagement soutenus. \u00bb<\/p>\n<\/q><\/blockquote><div class=\"author\"><span class=\"company-name\"><strong>SAR LA PRINCESSE ROYALE, PRINCESSE ANNE<\/strong>, <span>PR\u00c9SIDENTE HONORAIRE DE LA CONF\u00c9RENCE<\/span><\/span><\/div><\/div><\/div><\/div><div class=\"fusion-clearfix\"><\/div><\/div><\/div><\/div><\/div><div class=\"fusion-fullwidth fullwidth-box fusion-builder-row-2 nonhundred-percent-fullwidth non-hundred-percent-height-scrolling\" style=\"--awb-border-radius-top-left:0px;--awb-border-radius-top-right:0px;--awb-border-radius-bottom-right:0px;--awb-border-radius-bottom-left:0px;--awb-flex-wrap:wrap;\" ><div class=\"fusion-builder-row fusion-row\"><div class=\"fusion-layout-column fusion_builder_column fusion-builder-column-2 fusion_builder_column_1_1 1_1 fusion-one-full fusion-column-first fusion-column-last\" style=\"--awb-bg-size:cover;\"><div class=\"fusion-column-wrapper fusion-column-has-shadow fusion-flex-column-wrapper-legacy\"><div class=\"fusion-testimonials clean fusion-testimonials-3\" style=\"--awb-textcolor:#747474;--awb-backgroundcolor:#f6f6f6;\" data-random=\"0\" data-speed=\"4000\"><div class=\"reviews\"><div class=\"review active-testimonial no-avatar\"><blockquote class=\"testimonials-shortcode-blockquote\"><q class=\"fusion-clearfix\">\u00ab Je n\u2019ai jamais particip\u00e9 \u00e0 une conf\u00e9rence de leadership comme celle-ci. La possibilit\u00e9 d\u2019\u00eatre directement t\u00e9moin d\u2019un tel d\u00e9veloppement gr\u00e2ce \u00e0 des interactions intenses sur le terrain avec des dirigeants, des cadres et des employ\u00e9s est inestimable. J\u2019ai aim\u00e9 chaque minute, m\u00eame les nuits blanches et les journ\u00e9es \u00e9puisantes, et je m\u2019en souviendrai toujours. \u00bb<\/q><\/blockquote><div class=\"author\"><span class=\"company-name\"><strong>Claudia D\u2019Orazio<\/strong>, <span>vice-pr\u00e9sidente, Pembina Pipeline Corp<\/span><\/span><\/div><\/div><\/div><\/div><div class=\"fusion-clearfix\"><\/div><\/div><\/div><\/div><\/div><div class=\"fusion-fullwidth fullwidth-box fusion-builder-row-3 nonhundred-percent-fullwidth non-hundred-percent-height-scrolling\" style=\"--awb-border-radius-top-left:0px;--awb-border-radius-top-right:0px;--awb-border-radius-bottom-right:0px;--awb-border-radius-bottom-left:0px;--awb-margin-top:30px;--awb-flex-wrap:wrap;\" ><div class=\"fusion-builder-row fusion-row\"><div class=\"fusion-layout-column fusion_builder_column fusion-builder-column-3 fusion_builder_column_1_3 1_3 fusion-one-third fusion-column-first imageCallOut fusion-column-inner-bg-wrapper\" style=\"--awb-inner-bg-position:center center;--awb-inner-bg-size:cover;--awb-margin-bottom:10px;width:33.333333333333%;width:calc(33.333333333333% - ( ( 1% + 1% ) * 0.33333333333333 ) );margin-right: 1%;\"><span class=\"fusion-column-inner-bg hover-type-zoomin\"><a class=\"fusion-column-anchor\" href=\"https:\/\/csccanada.org\/sponsorship\/\"><span class=\"fusion-column-inner-bg-image lazyload\" data-bg=\"https:\/\/csccanada.org\/wp-content\/uploads\/2020\/01\/homeSponsor.jpg\"><\/span><\/a><\/span><div class=\"fusion-column-wrapper fusion-column-has-shadow fusion-flex-column-wrapper-legacy fusion-column-has-bg-image\" data-bg-url=\"https:\/\/csccanada.org\/wp-content\/uploads\/2020\/01\/homeSponsor.jpg\"><div class=\"fusion-text fusion-text-1 blue\"><p style=\"text-align: center;\">Devenir <strong>COMMANDITAIRE<\/strong><\/p>\n<\/div><div class=\"fusion-clearfix\"><\/div><\/div><\/div>\n<div class=\"fusion-layout-column fusion_builder_column fusion-builder-column-4 fusion_builder_column_1_3 1_3 fusion-one-third imageCallOut fusion-column-inner-bg-wrapper\" style=\"--awb-inner-bg-position:center center;--awb-inner-bg-size:cover;--awb-margin-bottom:10px;width:33.333333333333%;width:calc(33.333333333333% - ( ( 1% + 1% ) * 0.33333333333333 ) );margin-right: 1%;\"><span class=\"fusion-column-inner-bg hover-type-zoomin\"><a class=\"fusion-column-anchor\" href=\"https:\/\/csccanada.org\/fr\/participation\/\"><span class=\"fusion-column-inner-bg-image lazyload\" data-bg=\"https:\/\/csccanada.org\/wp-content\/uploads\/2020\/01\/councilBox.jpg\"><\/span><\/a><\/span><div class=\"fusion-column-wrapper fusion-column-has-shadow fusion-flex-column-wrapper-legacy fusion-column-has-bg-image\" data-bg-url=\"https:\/\/csccanada.org\/wp-content\/uploads\/2020\/01\/councilBox.jpg\"><div class=\"fusion-text fusion-text-2 deepGreen\"><p style=\"text-align: center;\">Devenir <strong>PARTICIPANT<\/strong><\/p>\n<\/div><div class=\"fusion-clearfix\"><\/div><\/div><\/div>\n<div class=\"fusion-layout-column fusion_builder_column fusion-builder-column-5 fusion_builder_column_1_3 1_3 fusion-one-third fusion-column-last imageCallOut fusion-column-inner-bg-wrapper\" style=\"--awb-inner-bg-position:center center;--awb-inner-bg-size:cover;--awb-margin-bottom:10px;width:33.333333333333%;width:calc(33.333333333333% - ( ( 1% + 1% ) * 0.33333333333333 ) );\"><span class=\"fusion-column-inner-bg hover-type-zoomin\"><a class=\"fusion-column-anchor\" href=\"https:\/\/csccanada.org\/fr\/mission\/\"><span class=\"fusion-column-inner-bg-image lazyload\" data-bg=\"https:\/\/csccanada.org\/wp-content\/uploads\/2019\/07\/csc-canada-attendees-6-800x800-e1564463619288.jpg\"><\/span><\/a><\/span><div class=\"fusion-column-wrapper fusion-column-has-shadow fusion-flex-column-wrapper-legacy fusion-column-has-bg-image\" data-bg-url=\"https:\/\/csccanada.org\/wp-content\/uploads\/2019\/07\/csc-canada-attendees-6-800x800-e1564463619288.jpg\"><div class=\"fusion-text fusion-text-3 green\"><p style=\"text-align: center;\">Notre <strong>MISSION<\/strong><\/p>\n<\/div><div class=\"fusion-clearfix\"><\/div><\/div><\/div><\/div><\/div><\/p>\n","protected":false},"excerpt":{"rendered":"","protected":false},"author":7,"featured_media":0,"parent":0,"menu_order":99,"comment_status":"closed","ping_status":"closed","template":"100-width.php","meta":{"inline_featured_image":false,"footnotes":""},"class_list":["post-8039","page","type-page","status-publish","hentry"],"yoast_head":"<!-- This site is optimized with the Yoast SEO plugin v21.6 - https:\/\/yoast.com\/wordpress\/plugins\/seo\/ -->\n<title>Programme - CSC Canada - The Duke of Edinburgh&#039;s<\/title>\n<meta name=\"robots\" content=\"index, follow, max-snippet:-1, max-image-preview:large, max-video-preview:-1\" \/>\n<link rel=\"canonical\" href=\"https:\/\/csccanada.org\/fr\/programme\/\" \/>\n<meta property=\"og:locale\" content=\"fr_FR\" \/>\n<meta property=\"og:type\" content=\"article\" \/>\n<meta property=\"og:title\" content=\"Programme - CSC Canada - The Duke of Edinburgh&#039;s\" \/>\n<meta property=\"og:url\" content=\"https:\/\/csccanada.org\/fr\/programme\/\" \/>\n<meta property=\"og:site_name\" content=\"CSC Canada - The Duke of Edinburgh&#039;s\" \/>\n<meta property=\"article:modified_time\" content=\"2022-05-19T01:49:04+00:00\" \/>\n<meta name=\"twitter:card\" content=\"summary_large_image\" \/>\n<meta name=\"twitter:label1\" content=\"Dur\u00e9e de lecture estim\u00e9e\" \/>\n\t<meta name=\"twitter:data1\" content=\"11 minutes\" \/>\n<script type=\"application\/ld+json\" class=\"yoast-schema-graph\">{\"@context\":\"https:\/\/schema.org\",\"@graph\":[{\"@type\":\"WebPage\",\"@id\":\"https:\/\/csccanada.org\/fr\/programme\/\",\"url\":\"https:\/\/csccanada.org\/fr\/programme\/\",\"name\":\"Programme - CSC Canada - The Duke of Edinburgh&#039;s\",\"isPartOf\":{\"@id\":\"https:\/\/csccanada.org\/#website\"},\"datePublished\":\"2020-01-13T20:48:45+00:00\",\"dateModified\":\"2022-05-19T01:49:04+00:00\",\"breadcrumb\":{\"@id\":\"https:\/\/csccanada.org\/fr\/programme\/#breadcrumb\"},\"inLanguage\":\"fr-FR\",\"potentialAction\":[{\"@type\":\"ReadAction\",\"target\":[\"https:\/\/csccanada.org\/fr\/programme\/\"]}]},{\"@type\":\"BreadcrumbList\",\"@id\":\"https:\/\/csccanada.org\/fr\/programme\/#breadcrumb\",\"itemListElement\":[{\"@type\":\"ListItem\",\"position\":1,\"name\":\"Home\",\"item\":\"https:\/\/csccanada.org\/fr\/accueil-du-scc-2023\/\"},{\"@type\":\"ListItem\",\"position\":2,\"name\":\"Programme\"}]},{\"@type\":\"WebSite\",\"@id\":\"https:\/\/csccanada.org\/#website\",\"url\":\"https:\/\/csccanada.org\/\",\"name\":\"CSC Canada - The Duke of Edinburgh&#039;s\",\"description\":\"The Leadership Experience Of A Lifetime: Are You Ready For May 2022?\",\"potentialAction\":[{\"@type\":\"SearchAction\",\"target\":{\"@type\":\"EntryPoint\",\"urlTemplate\":\"https:\/\/csccanada.org\/?s={search_term_string}\"},\"query-input\":\"required name=search_term_string\"}],\"inLanguage\":\"fr-FR\"}]}<\/script>\n<!-- \/ Yoast SEO plugin. -->","yoast_head_json":{"title":"Programme - CSC Canada - The Duke of Edinburgh&#039;s","robots":{"index":"index","follow":"follow","max-snippet":"max-snippet:-1","max-image-preview":"max-image-preview:large","max-video-preview":"max-video-preview:-1"},"canonical":"https:\/\/csccanada.org\/fr\/programme\/","og_locale":"fr_FR","og_type":"article","og_title":"Programme - CSC Canada - The Duke of Edinburgh&#039;s","og_url":"https:\/\/csccanada.org\/fr\/programme\/","og_site_name":"CSC Canada - The Duke of Edinburgh&#039;s","article_modified_time":"2022-05-19T01:49:04+00:00","twitter_card":"summary_large_image","twitter_misc":{"Dur\u00e9e de lecture estim\u00e9e":"11 minutes"},"schema":{"@context":"https:\/\/schema.org","@graph":[{"@type":"WebPage","@id":"https:\/\/csccanada.org\/fr\/programme\/","url":"https:\/\/csccanada.org\/fr\/programme\/","name":"Programme - CSC Canada - The Duke of Edinburgh&#039;s","isPartOf":{"@id":"https:\/\/csccanada.org\/#website"},"datePublished":"2020-01-13T20:48:45+00:00","dateModified":"2022-05-19T01:49:04+00:00","breadcrumb":{"@id":"https:\/\/csccanada.org\/fr\/programme\/#breadcrumb"},"inLanguage":"fr-FR","potentialAction":[{"@type":"ReadAction","target":["https:\/\/csccanada.org\/fr\/programme\/"]}]},{"@type":"BreadcrumbList","@id":"https:\/\/csccanada.org\/fr\/programme\/#breadcrumb","itemListElement":[{"@type":"ListItem","position":1,"name":"Home","item":"https:\/\/csccanada.org\/fr\/accueil-du-scc-2023\/"},{"@type":"ListItem","position":2,"name":"Programme"}]},{"@type":"WebSite","@id":"https:\/\/csccanada.org\/#website","url":"https:\/\/csccanada.org\/","name":"CSC Canada - The Duke of Edinburgh&#039;s","description":"The Leadership Experience Of A Lifetime: Are You Ready For May 2022?","potentialAction":[{"@type":"SearchAction","target":{"@type":"EntryPoint","urlTemplate":"https:\/\/csccanada.org\/?s={search_term_string}"},"query-input":"required name=search_term_string"}],"inLanguage":"fr-FR"}]}},"_links":{"self":[{"href":"https:\/\/csccanada.org\/fr\/wp-json\/wp\/v2\/pages\/8039","targetHints":{"allow":["GET"]}}],"collection":[{"href":"https:\/\/csccanada.org\/fr\/wp-json\/wp\/v2\/pages"}],"about":[{"href":"https:\/\/csccanada.org\/fr\/wp-json\/wp\/v2\/types\/page"}],"author":[{"embeddable":true,"href":"https:\/\/csccanada.org\/fr\/wp-json\/wp\/v2\/users\/7"}],"replies":[{"embeddable":true,"href":"https:\/\/csccanada.org\/fr\/wp-json\/wp\/v2\/comments?post=8039"}],"version-history":[{"count":5,"href":"https:\/\/csccanada.org\/fr\/wp-json\/wp\/v2\/pages\/8039\/revisions"}],"predecessor-version":[{"id":8191,"href":"https:\/\/csccanada.org\/fr\/wp-json\/wp\/v2\/pages\/8039\/revisions\/8191"}],"wp:attachment":[{"href":"https:\/\/csccanada.org\/fr\/wp-json\/wp\/v2\/media?parent=8039"}],"curies":[{"name":"wp","href":"https:\/\/api.w.org\/{rel}","templated":true}]}}