{"id":8019,"date":"2021-06-28T10:45:16","date_gmt":"2021-06-28T14:45:16","guid":{"rendered":"https:\/\/csccanada.org\/comment-soumettre-une-demande-de-participation\/"},"modified":"2022-09-19T20:03:05","modified_gmt":"2022-09-20T00:03:05","slug":"comment-soumettre-une-demande-de-participation","status":"publish","type":"page","link":"https:\/\/csccanada.org\/fr\/comment-soumettre-une-demande-de-participation\/","title":{"rendered":"Comment soumettre une demande de participation"},"content":{"rendered":"<div class=\"fusion-fullwidth fullwidth-box fusion-builder-row-1 nonhundred-percent-fullwidth non-hundred-percent-height-scrolling\" style=\"--awb-border-radius-top-left:0px;--awb-border-radius-top-right:0px;--awb-border-radius-bottom-right:0px;--awb-border-radius-bottom-left:0px;--awb-flex-wrap:wrap;\" ><div class=\"fusion-builder-row fusion-row\"><div class=\"fusion-layout-column fusion_builder_column fusion-builder-column-0 fusion_builder_column_2_3 2_3 fusion-two-third fusion-column-first\" style=\"--awb-bg-size:cover;width:66.666666666667%;width:calc(66.666666666667% - ( ( 4% ) * 0.66666666666667 ) );margin-right: 4%;\"><div class=\"fusion-column-wrapper fusion-column-has-shadow fusion-flex-column-wrapper-legacy\"><div class=\"fusion-text fusion-text-1\"><h1>Comment soumettre une demande de participation<\/h1>\n<p>Les demandes pour le CSC2023 sont re\u00e7ues du <strong>14 Mars au 10 Octobre 2022<\/strong>. Ces demandes sont soumises en ligne et les renseignements suivants devront \u00eatre fournis en toute confidentialit\u00e9.<\/p>\n<ul>\n<li>L\u2019organisation dans laquelle vous travaillez et votre secteur d\u2019activit\u00e9 (entreprise, gouvernement, syndicat, ONG, soins de sant\u00e9, \u00e9ducation, arts et culture ou autre).<\/li>\n<li>Vos responsabilit\u00e9s professionnelles et de leadership actuelles.<\/li>\n<li>Un r\u00e9sum\u00e9 de vos emplois pr\u00e9c\u00e9dents et de votre exp\u00e9rience communautaire, d\u00e9montrant une progression de vos responsabilit\u00e9s en mati\u00e8re de leadership.<\/li>\n<li>La raison pour laquelle vous d\u00e9sirez vivre l\u2019exp\u00e9rience de d\u00e9veloppement du leadership de la CSC2023.<\/li>\n<li>Ce que vous pensez du th\u00e8me de la CSC2023, \u00ab Un leadership engag\u00e9 pour un changement inclusif \u00bb.<\/li>\n<\/ul>\n<p>Aucune limite d\u2019\u00e2ge n\u2019a \u00e9t\u00e9 fix\u00e9e pour participer \u00e0 la Conf\u00e9rence. Cependant, il est attendu de tous les participants qu\u2019ils poss\u00e8dent au moins quelques ann\u00e9es d\u2019exp\u00e9rience professionnelle et qu\u2019ils puissent d\u00e9montrer qu\u2019ils acc\u00e8dent \u00e0 des postes de direction o\u00f9 la qualit\u00e9 de leur prise de d\u00e9cisions aura un impact sur un nombre croissant de personnes.<\/p>\n<p>Vous devrez aussi envoyer un deuxi\u00e8me formulaire en ligne \u00e0 une personne occupant un poste de direction ou \u00e0 une personne qui a \u00e9t\u00e9 t\u00e9moin de votre croissance personnelle. Il peut s&rsquo;agir d&rsquo;un manager, d&rsquo;un employeur, d&rsquo;un leader communautaire, d&rsquo;un leader religieux &#8211; quelqu&rsquo;un qui peut attester de vos responsabilit\u00e9s actuelles et de votre potentiel de d\u00e9veloppement en tant que leader. <b>Ce t\u00e9moignage n&rsquo;est pas un \u00e9l\u00e9ment obligatoire de votre candidature, mais il est <i><u>fortement recommand\u00e9<\/u><\/i><\/b>.<\/p>\n<p>Apr\u00e8s la cl\u00f4ture de la proc\u00e9dure de candidature le 10 octobre 2022, il est pr\u00e9vu que la plupart des candidats soient interview\u00e9s par des panels de deux anciens de la Conf\u00e9rence, soit en personne, soit en ligne. Tous les candidats seront inform\u00e9s de la s\u00e9lection d\u00e9finitive en vue de la Conf\u00e9rence au plus tard en d\u00e9cembre 2022. L\u2019ouverture de la Conf\u00e9rence aura lieu le 3 juin 2023.<\/p>\n<p>Les participants choisis seront tr\u00e8s diversifi\u00e9s et proviendront des quatre coins du Commonwealth. Un nombre \u00e9gal d\u2019hommes et de femmes y prendront part.<\/p>\n<p>La Conf\u00e9rence est un \u00e9v\u00e9nement sans but lucratif qui compte sur l\u2019engagement d\u2019anciens participants \u00e0 \u00ab redonner \u00bb afin de soutenir les prochaines g\u00e9n\u00e9rations de jeunes dirigeants qui les suivront. Dans votre demande de participation, on vous demandera si vous \u00eates pr\u00eat \u00e0 contribuer en tant qu\u2019ancien participant \u00e0 la CSC au sein de votre pays afin d\u2019aider les prochaines g\u00e9n\u00e9rations \u00e0 vivre la m\u00eame exp\u00e9rience d\u00e9veloppementale inestimable que celle que vous vivrez durant la CSC2023.<\/p>\n<\/div><div class=\"fusion-clearfix\"><\/div><\/div><\/div><div class=\"fusion-layout-column fusion_builder_column fusion-builder-column-1 fusion_builder_column_1_3 1_3 fusion-one-third fusion-column-last\" style=\"--awb-bg-size:cover;--awb-margin-bottom:25px;width:33.333333333333%;width:calc(33.333333333333% - ( ( 4% ) * 0.33333333333333 ) );\"><div class=\"fusion-column-wrapper fusion-column-has-shadow fusion-flex-column-wrapper-legacy\"><div class=\"fusion-sep-clear\"><\/div><div class=\"fusion-separator fusion-full-width-sep\" style=\"margin-left: auto;margin-right: auto;margin-bottom:30px;width:100%;\"><\/div><div class=\"fusion-sep-clear\"><\/div><div class=\"fusion-align-block\"><a class=\"fusion-button button-flat button-xlarge button-custom fusion-button-default button-1 fusion-button-span-yes arrowbtn\" style=\"--button_accent_color:#ffffff;--button_border_color:#3588c8;--button_accent_hover_color:#ffffff;--button_border_hover_color:#493a60;--button_border_width-top:2px;--button_border_width-right:2px;--button_border_width-bottom:2px;--button_border_width-left:2px;--button-border-radius-top-left:10px;--button-border-radius-top-right:10px;--button-border-radius-bottom-right:10px;--button-border-radius-bottom-left:10px;--button_gradient_top_color:#3588c8;--button_gradient_bottom_color:#3588c8;--button_gradient_top_color_hover:#493a60;--button_gradient_bottom_color_hover:#493a60;--button_text_transform:uppercase;\" target=\"_self\" href=\"https:\/\/csccanada.org\/fr\/formulaire-de-candidature\/\"><span class=\"fusion-button-text fusion-button-text-right\">Formulaire de demande de participation<\/span><span class=\"fusion-button-icon-divider button-icon-divider-right\"><i class=\"fa-arrow-right fas\" aria-hidden=\"true\"><\/i><\/span><\/a><\/div><div class=\"fusion-sep-clear\"><\/div><div class=\"fusion-separator fusion-full-width-sep\" style=\"margin-left: auto;margin-right: auto;margin-bottom:15px;width:100%;\"><\/div><div class=\"fusion-sep-clear\"><\/div><div class=\"fusion-align-block\"><a class=\"fusion-button button-flat button-xlarge button-custom fusion-button-default button-2 fusion-button-span-yes arrowbtn\" style=\"--button_accent_color:#ffffff;--button_border_color:#3588c8;--button_accent_hover_color:#ffffff;--button_border_hover_color:#493a60;--button_border_width-top:2px;--button_border_width-right:2px;--button_border_width-bottom:2px;--button_border_width-left:2px;--button-border-radius-top-left:10px;--button-border-radius-top-right:10px;--button-border-radius-bottom-right:10px;--button-border-radius-bottom-left:10px;--button_gradient_top_color:#3588c8;--button_gradient_bottom_color:#3588c8;--button_gradient_top_color_hover:#493a60;--button_gradient_bottom_color_hover:#493a60;--button_text_transform:uppercase;\" target=\"_self\" href=\"https:\/\/csccanada.org\/fr\/formulaire-de-parrainage\/\"><span class=\"fusion-button-text fusion-button-text-right\">Formulaire de parrainage<\/span><span class=\"fusion-button-icon-divider button-icon-divider-right\"><i class=\"fa-arrow-right fas\" aria-hidden=\"true\"><\/i><\/span><\/a><\/div><div class=\"fusion-sep-clear\"><\/div><div class=\"fusion-separator fusion-full-width-sep\" style=\"margin-left: auto;margin-right: auto;margin-bottom:15px;width:100%;\"><\/div><div class=\"fusion-sep-clear\"><\/div><div class=\"fusion-align-block\"><a class=\"fusion-button button-flat button-xlarge button-custom fusion-button-default button-3 fusion-button-span-yes arrowbtn\" style=\"--button_accent_color:#ffffff;--button_border_color:#3588c8;--button_accent_hover_color:#ffffff;--button_border_hover_color:#493a60;--button_border_width-top:2px;--button_border_width-right:2px;--button_border_width-bottom:2px;--button_border_width-left:2px;--button-border-radius-top-left:10px;--button-border-radius-top-right:10px;--button-border-radius-bottom-right:10px;--button-border-radius-bottom-left:10px;--button_gradient_top_color:#3588c8;--button_gradient_bottom_color:#3588c8;--button_gradient_top_color_hover:#493a60;--button_gradient_bottom_color_hover:#493a60;--button_text_transform:uppercase;\" target=\"_blank\" rel=\"noopener noreferrer\" href=\"https:\/\/csccanada.org\/wp-content\/uploads\/2022\/03\/0205_dw_csc_message_v6.mp4-1080p.mp4\"><span class=\"fusion-button-text fusion-button-text-right\">MESSAGE AUX PARTICIPANTS \u00c0 LA CSC2023 DU PR\u00c9SIDENT DARRYL WHITE<\/span><span class=\"fusion-button-icon-divider button-icon-divider-right\"><i class=\"fa-arrow-right fas\" aria-hidden=\"true\"><\/i><\/span><\/a><\/div><div class=\"fusion-sep-clear\"><\/div><div class=\"fusion-separator fusion-full-width-sep\" style=\"margin-left: auto;margin-right: auto;margin-bottom:15px;width:100%;\"><\/div><div class=\"fusion-sep-clear\"><\/div><div class=\"fusion-align-block\"><a class=\"fusion-button button-flat button-xlarge button-custom fusion-button-default button-4 fusion-button-span-yes arrowbtn\" style=\"--button_accent_color:#ffffff;--button_border_color:#3588c8;--button_accent_hover_color:#ffffff;--button_border_hover_color:#493a60;--button_border_width-top:2px;--button_border_width-right:2px;--button_border_width-bottom:2px;--button_border_width-left:2px;--button-border-radius-top-left:10px;--button-border-radius-top-right:10px;--button-border-radius-bottom-right:10px;--button-border-radius-bottom-left:10px;--button_gradient_top_color:#3588c8;--button_gradient_bottom_color:#3588c8;--button_gradient_top_color_hover:#493a60;--button_gradient_bottom_color_hover:#493a60;--button_text_transform:uppercase;\" target=\"_self\" href=\"https:\/\/csccanada.org\/csc-testimonials\/\"><span class=\"fusion-button-text fusion-button-text-right\">T\u00c9MOIGNAGES D\u2019ANCIENS PARTICIPANTS<\/span><span class=\"fusion-button-icon-divider button-icon-divider-right\"><i class=\"fa-arrow-right fas\" aria-hidden=\"true\"><\/i><\/span><\/a><\/div><div class=\"fusion-sep-clear\"><\/div><div class=\"fusion-separator fusion-full-width-sep\" style=\"margin-left: auto;margin-right: auto;margin-bottom:15px;width:100%;\"><\/div><div class=\"fusion-sep-clear\"><\/div><div class=\"fusion-align-block\"><a class=\"fusion-button button-flat button-xlarge button-custom fusion-button-default button-5 fusion-button-span-yes arrowbtn\" style=\"--button_accent_color:#ffffff;--button_border_color:#3588c8;--button_accent_hover_color:#ffffff;--button_border_hover_color:#493a60;--button_border_width-top:2px;--button_border_width-right:2px;--button_border_width-bottom:2px;--button_border_width-left:2px;--button-border-radius-top-left:10px;--button-border-radius-top-right:10px;--button-border-radius-bottom-right:10px;--button-border-radius-bottom-left:10px;--button_gradient_top_color:#3588c8;--button_gradient_bottom_color:#3588c8;--button_gradient_top_color_hover:#493a60;--button_gradient_bottom_color_hover:#493a60;--button_text_transform:uppercase;\" target=\"_self\" href=\"https:\/\/csccanada.org\/csc-2023-video\/\"><span class=\"fusion-button-text fusion-button-text-right\">REGARDER LA VID\u00c9O DE LA CSC2023<\/span><span class=\"fusion-button-icon-divider button-icon-divider-right\"><i class=\"fa-arrow-right fas\" aria-hidden=\"true\"><\/i><\/span><\/a><\/div><div class=\"fusion-sep-clear\"><\/div><div class=\"fusion-separator fusion-full-width-sep\" style=\"margin-left: auto;margin-right: auto;margin-bottom:15px;width:100%;\"><\/div><div class=\"fusion-sep-clear\"><\/div><div class=\"fusion-align-block\"><a class=\"fusion-button button-flat button-xlarge button-custom fusion-button-default button-6 fusion-button-span-yes arrowbtn\" style=\"--button_accent_color:#ffffff;--button_border_color:#3588c8;--button_accent_hover_color:#ffffff;--button_border_hover_color:#493a60;--button_border_width-top:2px;--button_border_width-right:2px;--button_border_width-bottom:2px;--button_border_width-left:2px;--button-border-radius-top-left:10px;--button-border-radius-top-right:10px;--button-border-radius-bottom-right:10px;--button-border-radius-bottom-left:10px;--button_gradient_top_color:#3588c8;--button_gradient_bottom_color:#3588c8;--button_gradient_top_color_hover:#493a60;--button_gradient_bottom_color_hover:#493a60;--button_text_transform:uppercase;\" target=\"_self\" href=\"https:\/\/csccanada.org\/keep-informed\/\"><span class=\"fusion-button-text fusion-button-text-right\">SE TENIR AU COURANT<\/span><span class=\"fusion-button-icon-divider button-icon-divider-right\"><i class=\"fa-arrow-right fas\" aria-hidden=\"true\"><\/i><\/span><\/a><\/div><div class=\"fusion-sep-clear\"><\/div><div class=\"fusion-separator fusion-full-width-sep\" style=\"margin-left: auto;margin-right: auto;margin-bottom:30px;width:100%;\"><\/div><div class=\"fusion-sep-clear\"><\/div><div class=\"fusion-image-element in-legacy-container\" style=\"--awb-caption-title-font-family:var(--h2_typography-font-family);--awb-caption-title-font-weight:var(--h2_typography-font-weight);--awb-caption-title-font-style:var(--h2_typography-font-style);--awb-caption-title-size:var(--h2_typography-font-size);--awb-caption-title-transform:var(--h2_typography-text-transform);--awb-caption-title-line-height:var(--h2_typography-line-height);--awb-caption-title-letter-spacing:var(--h2_typography-letter-spacing);\"><span class=\" fusion-imageframe imageframe-none imageframe-1 hover-type-none\"><img decoding=\"async\" width=\"1024\" height=\"1024\" title=\"theme_keywords\" src=\"https:\/\/csccanada.org\/wp-content\/uploads\/2022\/02\/theme_keywords.jpg\" data-orig-src=\"https:\/\/csccanada.org\/wp-content\/uploads\/2022\/02\/theme_keywords.jpg\" alt class=\"lazyload img-responsive wp-image-7873\" srcset=\"data:image\/svg+xml,%3Csvg%20xmlns%3D%27http%3A%2F%2Fwww.w3.org%2F2000%2Fsvg%27%20width%3D%271024%27%20height%3D%271024%27%20viewBox%3D%270%200%201024%201024%27%3E%3Crect%20width%3D%271024%27%20height%3D%271024%27%20fill-opacity%3D%220%22%2F%3E%3C%2Fsvg%3E\" data-srcset=\"https:\/\/csccanada.org\/wp-content\/uploads\/2022\/02\/theme_keywords-200x200.jpg 200w, https:\/\/csccanada.org\/wp-content\/uploads\/2022\/02\/theme_keywords-400x400.jpg 400w, https:\/\/csccanada.org\/wp-content\/uploads\/2022\/02\/theme_keywords-600x600.jpg 600w, https:\/\/csccanada.org\/wp-content\/uploads\/2022\/02\/theme_keywords-800x800.jpg 800w, https:\/\/csccanada.org\/wp-content\/uploads\/2022\/02\/theme_keywords.jpg 1024w\" data-sizes=\"auto\" data-orig-sizes=\"(max-width: 800px) 100vw, 400px\" \/><\/span><\/div><div class=\"fusion-clearfix\"><\/div><\/div><\/div><\/div><\/div>\n","protected":false},"excerpt":{"rendered":"","protected":false},"author":5,"featured_media":0,"parent":0,"menu_order":26,"comment_status":"closed","ping_status":"closed","template":"","meta":{"inline_featured_image":false,"footnotes":""},"class_list":["post-8019","page","type-page","status-publish","hentry"],"yoast_head":"<!-- This site is optimized with the Yoast SEO plugin v21.6 - https:\/\/yoast.com\/wordpress\/plugins\/seo\/ -->\n<title>Comment soumettre une demande de participation - CSC Canada - The Duke of Edinburgh&#039;s<\/title>\n<meta name=\"robots\" content=\"index, follow, max-snippet:-1, max-image-preview:large, max-video-preview:-1\" \/>\n<link rel=\"canonical\" href=\"https:\/\/csccanada.org\/fr\/comment-soumettre-une-demande-de-participation\/\" \/>\n<meta property=\"og:locale\" content=\"fr_FR\" \/>\n<meta property=\"og:type\" content=\"article\" \/>\n<meta property=\"og:title\" content=\"Comment soumettre une demande de participation - CSC Canada - The Duke of Edinburgh&#039;s\" \/>\n<meta property=\"og:url\" content=\"https:\/\/csccanada.org\/fr\/comment-soumettre-une-demande-de-participation\/\" \/>\n<meta property=\"og:site_name\" content=\"CSC Canada - The Duke of Edinburgh&#039;s\" \/>\n<meta property=\"article:modified_time\" content=\"2022-09-20T00:03:05+00:00\" \/>\n<meta name=\"twitter:card\" content=\"summary_large_image\" \/>\n<meta name=\"twitter:label1\" content=\"Dur\u00e9e de lecture estim\u00e9e\" \/>\n\t<meta name=\"twitter:data1\" content=\"9 minutes\" \/>\n<script type=\"application\/ld+json\" class=\"yoast-schema-graph\">{\"@context\":\"https:\/\/schema.org\",\"@graph\":[{\"@type\":\"WebPage\",\"@id\":\"https:\/\/csccanada.org\/fr\/comment-soumettre-une-demande-de-participation\/\",\"url\":\"https:\/\/csccanada.org\/fr\/comment-soumettre-une-demande-de-participation\/\",\"name\":\"Comment soumettre une demande de participation - CSC Canada - The Duke of Edinburgh&#039;s\",\"isPartOf\":{\"@id\":\"https:\/\/csccanada.org\/#website\"},\"datePublished\":\"2021-06-28T14:45:16+00:00\",\"dateModified\":\"2022-09-20T00:03:05+00:00\",\"breadcrumb\":{\"@id\":\"https:\/\/csccanada.org\/fr\/comment-soumettre-une-demande-de-participation\/#breadcrumb\"},\"inLanguage\":\"fr-FR\",\"potentialAction\":[{\"@type\":\"ReadAction\",\"target\":[\"https:\/\/csccanada.org\/fr\/comment-soumettre-une-demande-de-participation\/\"]}]},{\"@type\":\"BreadcrumbList\",\"@id\":\"https:\/\/csccanada.org\/fr\/comment-soumettre-une-demande-de-participation\/#breadcrumb\",\"itemListElement\":[{\"@type\":\"ListItem\",\"position\":1,\"name\":\"Home\",\"item\":\"https:\/\/csccanada.org\/fr\/accueil-du-scc-2023\/\"},{\"@type\":\"ListItem\",\"position\":2,\"name\":\"Comment soumettre une demande de participation\"}]},{\"@type\":\"WebSite\",\"@id\":\"https:\/\/csccanada.org\/#website\",\"url\":\"https:\/\/csccanada.org\/\",\"name\":\"CSC Canada - The Duke of Edinburgh&#039;s\",\"description\":\"The Leadership Experience Of A Lifetime: Are You Ready For May 2022?\",\"potentialAction\":[{\"@type\":\"SearchAction\",\"target\":{\"@type\":\"EntryPoint\",\"urlTemplate\":\"https:\/\/csccanada.org\/?s={search_term_string}\"},\"query-input\":\"required name=search_term_string\"}],\"inLanguage\":\"fr-FR\"}]}<\/script>\n<!-- \/ Yoast SEO plugin. -->","yoast_head_json":{"title":"Comment soumettre une demande de participation - CSC Canada - The Duke of Edinburgh&#039;s","robots":{"index":"index","follow":"follow","max-snippet":"max-snippet:-1","max-image-preview":"max-image-preview:large","max-video-preview":"max-video-preview:-1"},"canonical":"https:\/\/csccanada.org\/fr\/comment-soumettre-une-demande-de-participation\/","og_locale":"fr_FR","og_type":"article","og_title":"Comment soumettre une demande de participation - CSC Canada - The Duke of Edinburgh&#039;s","og_url":"https:\/\/csccanada.org\/fr\/comment-soumettre-une-demande-de-participation\/","og_site_name":"CSC Canada - The Duke of Edinburgh&#039;s","article_modified_time":"2022-09-20T00:03:05+00:00","twitter_card":"summary_large_image","twitter_misc":{"Dur\u00e9e de lecture estim\u00e9e":"9 minutes"},"schema":{"@context":"https:\/\/schema.org","@graph":[{"@type":"WebPage","@id":"https:\/\/csccanada.org\/fr\/comment-soumettre-une-demande-de-participation\/","url":"https:\/\/csccanada.org\/fr\/comment-soumettre-une-demande-de-participation\/","name":"Comment soumettre une demande de participation - CSC Canada - The Duke of Edinburgh&#039;s","isPartOf":{"@id":"https:\/\/csccanada.org\/#website"},"datePublished":"2021-06-28T14:45:16+00:00","dateModified":"2022-09-20T00:03:05+00:00","breadcrumb":{"@id":"https:\/\/csccanada.org\/fr\/comment-soumettre-une-demande-de-participation\/#breadcrumb"},"inLanguage":"fr-FR","potentialAction":[{"@type":"ReadAction","target":["https:\/\/csccanada.org\/fr\/comment-soumettre-une-demande-de-participation\/"]}]},{"@type":"BreadcrumbList","@id":"https:\/\/csccanada.org\/fr\/comment-soumettre-une-demande-de-participation\/#breadcrumb","itemListElement":[{"@type":"ListItem","position":1,"name":"Home","item":"https:\/\/csccanada.org\/fr\/accueil-du-scc-2023\/"},{"@type":"ListItem","position":2,"name":"Comment soumettre une demande de participation"}]},{"@type":"WebSite","@id":"https:\/\/csccanada.org\/#website","url":"https:\/\/csccanada.org\/","name":"CSC Canada - The Duke of Edinburgh&#039;s","description":"The Leadership Experience Of A Lifetime: Are You Ready For May 2022?","potentialAction":[{"@type":"SearchAction","target":{"@type":"EntryPoint","urlTemplate":"https:\/\/csccanada.org\/?s={search_term_string}"},"query-input":"required name=search_term_string"}],"inLanguage":"fr-FR"}]}},"_links":{"self":[{"href":"https:\/\/csccanada.org\/fr\/wp-json\/wp\/v2\/pages\/8019","targetHints":{"allow":["GET"]}}],"collection":[{"href":"https:\/\/csccanada.org\/fr\/wp-json\/wp\/v2\/pages"}],"about":[{"href":"https:\/\/csccanada.org\/fr\/wp-json\/wp\/v2\/types\/page"}],"author":[{"embeddable":true,"href":"https:\/\/csccanada.org\/fr\/wp-json\/wp\/v2\/users\/5"}],"replies":[{"embeddable":true,"href":"https:\/\/csccanada.org\/fr\/wp-json\/wp\/v2\/comments?post=8019"}],"version-history":[{"count":14,"href":"https:\/\/csccanada.org\/fr\/wp-json\/wp\/v2\/pages\/8019\/revisions"}],"predecessor-version":[{"id":9537,"href":"https:\/\/csccanada.org\/fr\/wp-json\/wp\/v2\/pages\/8019\/revisions\/9537"}],"wp:attachment":[{"href":"https:\/\/csccanada.org\/fr\/wp-json\/wp\/v2\/media?parent=8019"}],"curies":[{"name":"wp","href":"https:\/\/api.w.org\/{rel}","templated":true}]}}