{"id":7522,"date":"2019-08-14T15:17:32","date_gmt":"2019-08-14T19:17:32","guid":{"rendered":"https:\/\/csccanada.org\/politique-de-confidentialite\/"},"modified":"2022-04-04T20:03:36","modified_gmt":"2022-04-05T00:03:36","slug":"politique-de-confidentialite","status":"publish","type":"page","link":"https:\/\/csccanada.org\/fr\/politique-de-confidentialite\/","title":{"rendered":"Politique de confidentialit\u00e9"},"content":{"rendered":"<p><div class=\"fusion-fullwidth fullwidth-box fusion-builder-row-1 nonhundred-percent-fullwidth non-hundred-percent-height-scrolling\" style=\"--awb-border-radius-top-left:0px;--awb-border-radius-top-right:0px;--awb-border-radius-bottom-right:0px;--awb-border-radius-bottom-left:0px;--awb-padding-top:50px;--awb-flex-wrap:wrap;\" ><div class=\"fusion-builder-row fusion-row\"><div class=\"fusion-layout-column fusion_builder_column fusion-builder-column-0 fusion_builder_column_1_3 1_3 fusion-one-third fusion-column-first\" style=\"--awb-bg-size:cover;--awb-margin-bottom:25px;width:33.333333333333%;width:calc(33.333333333333% - ( ( 25px ) * 0.33333333333333 ) );margin-right: 25px;\"><div class=\"fusion-column-wrapper fusion-column-has-shadow fusion-flex-column-wrapper-legacy\"><div class=\"fusion-image-element in-legacy-container\" style=\"--awb-caption-title-font-family:var(--h2_typography-font-family);--awb-caption-title-font-weight:var(--h2_typography-font-weight);--awb-caption-title-font-style:var(--h2_typography-font-style);--awb-caption-title-size:var(--h2_typography-font-size);--awb-caption-title-transform:var(--h2_typography-text-transform);--awb-caption-title-line-height:var(--h2_typography-line-height);--awb-caption-title-letter-spacing:var(--h2_typography-letter-spacing);\"><span class=\" fusion-imageframe imageframe-none imageframe-1 hover-type-none fusion-animated\" data-animationType=\"fadeIn\" data-animationDuration=\"0.5\" data-animationOffset=\"top-into-view\"><img decoding=\"async\" width=\"1200\" height=\"795\" title=\"csc-canada-slider-image-29\" src=\"https:\/\/csccanada.org\/wp-content\/uploads\/2019\/06\/csc-canada-slider-image-29.jpg\" data-orig-src=\"https:\/\/csccanada.org\/wp-content\/uploads\/2019\/06\/csc-canada-slider-image-29.jpg\" alt class=\"lazyload img-responsive wp-image-7347\" srcset=\"data:image\/svg+xml,%3Csvg%20xmlns%3D%27http%3A%2F%2Fwww.w3.org%2F2000%2Fsvg%27%20width%3D%271200%27%20height%3D%27795%27%20viewBox%3D%270%200%201200%20795%27%3E%3Crect%20width%3D%271200%27%20height%3D%27795%27%20fill-opacity%3D%220%22%2F%3E%3C%2Fsvg%3E\" data-srcset=\"https:\/\/csccanada.org\/wp-content\/uploads\/2019\/06\/csc-canada-slider-image-29-200x133.jpg 200w, https:\/\/csccanada.org\/wp-content\/uploads\/2019\/06\/csc-canada-slider-image-29-400x265.jpg 400w, https:\/\/csccanada.org\/wp-content\/uploads\/2019\/06\/csc-canada-slider-image-29-600x398.jpg 600w, https:\/\/csccanada.org\/wp-content\/uploads\/2019\/06\/csc-canada-slider-image-29-800x530.jpg 800w, https:\/\/csccanada.org\/wp-content\/uploads\/2019\/06\/csc-canada-slider-image-29.jpg 1200w\" data-sizes=\"auto\" data-orig-sizes=\"(max-width: 800px) 100vw, 400px\" \/><\/span><\/div><div class=\"fusion-sep-clear\"><\/div><div class=\"fusion-separator fusion-full-width-sep\" style=\"margin-left: auto;margin-right: auto;margin-top:15px;margin-bottom:10px;width:100%;\"><\/div><div class=\"fusion-sep-clear\"><\/div><div class=\"fusion-image-element in-legacy-container\" style=\"--awb-caption-title-font-family:var(--h2_typography-font-family);--awb-caption-title-font-weight:var(--h2_typography-font-weight);--awb-caption-title-font-style:var(--h2_typography-font-style);--awb-caption-title-size:var(--h2_typography-font-size);--awb-caption-title-transform:var(--h2_typography-text-transform);--awb-caption-title-line-height:var(--h2_typography-line-height);--awb-caption-title-letter-spacing:var(--h2_typography-letter-spacing);\"><span class=\" fusion-imageframe imageframe-none imageframe-2 hover-type-none fusion-animated\" data-animationType=\"fadeIn\" data-animationDuration=\"0.5\" data-animationOffset=\"top-into-view\"><img decoding=\"async\" width=\"950\" height=\"951\" title=\"csc-canada-princess-anne-2\" src=\"https:\/\/csccanada.org\/wp-content\/uploads\/2019\/06\/csc-canada-princess-anne-2.jpg\" data-orig-src=\"https:\/\/csccanada.org\/wp-content\/uploads\/2019\/06\/csc-canada-princess-anne-2.jpg\" alt class=\"lazyload img-responsive wp-image-7307\" srcset=\"data:image\/svg+xml,%3Csvg%20xmlns%3D%27http%3A%2F%2Fwww.w3.org%2F2000%2Fsvg%27%20width%3D%27950%27%20height%3D%27951%27%20viewBox%3D%270%200%20950%20951%27%3E%3Crect%20width%3D%27950%27%20height%3D%27951%27%20fill-opacity%3D%220%22%2F%3E%3C%2Fsvg%3E\" data-srcset=\"https:\/\/csccanada.org\/wp-content\/uploads\/2019\/06\/csc-canada-princess-anne-2-200x200.jpg 200w, https:\/\/csccanada.org\/wp-content\/uploads\/2019\/06\/csc-canada-princess-anne-2-400x400.jpg 400w, https:\/\/csccanada.org\/wp-content\/uploads\/2019\/06\/csc-canada-princess-anne-2-600x601.jpg 600w, https:\/\/csccanada.org\/wp-content\/uploads\/2019\/06\/csc-canada-princess-anne-2-800x801.jpg 800w, https:\/\/csccanada.org\/wp-content\/uploads\/2019\/06\/csc-canada-princess-anne-2.jpg 950w\" data-sizes=\"auto\" data-orig-sizes=\"(max-width: 800px) 100vw, 400px\" \/><\/span><\/div><div class=\"fusion-clearfix\"><\/div><\/div><\/div><div class=\"fusion-layout-column fusion_builder_column fusion-builder-column-1 fusion_builder_column_2_3 2_3 fusion-two-third fusion-column-last\" style=\"--awb-padding-top:0px;--awb-padding-right:0px;--awb-padding-bottom:0px;--awb-padding-left:20px;--awb-bg-size:cover;--awb-margin-bottom:0px;width:66.666666666667%;width:calc(66.666666666667% - ( ( 25px ) * 0.66666666666667 ) );\"><div class=\"fusion-column-wrapper fusion-column-has-shadow fusion-flex-column-wrapper-legacy\"><div class=\"fusion-text fusion-text-1\"><h2>Politique de confidentialit\u00e9 de Commonwealth Study Conference Canada<\/h2>\n<p>\u00c0 Commonwealth Study Conference Canada, accessible \u00e0 partir de https:\/\/csccanada.org, l&rsquo;une de nos principales priorit\u00e9s est la confidentialit\u00e9 de nos visiteurs. Ce document de politique de confidentialit\u00e9 contient des types d&rsquo;informations qui sont collect\u00e9es et enregistr\u00e9es par Commonwealth Study Conference Canada et comment nous les utilisons.<\/p>\n<p>Si vous avez des questions suppl\u00e9mentaires ou souhaitez plus d&rsquo;informations sur notre politique de confidentialit\u00e9, n&rsquo;h\u00e9sitez pas \u00e0 nous contacter ci-dessous.<\/p>\n<p><div class=\"fusion-alignleft\"><a class=\"fusion-button button-flat button-large button-custom fusion-button-default button-1 fusion-button-default-span contact-us-button\" style=\"--button_accent_color:#ffffff;--button_accent_hover_color:#ffffff;--button_border_hover_color:#ffffff;--button_border_width-top:0;--button_border_width-right:0;--button_border_width-bottom:0;--button_border_width-left:0;--button_gradient_top_color:#9a823a;--button_gradient_bottom_color:#9a823a;--button_gradient_top_color_hover:#493a60;--button_gradient_bottom_color_hover:#493a60;\" target=\"_self\" href=\"#\" data-toggle=\"modal\" data-target=\".fusion-modal.contact\"><span class=\"fusion-button-text\">Nous contacter<\/span><\/a><\/div><div class=\"fusion-sep-clear\"><\/div><div class=\"fusion-separator fusion-full-width-sep\" style=\"margin-left: auto;margin-right: auto;margin-top:10px;margin-bottom:15px;width:100%;\"><\/div><div class=\"fusion-sep-clear\"><\/div><\/p>\n<h2>R\u00e8glement g\u00e9n\u00e9ral sur la protection des donn\u00e9es (RGPD)<\/h2>\n<p>Nous sommes un contr\u00f4leur de donn\u00e9es de vos informations.<\/p>\n<p>La base juridique de la Commonwealth Study Conference Canada pour la collecte et l&rsquo;utilisation des informations personnelles d\u00e9crites dans la pr\u00e9sente politique de confidentialit\u00e9 d\u00e9pend des informations personnelles que nous collectons et du contexte sp\u00e9cifique dans lequel nous collectons les informations&nbsp;:<\/p>\n<ul>\n<li>Commonwealth Study Conference Canada doit ex\u00e9cuter un contrat avec vous<\/li>\n<li>Vous avez donn\u00e9 la permission \u00e0 Commonwealth Study Conference Canada de le faire<\/li>\n<li>Le traitement de vos informations personnelles est dans l&rsquo;int\u00e9r\u00eat l\u00e9gitime de la Commonwealth Study Conference Canada<\/li>\n<li>Conf\u00e9rence d&rsquo;\u00e9tude du Commonwealth Le Canada doit se conformer \u00e0 la loi<\/li>\n<\/ul>\n<p>Commonwealth Study Conference Canada ne conservera vos renseignements personnels que le temps n\u00e9cessaire aux fins \u00e9nonc\u00e9es dans la pr\u00e9sente politique de confidentialit\u00e9. Nous conserverons et utiliserons vos informations dans la mesure n\u00e9cessaire pour nous conformer \u00e0 nos obligations l\u00e9gales, r\u00e9soudre les litiges et appliquer nos politiques.<\/p>\n<p>Si vous r\u00e9sidez dans l&rsquo;Espace \u00e9conomique europ\u00e9en (EEE), vous disposez de certains droits en mati\u00e8re de protection des donn\u00e9es. Si vous souhaitez \u00eatre inform\u00e9 des informations personnelles que nous d\u00e9tenons \u00e0 votre sujet et si vous souhaitez qu&rsquo;elles soient supprim\u00e9es de nos syst\u00e8mes, veuillez nous contacter.<\/p>\n<p>Dans certaines circonstances, vous disposez des droits suivants en mati\u00e8re de protection des donn\u00e9es&nbsp;:<\/p>\n<ul>\n<li>Le droit d&rsquo;acc\u00e9der, de mettre \u00e0 jour ou de supprimer les informations que nous avons sur vous.<\/li>\n<li>Le droit de rectification.<\/li>\n<li>Le droit de s&rsquo;opposer.<\/li>\n<li>Le droit de restriction.<\/li>\n<li>Le droit \u00e0 la portabilit\u00e9 des donn\u00e9es<\/li>\n<li>Le droit de retirer son consentement<\/li>\n<\/ul>\n<div class=\"fusion-sep-clear\"><\/div><div class=\"fusion-separator fusion-full-width-sep\" style=\"margin-left: auto;margin-right: auto;margin-top:10px;margin-bottom:15px;width:100%;\"><\/div><div class=\"fusion-sep-clear\"><\/div>\n<h2>Fichiers journaux<\/h2>\n<p>Commonwealth Study Conference Canada suit une proc\u00e9dure standard d&rsquo;utilisation des fichiers journaux. Ces fichiers enregistrent les visiteurs lorsqu&rsquo;ils visitent des sites Web. Toutes les soci\u00e9t\u00e9s d&rsquo;h\u00e9bergement le font et font partie de l&rsquo;analyse des services d&rsquo;h\u00e9bergement. Les informations collect\u00e9es par les fichiers journaux incluent les adresses IP (protocole Internet), le type de navigateur, le fournisseur d&rsquo;acc\u00e8s Internet (FAI), l&rsquo;horodatage, les pages de renvoi\/sortie et \u00e9ventuellement le nombre de clics. Ceux-ci ne sont li\u00e9s \u00e0 aucune information personnellement identifiable. Le but de l&rsquo;information est d&rsquo;analyser les tendances, d&rsquo;administrer le site, de suivre le mouvement des utilisateurs sur le site Web et de recueillir des informations d\u00e9mographiques.<\/p>\n<div class=\"fusion-sep-clear\"><\/div><div class=\"fusion-separator fusion-full-width-sep\" style=\"margin-left: auto;margin-right: auto;margin-top:10px;margin-bottom:15px;width:100%;\"><\/div><div class=\"fusion-sep-clear\"><\/div>\n<h2>Cookies et balises Web<\/h2>\n<p>Comme tout autre site Web, Commonwealth Study Conference Canada utilise des \u00ab t\u00e9moins \u00bb. Ces cookies sont utilis\u00e9s pour stocker des informations, y compris les pr\u00e9f\u00e9rences des visiteurs et les pages du site Web auxquelles le visiteur a acc\u00e9d\u00e9 ou visit\u00e9. Les informations sont utilis\u00e9es pour optimiser l&rsquo;exp\u00e9rience des utilisateurs en personnalisant le contenu de notre page Web en fonction du type de navigateur des visiteurs et\/ou d&rsquo;autres informations.<\/p>\n<div class=\"fusion-sep-clear\"><\/div><div class=\"fusion-separator fusion-full-width-sep\" style=\"margin-left: auto;margin-right: auto;margin-top:10px;margin-bottom:15px;width:100%;\"><\/div><div class=\"fusion-sep-clear\"><\/div>\n<h2>Les politiques de confidentialit\u00e9<\/h2>\n<p>Vous pouvez consulter cette liste pour trouver la politique de confidentialit\u00e9 de chacun des partenaires publicitaires de Commonwealth Study Conference Canada.<\/p>\n<p>Les serveurs publicitaires ou r\u00e9seaux publicitaires tiers utilisent des technologies telles que les cookies, JavaScript ou les balises Web qui sont utilis\u00e9es dans leurs publicit\u00e9s et liens respectifs qui apparaissent sur Commonwealth Study Conference Canada, qui sont envoy\u00e9s directement au navigateur des utilisateurs. Ils re\u00e7oivent automatiquement votre adresse IP lorsque cela se produit. Ces technologies sont utilis\u00e9es pour mesurer l&rsquo;efficacit\u00e9 de leurs campagnes publicitaires et\/ou pour personnaliser le contenu publicitaire que vous voyez sur les sites Web que vous visitez.<\/p>\n<p>Notez que Commonwealth Study Conference Canada n&rsquo;a aucun acc\u00e8s ni aucun contr\u00f4le sur ces cookies qui sont utilis\u00e9s par des annonceurs tiers.<\/p>\n<div class=\"fusion-sep-clear\"><\/div><div class=\"fusion-separator fusion-full-width-sep\" style=\"margin-left: auto;margin-right: auto;margin-top:10px;margin-bottom:15px;width:100%;\"><\/div><div class=\"fusion-sep-clear\"><\/div>\n<h2>Politiques de confidentialit\u00e9 des tiers<\/h2>\n<p>La politique de confidentialit\u00e9 de Commonwealth Study Conference Canada ne s&rsquo;applique pas aux autres annonceurs ou sites Web. Ainsi, nous vous conseillons de consulter les politiques de confidentialit\u00e9 respectives de ces serveurs publicitaires tiers pour des informations plus d\u00e9taill\u00e9es. Il peut inclure leurs pratiques et instructions sur la fa\u00e7on de se retirer de certaines options. Vous pouvez trouver une liste compl\u00e8te de ces politiques de confidentialit\u00e9 et leurs liens ici : Liens vers la politique de confidentialit\u00e9.<\/p>\n<p>Vous pouvez choisir de d\u00e9sactiver les cookies via les options de votre navigateur. Pour conna\u00eetre des informations plus d\u00e9taill\u00e9es sur la gestion des cookies avec des navigateurs Web sp\u00e9cifiques, vous pouvez les trouver sur les sites Web respectifs des navigateurs. Que sont les cookies&nbsp;?<\/p>\n<div class=\"fusion-sep-clear\"><\/div><div class=\"fusion-separator fusion-full-width-sep\" style=\"margin-left: auto;margin-right: auto;margin-top:10px;margin-bottom:15px;width:100%;\"><\/div><div class=\"fusion-sep-clear\"><\/div>\n<h2>Informations sur les enfants<\/h2>\n<p>Une autre partie de notre priorit\u00e9 est d&rsquo;ajouter une protection pour les enfants lors de l&rsquo;utilisation d&rsquo;Internet. Nous encourageons les parents et les tuteurs \u00e0 observer, participer et\/ou surveiller et guider leur activit\u00e9 en ligne.<\/p>\n<p>Commonwealth Study Conference Canada ne recueille sciemment aucune information personnelle identifiable d&rsquo;enfants de moins de 13 ans. Si vous pensez que votre enfant a fourni ce type d&rsquo;informations sur notre site Web, nous vous encourageons fortement \u00e0 nous contacter imm\u00e9diatement et nous ferons de notre mieux pour supprimer rapidement ces informations de nos dossiers.<\/p>\n<div class=\"fusion-sep-clear\"><\/div><div class=\"fusion-separator fusion-full-width-sep\" style=\"margin-left: auto;margin-right: auto;margin-top:10px;margin-bottom:15px;width:100%;\"><\/div><div class=\"fusion-sep-clear\"><\/div>\n<h2>Politique de confidentialit\u00e9 en ligne uniquement<\/h2>\n<p>Notre politique de confidentialit\u00e9 s&rsquo;applique uniquement \u00e0 nos activit\u00e9s en ligne et est valable pour les visiteurs de notre site Web en ce qui concerne les informations qu&rsquo;ils ont partag\u00e9es et \/ ou collect\u00e9es dans Commonwealth Study Conference Canada. Cette politique ne s&rsquo;applique pas aux informations collect\u00e9es hors ligne ou via des canaux autres que ce site Web.<\/p>\n<div class=\"fusion-sep-clear\"><\/div><div class=\"fusion-separator fusion-full-width-sep\" style=\"margin-left: auto;margin-right: auto;margin-top:10px;margin-bottom:15px;width:100%;\"><\/div><div class=\"fusion-sep-clear\"><\/div>\n<h2>Consentement<\/h2>\n<p>En utilisant notre site Web, vous consentez par la pr\u00e9sente \u00e0 notre politique de confidentialit\u00e9 et acceptez ses conditions.<\/p>\n<\/div><div class=\"fusion-alignleft\"><a class=\"fusion-button button-flat button-large button-custom fusion-button-default button-2 fusion-button-default-span hide-element\" style=\"--button_accent_color:#9a823a;--button_accent_hover_color:#9a823a;--button_border_hover_color:#9a823a;--button_border_width-top:0;--button_border_width-right:0;--button_border_width-bottom:0;--button_border_width-left:0;--button_gradient_top_color:#9a823a;--button_gradient_bottom_color:#9a823a;--button_gradient_top_color_hover:#493a60;--button_gradient_bottom_color_hover:#493a60;\" target=\"_self\" href=\"#\" data-toggle=\"modal\" data-target=\".fusion-modal.contact\"><span class=\"fusion-button-text\">Nous contacter<\/span><\/a><\/div><div class=\"fusion-clearfix\"><\/div><\/div><\/div><\/div><\/div><div class=\"fusion-fullwidth fullwidth-box fusion-builder-row-2 nonhundred-percent-fullwidth non-hundred-percent-height-scrolling\" style=\"--awb-border-radius-top-left:0px;--awb-border-radius-top-right:0px;--awb-border-radius-bottom-right:0px;--awb-border-radius-bottom-left:0px;--awb-margin-top:50px;--awb-flex-wrap:wrap;\" ><div class=\"fusion-builder-row fusion-row\"><div class=\"fusion-layout-column fusion_builder_column fusion-builder-column-2 fusion_builder_column_1_1 1_1 fusion-one-full fusion-column-first fusion-column-last\" style=\"--awb-bg-size:cover;\"><div class=\"fusion-column-wrapper fusion-column-has-shadow fusion-flex-column-wrapper-legacy\"><div class=\"fusion-sep-clear\"><\/div><div class=\"fusion-separator fusion-full-width-sep\" style=\"margin-left: auto;margin-right: auto;width:100%;\"><div class=\"fusion-separator-border sep-single sep-solid\" style=\"--awb-height:20px;--awb-amount:20px;border-color:#e0dede;border-top-width:1px;\"><\/div><\/div><div class=\"fusion-sep-clear\"><\/div><div class=\"fusion-clearfix\"><\/div><\/div><\/div><\/div><\/div><div class=\"fusion-fullwidth fullwidth-box fusion-builder-row-3 nonhundred-percent-fullwidth non-hundred-percent-height-scrolling\" style=\"--awb-border-radius-top-left:0px;--awb-border-radius-top-right:0px;--awb-border-radius-bottom-right:0px;--awb-border-radius-bottom-left:0px;--awb-margin-top:50px;--awb-margin-bottom:50px;--awb-flex-wrap:wrap;\" ><div class=\"fusion-builder-row fusion-row\"><div class=\"fusion-layout-column fusion_builder_column fusion-builder-column-3 fusion_builder_column_1_1 1_1 fusion-one-full fusion-column-first fusion-column-last\" style=\"--awb-bg-size:cover;\"><div class=\"fusion-column-wrapper fusion-column-has-shadow fusion-flex-column-wrapper-legacy\"><div class=\"fusion-text fusion-text-2\"><div class=\"quote-box\">\n<p>\u00ab\u00a0L&rsquo;intention de cette conf\u00e9rence est d&rsquo;exposer les participants \u00e0 de nouvelles exp\u00e9riences, de nouveaux arguments et des perspectives diff\u00e9rentes, afin que la qualit\u00e9 et la pertinence de leurs d\u00e9cisions soient am\u00e9lior\u00e9es.\u00a0\u00bb<\/p>\n<p class=\"quote-text\">Le duc d&rsquo;\u00c9dimbourg<\/p>\n<\/div>\n<\/div><div class=\"fusion-clearfix\"><\/div><\/div><\/div><\/div><\/div><\/p>\n","protected":false},"excerpt":{"rendered":"","protected":false},"author":1,"featured_media":0,"parent":0,"menu_order":40,"comment_status":"closed","ping_status":"closed","template":"100-width.php","meta":{"inline_featured_image":false,"footnotes":""},"class_list":["post-7522","page","type-page","status-publish","hentry"],"yoast_head":"<!-- This site is optimized with the Yoast SEO plugin v21.6 - https:\/\/yoast.com\/wordpress\/plugins\/seo\/ -->\n<title>Politique de confidentialit\u00e9 - CSC Canada - The Duke of Edinburgh&#039;s<\/title>\n<meta name=\"robots\" content=\"index, follow, max-snippet:-1, max-image-preview:large, max-video-preview:-1\" \/>\n<link rel=\"canonical\" href=\"https:\/\/csccanada.org\/fr\/politique-de-confidentialite\/\" \/>\n<meta property=\"og:locale\" content=\"fr_FR\" \/>\n<meta property=\"og:type\" content=\"article\" \/>\n<meta property=\"og:title\" content=\"Politique de confidentialit\u00e9 - CSC Canada - The Duke of Edinburgh&#039;s\" \/>\n<meta property=\"og:url\" content=\"https:\/\/csccanada.org\/fr\/politique-de-confidentialite\/\" \/>\n<meta property=\"og:site_name\" content=\"CSC Canada - The Duke of Edinburgh&#039;s\" \/>\n<meta property=\"article:modified_time\" content=\"2022-04-05T00:03:36+00:00\" \/>\n<meta name=\"twitter:card\" content=\"summary_large_image\" \/>\n<meta name=\"twitter:label1\" content=\"Dur\u00e9e de lecture estim\u00e9e\" \/>\n\t<meta name=\"twitter:data1\" content=\"12 minutes\" \/>\n<script type=\"application\/ld+json\" class=\"yoast-schema-graph\">{\"@context\":\"https:\/\/schema.org\",\"@graph\":[{\"@type\":\"WebPage\",\"@id\":\"https:\/\/csccanada.org\/fr\/politique-de-confidentialite\/\",\"url\":\"https:\/\/csccanada.org\/fr\/politique-de-confidentialite\/\",\"name\":\"Politique de confidentialit\u00e9 - CSC Canada - The Duke of Edinburgh&#039;s\",\"isPartOf\":{\"@id\":\"https:\/\/csccanada.org\/#website\"},\"datePublished\":\"2019-08-14T19:17:32+00:00\",\"dateModified\":\"2022-04-05T00:03:36+00:00\",\"breadcrumb\":{\"@id\":\"https:\/\/csccanada.org\/fr\/politique-de-confidentialite\/#breadcrumb\"},\"inLanguage\":\"fr-FR\",\"potentialAction\":[{\"@type\":\"ReadAction\",\"target\":[\"https:\/\/csccanada.org\/fr\/politique-de-confidentialite\/\"]}]},{\"@type\":\"BreadcrumbList\",\"@id\":\"https:\/\/csccanada.org\/fr\/politique-de-confidentialite\/#breadcrumb\",\"itemListElement\":[{\"@type\":\"ListItem\",\"position\":1,\"name\":\"Home\",\"item\":\"https:\/\/csccanada.org\/fr\/accueil-du-scc-2023\/\"},{\"@type\":\"ListItem\",\"position\":2,\"name\":\"Politique de confidentialit\u00e9\"}]},{\"@type\":\"WebSite\",\"@id\":\"https:\/\/csccanada.org\/#website\",\"url\":\"https:\/\/csccanada.org\/\",\"name\":\"CSC Canada - The Duke of Edinburgh&#039;s\",\"description\":\"The Leadership Experience Of A Lifetime: Are You Ready For May 2022?\",\"potentialAction\":[{\"@type\":\"SearchAction\",\"target\":{\"@type\":\"EntryPoint\",\"urlTemplate\":\"https:\/\/csccanada.org\/?s={search_term_string}\"},\"query-input\":\"required name=search_term_string\"}],\"inLanguage\":\"fr-FR\"}]}<\/script>\n<!-- \/ Yoast SEO plugin. -->","yoast_head_json":{"title":"Politique de confidentialit\u00e9 - CSC Canada - The Duke of Edinburgh&#039;s","robots":{"index":"index","follow":"follow","max-snippet":"max-snippet:-1","max-image-preview":"max-image-preview:large","max-video-preview":"max-video-preview:-1"},"canonical":"https:\/\/csccanada.org\/fr\/politique-de-confidentialite\/","og_locale":"fr_FR","og_type":"article","og_title":"Politique de confidentialit\u00e9 - CSC Canada - The Duke of Edinburgh&#039;s","og_url":"https:\/\/csccanada.org\/fr\/politique-de-confidentialite\/","og_site_name":"CSC Canada - The Duke of Edinburgh&#039;s","article_modified_time":"2022-04-05T00:03:36+00:00","twitter_card":"summary_large_image","twitter_misc":{"Dur\u00e9e de lecture estim\u00e9e":"12 minutes"},"schema":{"@context":"https:\/\/schema.org","@graph":[{"@type":"WebPage","@id":"https:\/\/csccanada.org\/fr\/politique-de-confidentialite\/","url":"https:\/\/csccanada.org\/fr\/politique-de-confidentialite\/","name":"Politique de confidentialit\u00e9 - CSC Canada - The Duke of Edinburgh&#039;s","isPartOf":{"@id":"https:\/\/csccanada.org\/#website"},"datePublished":"2019-08-14T19:17:32+00:00","dateModified":"2022-04-05T00:03:36+00:00","breadcrumb":{"@id":"https:\/\/csccanada.org\/fr\/politique-de-confidentialite\/#breadcrumb"},"inLanguage":"fr-FR","potentialAction":[{"@type":"ReadAction","target":["https:\/\/csccanada.org\/fr\/politique-de-confidentialite\/"]}]},{"@type":"BreadcrumbList","@id":"https:\/\/csccanada.org\/fr\/politique-de-confidentialite\/#breadcrumb","itemListElement":[{"@type":"ListItem","position":1,"name":"Home","item":"https:\/\/csccanada.org\/fr\/accueil-du-scc-2023\/"},{"@type":"ListItem","position":2,"name":"Politique de confidentialit\u00e9"}]},{"@type":"WebSite","@id":"https:\/\/csccanada.org\/#website","url":"https:\/\/csccanada.org\/","name":"CSC Canada - The Duke of Edinburgh&#039;s","description":"The Leadership Experience Of A Lifetime: Are You Ready For May 2022?","potentialAction":[{"@type":"SearchAction","target":{"@type":"EntryPoint","urlTemplate":"https:\/\/csccanada.org\/?s={search_term_string}"},"query-input":"required name=search_term_string"}],"inLanguage":"fr-FR"}]}},"_links":{"self":[{"href":"https:\/\/csccanada.org\/fr\/wp-json\/wp\/v2\/pages\/7522","targetHints":{"allow":["GET"]}}],"collection":[{"href":"https:\/\/csccanada.org\/fr\/wp-json\/wp\/v2\/pages"}],"about":[{"href":"https:\/\/csccanada.org\/fr\/wp-json\/wp\/v2\/types\/page"}],"author":[{"embeddable":true,"href":"https:\/\/csccanada.org\/fr\/wp-json\/wp\/v2\/users\/1"}],"replies":[{"embeddable":true,"href":"https:\/\/csccanada.org\/fr\/wp-json\/wp\/v2\/comments?post=7522"}],"version-history":[{"count":2,"href":"https:\/\/csccanada.org\/fr\/wp-json\/wp\/v2\/pages\/7522\/revisions"}],"predecessor-version":[{"id":7524,"href":"https:\/\/csccanada.org\/fr\/wp-json\/wp\/v2\/pages\/7522\/revisions\/7524"}],"wp:attachment":[{"href":"https:\/\/csccanada.org\/fr\/wp-json\/wp\/v2\/media?parent=7522"}],"curies":[{"name":"wp","href":"https:\/\/api.w.org\/{rel}","templated":true}]}}